{"id":1171,"date":"2024-06-17T08:18:07","date_gmt":"2024-06-17T08:18:07","guid":{"rendered":"https:\/\/staging.notrevoute.com\/quienes-somos\/"},"modified":"2026-02-23T13:21:18","modified_gmt":"2026-02-23T13:21:18","slug":"quienes-somos","status":"publish","type":"page","link":"https:\/\/notrevoute.com\/es\/quienes-somos\/","title":{"rendered":"\u00bfQui\u00e9nes somos?"},"content":{"rendered":"\t\t<div data-elementor-type=\"wp-page\" data-elementor-id=\"1171\" class=\"elementor elementor-1171 elementor-559\">\n\t\t\t\t<div class=\"elementor-element elementor-element-69f0953 e-flex e-con-boxed e-con e-parent\" data-id=\"69f0953\" data-element_type=\"container\">\n\t\t\t\t\t<div class=\"e-con-inner\">\n\t\t\t\t<div class=\"elementor-element elementor-element-aa7ecf8 elementor-widget__width-initial invert_color_dark elementor-widget elementor-widget-image\" data-id=\"aa7ecf8\" data-element_type=\"widget\" data-widget_type=\"image.default\">\n\t\t\t\t<div class=\"elementor-widget-container\">\n\t\t\t\t\t\t\t\t\t\t\t\t\t\t\t<img decoding=\"async\" width=\"141\" height=\"44\" src=\"https:\/\/notrevoute.com\/wp-content\/uploads\/2024\/06\/logo_mono_light.svg\" class=\"attachment-large size-large wp-image-1173\" alt=\"\" \/>\t\t\t\t\t\t\t\t\t\t\t\t\t\t\t<\/div>\n\t\t\t\t<\/div>\n\t\t\t\t\t<\/div>\n\t\t\t\t<\/div>\n\t\t<div class=\"elementor-element elementor-element-6da5f11 e-flex e-con-boxed e-con e-parent\" data-id=\"6da5f11\" data-element_type=\"container\">\n\t\t\t\t\t<div class=\"e-con-inner\">\n\t\t\t\t<div class=\"elementor-element elementor-element-896fa4b elementor-widget__width-initial elementor-widget elementor-widget-text-editor\" data-id=\"896fa4b\" data-element_type=\"widget\" data-widget_type=\"text-editor.default\">\n\t\t\t\t<div class=\"elementor-widget-container\">\n\t\t\t\t\t\t\t\t\t<h2 data-start=\"371\" data-end=\"441\"><strong class=\"nv-slogan\" data-start=\"371\" data-end=\"441\">Donde el valor perdura<\/strong><\/h2><p data-start=\"443\" data-end=\"697\">Durante m\u00e1s de seis a\u00f1os, los metales preciosos han formado parte de nuestra propia manera de preservar el valor. Lo que comenz\u00f3 como un compromiso personal con mantener activos tangibles evolucion\u00f3 de forma natural hasta convertirse en NotreVoute, fundada hace tres a\u00f1os para compartir ese mismo enfoque con otras personas. <\/p><p data-start=\"699\" data-end=\"925\">Nos centramos en metales preciosos y piezas de colecci\u00f3n cuidadosamente seleccionados, guiados por la experiencia, la paciencia y una visi\u00f3n a largo plazo. Sin especulaci\u00f3n, sin atajos: solo activos elegidos con el mismo cuidado que aplicamos a nuestras propias tenencias. <\/p><p data-start=\"927\" data-end=\"1086\">En NotreVoute, la confianza se construye con el tiempo. Valoramos la claridad, la discreci\u00f3n y las relaciones duraderas con coleccionistas e inversores que piensan m\u00e1s all\u00e1 del corto plazo. <em><br><\/em><\/p><h4>Nuestra misi\u00f3n<\/h4><p data-start=\"342\" data-end=\"459\">En NotreVoute, nuestra misi\u00f3n es sencilla: ofrecer metales preciosos y monedas de colecci\u00f3n con cuidado, claridad y respeto.<\/p><p data-start=\"342\" data-end=\"459\"><span style=\"background-color: transparent; letter-spacing: 0.15px;\">Cada pedido se gestiona con atenci\u00f3n al detalle, independientemente de su tama\u00f1o. Nos centramos en hacer las cosas correctamente, dedicando el tiempo necesario para garantizar una experiencia fiable y transparente de principio a fin. <\/span><\/p>\t\t\t\t\t\t\t\t<\/div>\n\t\t\t\t<\/div>\n\t\t\t\t\t<\/div>\n\t\t\t\t<\/div>\n\t\t<div class=\"elementor-element elementor-element-fdca4af e-flex e-con-boxed e-con e-parent\" data-id=\"fdca4af\" data-element_type=\"container\">\n\t\t\t\t\t<div class=\"e-con-inner\">\n\t\t\t\t<div class=\"elementor-element elementor-element-7d5a58f elementor-widget elementor-widget-spacer\" data-id=\"7d5a58f\" data-element_type=\"widget\" data-widget_type=\"spacer.default\">\n\t\t\t\t<div class=\"elementor-widget-container\">\n\t\t\t\t\t\t\t<div class=\"elementor-spacer\">\n\t\t\t<div class=\"elementor-spacer-inner\"><\/div>\n\t\t<\/div>\n\t\t\t\t\t\t<\/div>\n\t\t\t\t<\/div>\n\t\t\t\t\t<\/div>\n\t\t\t\t<\/div>\n\t\t<div class=\"elementor-element elementor-element-0286009 e-flex e-con-boxed e-con e-parent\" data-id=\"0286009\" data-element_type=\"container\">\n\t\t\t\t\t<div class=\"e-con-inner\">\n\t\t<div class=\"elementor-element elementor-element-8c468c8 e-con-full e-flex e-con e-child\" data-id=\"8c468c8\" data-element_type=\"container\">\n\t\t\t\t<div class=\"elementor-element elementor-element-87155ce elementor-view-default elementor-widget elementor-widget-icon\" data-id=\"87155ce\" data-element_type=\"widget\" data-widget_type=\"icon.default\">\n\t\t\t\t<div class=\"elementor-widget-container\">\n\t\t\t\t\t\t\t<div class=\"elementor-icon-wrapper\">\n\t\t\t<div class=\"elementor-icon\">\n\t\t\t<svg xmlns=\"http:\/\/www.w3.org\/2000\/svg\" id=\"Layer_1\" data-name=\"Layer 1\" viewBox=\"0 0 24 24\"><path d=\"M11.98,23.973l-.626-.313c-2.194-1.097-9.354-5.191-9.354-11.8V5.135c0-1.079,.687-2.032,1.708-2.372h0L12,.014l8.287,2.748c1.025,.34,1.713,1.293,1.713,2.373v6.726c0,7.499-7.172,10.967-9.37,11.852l-.65,.261ZM4.023,3.712c-.612,.203-1.023,.775-1.023,1.422v6.725c0,6.036,6.736,9.874,8.801,10.906l.224,.112,.232-.093c2.051-.825,8.743-4.053,8.743-10.924V5.134c0-.647-.413-1.22-1.028-1.424L12,1.067,4.023,3.712Z\"><\/path><\/svg>\t\t\t<\/div>\n\t\t<\/div>\n\t\t\t\t\t\t<\/div>\n\t\t\t\t<\/div>\n\t\t\t\t<\/div>\n\t\t<div class=\"elementor-element elementor-element-4ed3381 e-con-full e-flex e-con e-child\" data-id=\"4ed3381\" data-element_type=\"container\">\n\t\t\t\t<div class=\"elementor-element elementor-element-d4815ca elementor-widget elementor-widget-text-editor\" data-id=\"d4815ca\" data-element_type=\"widget\" data-widget_type=\"text-editor.default\">\n\t\t\t\t<div class=\"elementor-widget-container\">\n\t\t\t\t\t\t\t\t\t<h4>Entrega segura y puntual<\/h4><p data-start=\"699\" data-end=\"771\">Sabemos lo importante que es que su pedido llegue de forma segura y a tiempo.<\/p><p data-start=\"773\" data-end=\"1002\">Por eso, cada env\u00edo se prepara cuidadosamente, se embala de forma segura y se rastrea por completo hasta la entrega. Desde el momento en que sale de nuestras instalaciones hasta que llega a su puerta, sus metales y monedas se manipulan con cuidado en cada paso. <\/p>\t\t\t\t\t\t\t\t<\/div>\n\t\t\t\t<\/div>\n\t\t\t\t<\/div>\n\t\t\t\t\t<\/div>\n\t\t\t\t<\/div>\n\t\t<div class=\"elementor-element elementor-element-d859150 e-flex e-con-boxed e-con e-parent\" data-id=\"d859150\" data-element_type=\"container\">\n\t\t\t\t\t<div class=\"e-con-inner\">\n\t\t\t\t<div class=\"elementor-element elementor-element-40ff287 elementor-widget elementor-widget-spacer\" data-id=\"40ff287\" data-element_type=\"widget\" data-widget_type=\"spacer.default\">\n\t\t\t\t<div class=\"elementor-widget-container\">\n\t\t\t\t\t\t\t<div class=\"elementor-spacer\">\n\t\t\t<div class=\"elementor-spacer-inner\"><\/div>\n\t\t<\/div>\n\t\t\t\t\t\t<\/div>\n\t\t\t\t<\/div>\n\t\t\t\t\t<\/div>\n\t\t\t\t<\/div>\n\t\t<div class=\"elementor-element elementor-element-cb6c75e e-flex e-con-boxed e-con e-parent\" data-id=\"cb6c75e\" data-element_type=\"container\">\n\t\t\t\t\t<div class=\"e-con-inner\">\n\t\t<div class=\"elementor-element elementor-element-d8c4b2e e-con-full e-flex e-con e-child\" data-id=\"d8c4b2e\" data-element_type=\"container\">\n\t\t\t\t<div class=\"elementor-element elementor-element-ecee771 elementor-view-default elementor-widget elementor-widget-icon\" data-id=\"ecee771\" data-element_type=\"widget\" data-widget_type=\"icon.default\">\n\t\t\t\t<div class=\"elementor-widget-container\">\n\t\t\t\t\t\t\t<div class=\"elementor-icon-wrapper\">\n\t\t\t<div class=\"elementor-icon\">\n\t\t\t<svg xmlns=\"http:\/\/www.w3.org\/2000\/svg\" id=\"Layer_1\" viewBox=\"0 0 24 24\" data-name=\"Layer 1\"><path d=\"m2.5 23c-.827 0-1.5-.673-1.5-1.5v-12.5h17v1c.339 0 .672.028 1 .069v-2.069h-3v-1.5c0-3.584-2.916-6.5-6.5-6.5s-6.5 2.916-6.5 6.5v1.5h-3v13.5c0 1.378 1.121 2.5 2.5 2.5h10.221c-.348-.306-.67-.639-.96-1zm1.5-16.5c0-3.033 2.468-5.5 5.5-5.5s5.5 2.467 5.5 5.5v1.5h-11zm14 5.5c-3.309 0-6 2.691-6 6s2.691 6 6 6 6-2.691 6-6-2.691-6-6-6zm-2 10.576v-1.576c0-.551.448-1 1-1h2c.552 0 1 .449 1 1v1.576c-.614.269-1.288.424-2 .424s-1.386-.154-2-.424zm5-.602v-.974c0-1.103-.897-2-2-2h-2c-1.103 0-2 .897-2 2v.974c-1.207-.914-2-2.348-2-3.974 0-2.757 2.243-5 5-5s5 2.243 5 5c0 1.627-.793 3.061-2 3.974zm-3-7.974c-1.103 0-2 .897-2 2s.897 2 2 2 2-.897 2-2-.897-2-2-2zm0 3c-.552 0-1-.449-1-1s.448-1 1-1 1 .449 1 1-.448 1-1 1zm-9 1v-4h1v4z\"><\/path><\/svg>\t\t\t<\/div>\n\t\t<\/div>\n\t\t\t\t\t\t<\/div>\n\t\t\t\t<\/div>\n\t\t\t\t<\/div>\n\t\t<div class=\"elementor-element elementor-element-ee2ba8f e-con-full e-flex e-con e-child\" data-id=\"ee2ba8f\" data-element_type=\"container\">\n\t\t\t\t<div class=\"elementor-element elementor-element-425898c elementor-widget elementor-widget-text-editor\" data-id=\"425898c\" data-element_type=\"widget\" data-widget_type=\"text-editor.default\">\n\t\t\t\t<div class=\"elementor-widget-container\">\n\t\t\t\t\t\t\t\t\t<h4>Privacidad del cliente<\/h4><p data-start=\"1028\" data-end=\"1088\">Proteger la privacidad de nuestros clientes es una prioridad en NotreVoute.<\/p><p data-start=\"1090\" data-end=\"1283\">Toda la informaci\u00f3n personal se trata con discreci\u00f3n y se utiliza \u00fanicamente cuando es estrictamente necesario para tramitar su pedido. Aplicamos pr\u00e1cticas seguras para garantizar que sus datos permanezcan confidenciales en todo momento. <\/p>\t\t\t\t\t\t\t\t<\/div>\n\t\t\t\t<\/div>\n\t\t\t\t<\/div>\n\t\t\t\t\t<\/div>\n\t\t\t\t<\/div>\n\t\t<div class=\"elementor-element elementor-element-9be574b e-flex e-con-boxed e-con e-parent\" data-id=\"9be574b\" data-element_type=\"container\">\n\t\t\t\t\t<div class=\"e-con-inner\">\n\t\t\t\t<div class=\"elementor-element elementor-element-f16e946 elementor-widget elementor-widget-spacer\" data-id=\"f16e946\" data-element_type=\"widget\" data-widget_type=\"spacer.default\">\n\t\t\t\t<div class=\"elementor-widget-container\">\n\t\t\t\t\t\t\t<div class=\"elementor-spacer\">\n\t\t\t<div class=\"elementor-spacer-inner\"><\/div>\n\t\t<\/div>\n\t\t\t\t\t\t<\/div>\n\t\t\t\t<\/div>\n\t\t\t\t\t<\/div>\n\t\t\t\t<\/div>\n\t\t<div class=\"elementor-element elementor-element-ec92a8e e-flex e-con-boxed e-con e-parent\" data-id=\"ec92a8e\" data-element_type=\"container\">\n\t\t\t\t\t<div class=\"e-con-inner\">\n\t\t<div class=\"elementor-element elementor-element-5afd256 e-con-full e-flex e-con e-child\" data-id=\"5afd256\" data-element_type=\"container\">\n\t\t\t\t<div class=\"elementor-element elementor-element-914f13b elementor-view-default elementor-widget elementor-widget-icon\" data-id=\"914f13b\" data-element_type=\"widget\" data-widget_type=\"icon.default\">\n\t\t\t\t<div class=\"elementor-widget-container\">\n\t\t\t\t\t\t\t<div class=\"elementor-icon-wrapper\">\n\t\t\t<div class=\"elementor-icon\">\n\t\t\t<svg xmlns=\"http:\/\/www.w3.org\/2000\/svg\" id=\"Layer_1\" data-name=\"Layer 1\" viewBox=\"0 0 24 24\"><path d=\"m24,5.5v11c0,.276-.224.5-.5.5s-.5-.224-.5-.5V5.5c0-.44-.192-.857-.528-1.143-.341-.291-.775-.41-1.228-.336-.709.115-1.244.797-1.244,1.586v4.893c0,.276-.224.5-.5.5s-.5-.224-.5-.5V3.5c0-.827-.673-1.5-1.5-1.5s-1.5.673-1.5,1.5v7c0,.276-.224.5-.5.5s-.5-.224-.5-.5V2.5c0-.827-.673-1.5-1.5-1.5s-1.5.673-1.5,1.5v8c0,.276-.224.5-.5.5s-.5-.224-.5-.5v-5.893c0-.789-.535-1.471-1.245-1.586-.449-.072-.885.046-1.227.336-.336.286-.529.703-.529,1.143v12c0,.199-.118.379-.301.458-.182.079-.394.043-.541-.093l-2.637-2.462c-.603-.563-1.552-.532-2.116.071-.565.604-.534,1.557.07,2.123l4.462,4.302c1.405,1.354,3.254,2.101,5.206,2.101h4.357c.276,0,.5.224.5.5s-.224.5-.5.5h-4.357c-2.212,0-4.307-.846-5.9-2.381l-4.457-4.297c-1-.938-1.052-2.523-.111-3.53.455-.487,1.073-.768,1.74-.791.647-.021,1.301.216,1.789.671l1.796,1.676V4.5c0-.734.321-1.429.881-1.905.561-.476,1.304-.678,2.035-.562.405.066.771.244,1.084.492v-.026c0-1.378,1.122-2.5,2.5-2.5,1.077,0,1.989.688,2.34,1.645.443-.396,1.021-.645,1.66-.645,1.379,0,2.5,1.122,2.5,2.5v.025c.313-.248.679-.426,1.084-.492.731-.118,1.476.085,2.035.562.56.476.881,1.17.881,1.905Zm-7,9.455c0-.229-.156-.43-.379-.485l-1.709-.427-.427-1.709c-.111-.445-.859-.445-.971,0l-.425,1.702-1.702.394c-.224.052-.384.249-.388.479s.148.432.37.491l1.716.462.429,1.715c.056.223.256.379.485.379s.43-.156.485-.379l.427-1.709,1.709-.427c.223-.056.379-.256.379-.485Zm7,5.045c0,.205-.124.388-.314.464l-2.301.92-.921,2.301c-.075.19-.26.314-.464.314s-.389-.125-.464-.314l-.923-2.306-2.308-.972c-.188-.08-.31-.266-.306-.47s.132-.386.323-.458l2.294-.868.919-2.296c.15-.38.777-.38.928,0l.921,2.301,2.301.92c.19.076.314.26.314.464Zm-1.847,0l-1.339-.536c-.127-.051-.228-.151-.278-.279l-.536-1.339-.536,1.339c-.052.13-.156.232-.287.282l-1.33.503,1.348.568c.123.052.221.151.27.275l.536,1.339.536-1.339c.051-.127.151-.228.278-.279l1.339-.536ZM2.026,8.658c.068.204.259.342.474.342s.406-.138.474-.342l.421-1.263,1.263-.421c.204-.068.342-.259.342-.474s-.138-.406-.342-.474l-1.263-.421-.421-1.263c-.136-.408-.812-.408-.948,0l-.419,1.257-1.256.393c-.205.064-.347.252-.351.468s.13.409.333.48l1.27.449.423,1.269Z\"><\/path><\/svg>\t\t\t<\/div>\n\t\t<\/div>\n\t\t\t\t\t\t<\/div>\n\t\t\t\t<\/div>\n\t\t\t\t<\/div>\n\t\t<div class=\"elementor-element elementor-element-6f6b66a e-con-full e-flex e-con e-child\" data-id=\"6f6b66a\" data-element_type=\"container\">\n\t\t\t\t<div class=\"elementor-element elementor-element-4c26c68 elementor-widget elementor-widget-text-editor\" data-id=\"4c26c68\" data-element_type=\"widget\" data-widget_type=\"text-editor.default\">\n\t\t\t\t<div class=\"elementor-widget-container\">\n\t\t\t\t\t\t\t\t\t<h4>Gesti\u00f3n profesional de metales<\/h4><p data-start=\"1326\" data-end=\"1380\">Los metales preciosos requieren una manipulaci\u00f3n adecuada y atenci\u00f3n.<\/p><p data-start=\"1382\" data-end=\"1583\">Cada pieza se almacena, se prepara y se inspecciona cuidadosamente antes del env\u00edo. Tratamos cada metal y moneda con el mismo respeto que damos a nuestras propias tenencias, garantizando que le lleguen en excelentes condiciones y tal como se espera. <\/p>\t\t\t\t\t\t\t\t<\/div>\n\t\t\t\t<\/div>\n\t\t\t\t<\/div>\n\t\t\t\t\t<\/div>\n\t\t\t\t<\/div>\n\t\t<div class=\"elementor-element elementor-element-3137cb1 e-flex e-con-boxed e-con e-parent\" data-id=\"3137cb1\" data-element_type=\"container\">\n\t\t\t\t\t<div class=\"e-con-inner\">\n\t\t\t\t<div class=\"elementor-element elementor-element-8720c48 elementor-widget elementor-widget-spacer\" data-id=\"8720c48\" data-element_type=\"widget\" data-widget_type=\"spacer.default\">\n\t\t\t\t<div class=\"elementor-widget-container\">\n\t\t\t\t\t\t\t<div class=\"elementor-spacer\">\n\t\t\t<div class=\"elementor-spacer-inner\"><\/div>\n\t\t<\/div>\n\t\t\t\t\t\t<\/div>\n\t\t\t\t<\/div>\n\t\t\t\t\t<\/div>\n\t\t\t\t<\/div>\n\t\t<div class=\"elementor-element elementor-element-37be850 e-flex e-con-boxed e-con e-parent\" data-id=\"37be850\" data-element_type=\"container\">\n\t\t\t\t\t<div class=\"e-con-inner\">\n\t\t<div class=\"elementor-element elementor-element-2012651 e-con-full e-flex e-con e-child\" data-id=\"2012651\" data-element_type=\"container\">\n\t\t\t\t<div class=\"elementor-element elementor-element-f826468 elementor-widget__width-inherit elementor-widget-mobile__width-auto elementor-view-default elementor-widget elementor-widget-icon\" data-id=\"f826468\" data-element_type=\"widget\" data-widget_type=\"icon.default\">\n\t\t\t\t<div class=\"elementor-widget-container\">\n\t\t\t\t\t\t\t<div class=\"elementor-icon-wrapper\">\n\t\t\t<div class=\"elementor-icon\">\n\t\t\t<svg xmlns=\"http:\/\/www.w3.org\/2000\/svg\" id=\"Layer_1\" data-name=\"Layer 1\" viewBox=\"0 0 24 24\" width=\"512\" height=\"512\"><path d=\"M23.964,12.314l-.003-.006-.002-.005-3.493-8.732c-.382-.955-1.293-1.572-2.321-1.572h-5.646V.5c0-.276-.224-.5-.5-.5s-.5,.224-.5,.5v1.5H5.854c-1.028,0-1.939,.617-2.321,1.572L.041,12.303l-.002,.005-.003,.006c-.024,.059-.036,1.101-.036,1.101,0,2.197,1.457,4.041,3.543,4.484,.314,.067,.634,.101,.95,.101h.008c2.48-.004,4.499-2.023,4.499-4.5,0,0-.012-1.126-.036-1.186l-.003-.006-.002-.005L5.283,3.112c.177-.073,.37-.112,.571-.112h5.646V23H4.5c-.276,0-.5,.224-.5,.5s.224,.5,.5,.5h15c.276,0,.5-.224,.5-.5s-.224-.5-.5-.5h-7V3h5.646c.201,0,.395,.039,.571,.112l-3.676,9.191-.002,.005-.003,.006c-.024,.059-.036,1.186-.036,1.186,0,2.477,2.019,4.496,4.499,4.5h.008c.316,0,.636-.034,.949-.101,2.087-.444,3.544-2.288,3.544-4.484,0,0-.012-1.042-.036-1.101ZM4.499,17c-.283,.016-.5-.026-.748-.079-1.619-.344-2.751-1.786-2.751-3.506v-.415h7v.5c0,1.926-1.57,3.497-3.501,3.5Zm3.263-5H1.238S4.487,3.881,4.502,3.851l3.26,8.149ZM19.498,3.851c.015,.03,3.263,8.149,3.263,8.149h-6.523l3.26-8.149Zm.75,13.07c-.247,.053-.466,.097-.747,.079-1.931-.003-3.501-1.574-3.501-3.5v-.5h7v.415c0,1.72-1.132,3.162-2.752,3.506Z\"><\/path><\/svg>\t\t\t<\/div>\n\t\t<\/div>\n\t\t\t\t\t\t<\/div>\n\t\t\t\t<\/div>\n\t\t\t\t<\/div>\n\t\t<div class=\"elementor-element elementor-element-feb5fea e-con-full e-flex e-con e-child\" data-id=\"feb5fea\" data-element_type=\"container\">\n\t\t\t\t<div class=\"elementor-element elementor-element-53deb73 elementor-widget elementor-widget-text-editor\" data-id=\"53deb73\" data-element_type=\"widget\" data-widget_type=\"text-editor.default\">\n\t\t\t\t<div class=\"elementor-widget-container\">\n\t\t\t\t\t\t\t\t\t<h4>Precios alineados con el mercado<\/h4><p data-start=\"1617\" data-end=\"1661\">Nuestros precios reflejan las condiciones reales del mercado.<\/p><p data-start=\"1663\" data-end=\"1919\">Nuestro objetivo es ofrecer precios justos y transparentes basados en los valores actuales, sin m\u00e1rgenes innecesarios. Este enfoque nos permite proporcionar metales y monedas de calidad a precios coherentes, tanto si compra una sola pieza como si va construyendo gradualmente una posici\u00f3n a largo plazo. <\/p>\t\t\t\t\t\t\t\t<\/div>\n\t\t\t\t<\/div>\n\t\t\t\t<\/div>\n\t\t\t\t\t<\/div>\n\t\t\t\t<\/div>\n\t\t\t\t<\/div>\n\t\t","protected":false},"excerpt":{"rendered":"<p>Donde el valor perdura Durante m\u00e1s de seis a\u00f1os, los metales preciosos han formado parte de nuestra propia manera de preservar el valor. Lo que comenz\u00f3 como un compromiso personal con mantener activos tangibles evolucion\u00f3 de forma natural hasta convertirse en NotreVoute, fundada hace tres a\u00f1os para compartir ese mismo enfoque con otras personas. Nos&#8230;<\/p>\n","protected":false},"author":1,"featured_media":0,"parent":0,"menu_order":0,"comment_status":"closed","ping_status":"closed","template":"","meta":{"_bst_post_transparent":"","_bst_post_title":"","_bst_post_layout":"","_bst_post_sidebar_id":"","_bst_post_content_style":"","_bst_post_vertical_padding":"","_bst_post_feature":"","_bst_post_feature_position":"","_bst_post_header":false,"_bst_post_footer":false,"footnotes":""},"class_list":["post-1171","page","type-page","status-publish","hentry"],"_links":{"self":[{"href":"https:\/\/notrevoute.com\/es\/wp-json\/wp\/v2\/pages\/1171","targetHints":{"allow":["GET"]}}],"collection":[{"href":"https:\/\/notrevoute.com\/es\/wp-json\/wp\/v2\/pages"}],"about":[{"href":"https:\/\/notrevoute.com\/es\/wp-json\/wp\/v2\/types\/page"}],"author":[{"embeddable":true,"href":"https:\/\/notrevoute.com\/es\/wp-json\/wp\/v2\/users\/1"}],"replies":[{"embeddable":true,"href":"https:\/\/notrevoute.com\/es\/wp-json\/wp\/v2\/comments?post=1171"}],"version-history":[{"count":4,"href":"https:\/\/notrevoute.com\/es\/wp-json\/wp\/v2\/pages\/1171\/revisions"}],"predecessor-version":[{"id":3308,"href":"https:\/\/notrevoute.com\/es\/wp-json\/wp\/v2\/pages\/1171\/revisions\/3308"}],"wp:attachment":[{"href":"https:\/\/notrevoute.com\/es\/wp-json\/wp\/v2\/media?parent=1171"}],"curies":[{"name":"wp","href":"https:\/\/api.w.org\/{rel}","templated":true}]}}