{"id":1175,"date":"2024-06-18T07:48:50","date_gmt":"2024-06-18T07:48:50","guid":{"rendered":"https:\/\/staging.notrevoute.com\/politica-de-devoluciones-y-reembolsos\/"},"modified":"2025-12-28T11:37:31","modified_gmt":"2025-12-28T11:37:31","slug":"politica-de-devoluciones-y-reembolsos","status":"publish","type":"page","link":"https:\/\/notrevoute.com\/es\/politica-de-devoluciones-y-reembolsos\/","title":{"rendered":"Pol\u00edtica de devoluciones y reembolsos"},"content":{"rendered":"\n<h4 class=\"wp-block-heading\">Pol\u00edtica de cancelaci\u00f3n<\/h4>\n\n<p>Debido a las regulaciones actuales con respecto a la compra y venta de metales de inversi\u00f3n, no aceptamos cancelaciones ni devoluciones de productos de oro y plata. Esta pol\u00edtica cumple con las siguientes regulaciones:<\/p>\n\n<ul class=\"wp-block-list\">\n<li><strong>Directiva 2011\/83\/UE del Parlamento Europeo y del Consejo, de 25 de octubre de 2011, sobre los derechos de los consumidores, en particular el art\u00edculo 16 (b)<\/strong>, que establece excepciones al derecho de desistimiento para el suministro de bienes cuyo precio dependa de fluctuaciones del mercado financiero que el empresario no pueda controlar.<\/li>\n\n\n\n<li><strong>Ley 7\/1998, de 13 de abril, sobre condiciones generales de la contrataci\u00f3n y Real Decreto Legislativo 1\/2007, de 16 de noviembre<\/strong>, por el que se aprueba el texto refundido de la Ley General para la Defensa de los Consumidores y Usuarios y otras leyes complementarias, en particular el art\u00edculo 103, que incluye excepciones al derecho de desistimiento.<\/li>\n<\/ul>\n\n<p>Estas regulaciones eximen el derecho de desistimiento para los contratos relacionados con el suministro de bienes cuyo precio est\u00e9 sujeto a fluctuaciones en el mercado financiero que el empresario no pueda controlar, como es el caso del oro y la plata.<\/p>\n\n<p>Sin embargo, la empresa puede aceptar cancelaciones si lo considera apropiado. En tales casos, se aplicar\u00e1 un cargo del 15% del valor del pedido en concepto de gastos administrativos, adem\u00e1s de la diferencia en la fluctuaci\u00f3n del activo desde la fecha de compra hasta la fecha de cancelaci\u00f3n. El cliente no se beneficiar\u00e1 de las fluctuaciones del mercado en ning\u00fan caso.<\/p>\n\n<p>El impago del pedido en los 3 d\u00edas siguientes a la realizaci\u00f3n del mismo dar\u00e1 lugar a la cancelaci\u00f3n autom\u00e1tica del pedido bajo estas mismas condiciones. Adem\u00e1s, es posible que el cliente no pueda realizar compras en nuestra tienda en el futuro.<\/p>\n\n<p>Por lo tanto, todas las ventas de productos de oro y plata en nuestro sitio web son definitivas, salvo las excepciones mencionadas.<br\/><\/p>\n\n<h4 class=\"wp-block-heading\">Pol\u00edtica de devoluciones<\/h4>\n\n<p>Las monedas y\/o lingotes de plata pueden presentar, y de hecho a menudo presentan, defectos como manchas de leche o alg\u00fan tipo de marca. Estos defectos de fabricaci\u00f3n y acu\u00f1aci\u00f3n no se consideran motivo de devoluci\u00f3n.<\/p>\n\n<p>Solo se aceptar\u00e1n devoluciones cuando la empresa haya enviado un producto diferente al que el cliente solicit\u00f3. En este caso, la empresa cubrir\u00e1 todos los gastos de recogida en la direcci\u00f3n donde se entreg\u00f3 el pedido inicial, as\u00ed como el nuevo coste de env\u00edo. El producto debe estar en perfectas condiciones, en su embalaje original y con sus certificados, si los hubiera. Si el producto no se encuentra en estas condiciones, la empresa se reserva el derecho de devolver la pieza incorrecta al cliente y no reembolsar el importe.<\/p>\n\n<p>Si la empresa sospecha de un intento de fraude o comportamiento malicioso por parte del cliente, como intentar devolver una moneda falsificada, los fondos ser\u00e1n retenidos y el producto no ser\u00e1 enviado. Nos reservamos el derecho a emprender las acciones legales oportunas en caso de detectar intentos de fraude.<\/p>\n","protected":false},"excerpt":{"rendered":"<p>Pol\u00edtica de cancelaci\u00f3n Debido a las regulaciones actuales con respecto a la compra y venta de metales de inversi\u00f3n, no aceptamos cancelaciones ni devoluciones de productos de oro y plata. Esta pol\u00edtica cumple con las siguientes regulaciones: Estas regulaciones eximen el derecho de desistimiento para los contratos relacionados con el suministro de bienes cuyo precio&#8230;<\/p>\n","protected":false},"author":1,"featured_media":0,"parent":0,"menu_order":0,"comment_status":"closed","ping_status":"closed","template":"","meta":{"_bst_post_transparent":"","_bst_post_title":"","_bst_post_layout":"","_bst_post_sidebar_id":"","_bst_post_content_style":"","_bst_post_vertical_padding":"","_bst_post_feature":"","_bst_post_feature_position":"","_bst_post_header":false,"_bst_post_footer":false,"footnotes":""},"class_list":["post-1175","page","type-page","status-publish","hentry"],"_links":{"self":[{"href":"https:\/\/notrevoute.com\/es\/wp-json\/wp\/v2\/pages\/1175","targetHints":{"allow":["GET"]}}],"collection":[{"href":"https:\/\/notrevoute.com\/es\/wp-json\/wp\/v2\/pages"}],"about":[{"href":"https:\/\/notrevoute.com\/es\/wp-json\/wp\/v2\/types\/page"}],"author":[{"embeddable":true,"href":"https:\/\/notrevoute.com\/es\/wp-json\/wp\/v2\/users\/1"}],"replies":[{"embeddable":true,"href":"https:\/\/notrevoute.com\/es\/wp-json\/wp\/v2\/comments?post=1175"}],"version-history":[{"count":1,"href":"https:\/\/notrevoute.com\/es\/wp-json\/wp\/v2\/pages\/1175\/revisions"}],"predecessor-version":[{"id":1176,"href":"https:\/\/notrevoute.com\/es\/wp-json\/wp\/v2\/pages\/1175\/revisions\/1176"}],"wp:attachment":[{"href":"https:\/\/notrevoute.com\/es\/wp-json\/wp\/v2\/media?parent=1175"}],"curies":[{"name":"wp","href":"https:\/\/api.w.org\/{rel}","templated":true}]}}