{"id":1177,"date":"2024-06-18T08:03:31","date_gmt":"2024-06-18T08:03:31","guid":{"rendered":"https:\/\/staging.notrevoute.com\/envio\/"},"modified":"2026-02-23T13:21:28","modified_gmt":"2026-02-23T13:21:28","slug":"envio","status":"publish","type":"page","link":"https:\/\/notrevoute.com\/es\/envio\/","title":{"rendered":"Env\u00edo"},"content":{"rendered":"\t\t<div data-elementor-type=\"wp-page\" data-elementor-id=\"1177\" class=\"elementor elementor-1177 elementor-583\">\n\t\t\t\t<div class=\"elementor-element elementor-element-62e4c23b e-flex e-con-boxed e-con e-parent\" data-id=\"62e4c23b\" data-element_type=\"container\">\n\t\t\t\t\t<div class=\"e-con-inner\">\n\t\t\t\t<div class=\"elementor-element elementor-element-3f7f5f9c elementor-widget elementor-widget-text-editor\" data-id=\"3f7f5f9c\" data-element_type=\"widget\" data-widget_type=\"text-editor.default\">\n\t\t\t\t<div class=\"elementor-widget-container\">\n\t\t\t\t\t\t\t\t\t<p>Todos los pedidos se enviar\u00e1n a trav\u00e9s de la Sociedad Estatal Correos y Tel\u00e9grafos S.A. S.M.E. El seguro de env\u00edo es opcional y puede contratarse a petici\u00f3n del cliente. <\/p>\n<p>Realizamos env\u00edos a los siguientes pa\u00edses de la Uni\u00f3n Europea: <strong>Espa\u00f1a (excepto Ceuta, Melilla y las Islas Canarias), Alemania, Austria, B\u00e9lgica, Bulgaria, Chipre, Croacia, Dinamarca, Eslovaquia, Eslovenia, Estonia, Finlandia, Francia, Grecia, Hungr\u00eda, Irlanda, Italia, Letonia, Lituania, Luxemburgo, Pa\u00edses Bajos, Polonia, Portugal, Rep\u00fablica Checa, Ruman\u00eda, Suecia<\/strong>.<\/p>\n<p>No realizamos env\u00edos a \u00e1reas de los pa\u00edses antes mencionados con condiciones aduaneras especiales y\/o donde se requiera despacho de aduana. Cualquier compra con una direcci\u00f3n de entrega en estas \u00e1reas o en pa\u00edses no enumerados anteriormente ser\u00e1 rechazada y el importe ser\u00e1 reembolsado. <\/p>\n<p>Los gastos de env\u00edo se desglosan en funci\u00f3n del destino y el peso del paquete. A continuaci\u00f3n, se muestra una tabla detallada con los gastos de env\u00edo tanto para Espa\u00f1a como para otros pa\u00edses europeos: <\/p>\n<p><strong>Env\u00edos a Espa\u00f1a<\/strong><\/p>\n<p class=\"wp-block-code\"><code>0 to 5 kg: \u20ac10.00<br\/><\/code><\/p>\n<p><em>* Kg adicional (a partir de 5 kg): 1,50 \u20ac<\/em><\/p>\n<p><strong>Env\u00edos a Europa<\/strong><\/p>\n<p class=\"wp-block-code\"><code>0 to 5 kg: \u20ac50.00<\/code><\/p>\n<p><em>Kg adicional (a partir de 15 kg): 3,50 \u20ac<\/em><\/p>\n<p><strong style=\"background-color: transparent; letter-spacing: 0.15px;\">Plazos de entrega<\/strong><\/p>\n<p>El plazo de entrega nunca superar\u00e1 un mes desde la fecha en que se realiza el pedido, salvo en casos excepcionales. Algunos productos de nuestro cat\u00e1logo est\u00e1n disponibles para reserva. Si su pedido incluye uno o m\u00e1s productos en reserva, la entrega de todo el pedido puede retrasarse hasta que estos productos est\u00e9n disponibles y hayan llegado a nuestras instalaciones. El plazo de entrega espec\u00edfico para los productos en preventa se indica en la descripci\u00f3n del producto de nuestro cat\u00e1logo en l\u00ednea.<\/p>\n<p><strong>Responsabilidad de la entrega<\/strong><\/p>\n<p>La empresa no se hace responsable de los retrasos en la entrega causados por eventos fuera de nuestro control, como problemas aduaneros o retrasos en el transporte.<\/p>\t\t\t\t\t\t\t\t<\/div>\n\t\t\t\t<\/div>\n\t\t\t\t\t<\/div>\n\t\t\t\t<\/div>\n\t\t\t\t<\/div>\n\t\t","protected":false},"excerpt":{"rendered":"<p>Todos los pedidos se enviar\u00e1n a trav\u00e9s de la Sociedad Estatal Correos y Tel\u00e9grafos S.A. S.M.E. El seguro de env\u00edo es opcional y puede contratarse a petici\u00f3n del cliente. Realizamos env\u00edos a los siguientes pa\u00edses de la Uni\u00f3n Europea: Espa\u00f1a (excepto Ceuta, Melilla y las Islas Canarias), Alemania, Austria, B\u00e9lgica, Bulgaria, Chipre, Croacia, Dinamarca, Eslovaquia,&#8230;<\/p>\n","protected":false},"author":1,"featured_media":0,"parent":0,"menu_order":0,"comment_status":"closed","ping_status":"closed","template":"","meta":{"_bst_post_transparent":"","_bst_post_title":"","_bst_post_layout":"","_bst_post_sidebar_id":"","_bst_post_content_style":"","_bst_post_vertical_padding":"","_bst_post_feature":"","_bst_post_feature_position":"","_bst_post_header":false,"_bst_post_footer":false,"footnotes":""},"class_list":["post-1177","page","type-page","status-publish","hentry"],"_links":{"self":[{"href":"https:\/\/notrevoute.com\/es\/wp-json\/wp\/v2\/pages\/1177","targetHints":{"allow":["GET"]}}],"collection":[{"href":"https:\/\/notrevoute.com\/es\/wp-json\/wp\/v2\/pages"}],"about":[{"href":"https:\/\/notrevoute.com\/es\/wp-json\/wp\/v2\/types\/page"}],"author":[{"embeddable":true,"href":"https:\/\/notrevoute.com\/es\/wp-json\/wp\/v2\/users\/1"}],"replies":[{"embeddable":true,"href":"https:\/\/notrevoute.com\/es\/wp-json\/wp\/v2\/comments?post=1177"}],"version-history":[{"count":6,"href":"https:\/\/notrevoute.com\/es\/wp-json\/wp\/v2\/pages\/1177\/revisions"}],"predecessor-version":[{"id":3309,"href":"https:\/\/notrevoute.com\/es\/wp-json\/wp\/v2\/pages\/1177\/revisions\/3309"}],"wp:attachment":[{"href":"https:\/\/notrevoute.com\/es\/wp-json\/wp\/v2\/media?parent=1177"}],"curies":[{"name":"wp","href":"https:\/\/api.w.org\/{rel}","templated":true}]}}