{"id":1186,"date":"2023-10-05T04:27:04","date_gmt":"2023-10-05T04:27:04","guid":{"rendered":"https:\/\/staging.notrevoute.com\/galeria\/"},"modified":"2025-12-28T11:38:42","modified_gmt":"2025-12-28T11:38:42","slug":"galeria","status":"publish","type":"page","link":"https:\/\/notrevoute.com\/es\/galeria\/","title":{"rendered":"Galer\u00eda"},"content":{"rendered":"\t\t<div data-elementor-type=\"wp-page\" data-elementor-id=\"1186\" class=\"elementor elementor-1186 elementor-61\">\n\t\t\t\t\t\t<section class=\"elementor-section elementor-top-section elementor-element elementor-element-5da1cfd elementor-section-boxed elementor-section-height-default elementor-section-height-default\" data-id=\"5da1cfd\" data-element_type=\"section\">\n\t\t\t\t\t\t<div class=\"elementor-container elementor-column-gap-no\">\n\t\t\t\t\t<div class=\"elementor-column elementor-col-100 elementor-top-column elementor-element elementor-element-38258e0\" data-id=\"38258e0\" data-element_type=\"column\">\n\t\t\t<div class=\"elementor-widget-wrap elementor-element-populated\">\n\t\t\t\t\t\t<div class=\"elementor-element elementor-element-e6d9910 elementor-widget elementor-widget-heading\" data-id=\"e6d9910\" data-element_type=\"widget\" data-widget_type=\"heading.default\">\n\t\t\t\t<div class=\"elementor-widget-container\">\n\t\t\t\t\t<span class=\"elementor-heading-title elementor-size-default\">Ventanas emergentes Magnific<\/span>\t\t\t\t<\/div>\n\t\t\t\t<\/div>\n\t\t\t\t<div class=\"elementor-element elementor-element-52abbd1 elementor-widget elementor-widget-heading\" data-id=\"52abbd1\" data-element_type=\"widget\" data-widget_type=\"heading.default\">\n\t\t\t\t<div class=\"elementor-widget-container\">\n\t\t\t\t\t<h2 class=\"elementor-heading-title elementor-size-default\">Vista emergente de imagen<\/h2>\t\t\t\t<\/div>\n\t\t\t\t<\/div>\n\t\t\t\t<div class=\"elementor-element elementor-element-a975223 gallery-spacing-custom elementor-widget elementor-widget-image-gallery\" data-id=\"a975223\" data-element_type=\"widget\" data-widget_type=\"image-gallery.default\">\n\t\t\t\t<div class=\"elementor-widget-container\">\n\t\t\t\t\t\t\t<div class=\"elementor-image-gallery\">\n\t\t\t<div id='gallery-1' class='gallery galleryid-1186 gallery-columns-3 gallery-size-medium_large'><figure class='gallery-item'>\n\t\t\t<div class='gallery-icon landscape'>\n\t\t\t\t<a  href='https:\/\/notrevoute.com\/wp-content\/uploads\/2023\/01\/blog-16.jpg'><img fetchpriority=\"high\" decoding=\"async\" width=\"768\" height=\"505\" src=\"https:\/\/notrevoute.com\/wp-content\/uploads\/2023\/01\/blog-16-768x505.jpg\" class=\"attachment-medium_large size-medium_large\" alt=\"\" srcset=\"https:\/\/notrevoute.com\/wp-content\/uploads\/2023\/01\/blog-16-768x505.jpg 768w, https:\/\/notrevoute.com\/wp-content\/uploads\/2023\/01\/blog-16-300x197.jpg 300w, https:\/\/notrevoute.com\/wp-content\/uploads\/2023\/01\/blog-16-1024x673.jpg 1024w, https:\/\/notrevoute.com\/wp-content\/uploads\/2023\/01\/blog-16-600x394.jpg 600w, https:\/\/notrevoute.com\/wp-content\/uploads\/2023\/01\/blog-16.jpg 1400w\" sizes=\"(max-width: 768px) 100vw, 768px\" \/><\/a>\n\t\t\t<\/div><\/figure><figure class='gallery-item'>\n\t\t\t<div class='gallery-icon landscape'>\n\t\t\t\t<a  href='https:\/\/notrevoute.com\/wp-content\/uploads\/2023\/01\/blog-14.jpg'><img decoding=\"async\" width=\"768\" height=\"505\" src=\"https:\/\/notrevoute.com\/wp-content\/uploads\/2023\/01\/blog-14-768x505.jpg\" class=\"attachment-medium_large size-medium_large\" alt=\"\" srcset=\"https:\/\/notrevoute.com\/wp-content\/uploads\/2023\/01\/blog-14-768x505.jpg 768w, https:\/\/notrevoute.com\/wp-content\/uploads\/2023\/01\/blog-14-300x197.jpg 300w, https:\/\/notrevoute.com\/wp-content\/uploads\/2023\/01\/blog-14-1024x673.jpg 1024w, https:\/\/notrevoute.com\/wp-content\/uploads\/2023\/01\/blog-14-600x394.jpg 600w, https:\/\/notrevoute.com\/wp-content\/uploads\/2023\/01\/blog-14.jpg 1400w\" sizes=\"(max-width: 768px) 100vw, 768px\" \/><\/a>\n\t\t\t<\/div><\/figure><figure class='gallery-item'>\n\t\t\t<div class='gallery-icon landscape'>\n\t\t\t\t<a  href='https:\/\/notrevoute.com\/wp-content\/uploads\/2023\/01\/blog-12.jpg'><img decoding=\"async\" width=\"768\" height=\"505\" src=\"https:\/\/notrevoute.com\/wp-content\/uploads\/2023\/01\/blog-12-768x505.jpg\" class=\"attachment-medium_large size-medium_large\" alt=\"\" srcset=\"https:\/\/notrevoute.com\/wp-content\/uploads\/2023\/01\/blog-12-768x505.jpg 768w, https:\/\/notrevoute.com\/wp-content\/uploads\/2023\/01\/blog-12-300x197.jpg 300w, https:\/\/notrevoute.com\/wp-content\/uploads\/2023\/01\/blog-12-1024x673.jpg 1024w, https:\/\/notrevoute.com\/wp-content\/uploads\/2023\/01\/blog-12-600x394.jpg 600w, https:\/\/notrevoute.com\/wp-content\/uploads\/2023\/01\/blog-12.jpg 1400w\" sizes=\"(max-width: 768px) 100vw, 768px\" \/><\/a>\n\t\t\t<\/div><\/figure>\n\t\t<\/div>\n\t\t<\/div>\n\t\t\t\t\t\t<\/div>\n\t\t\t\t<\/div>\n\t\t\t\t\t<\/div>\n\t\t<\/div>\n\t\t\t\t\t<\/div>\n\t\t<\/section>\n\t\t\t\t<section class=\"elementor-section elementor-top-section elementor-element elementor-element-525a0a1 elementor-section-stretched elementor-section-boxed elementor-section-height-default elementor-section-height-default\" data-id=\"525a0a1\" data-element_type=\"section\" data-settings=\"{&quot;stretch_section&quot;:&quot;section-stretched&quot;}\">\n\t\t\t\t\t\t<div class=\"elementor-container elementor-column-gap-no\">\n\t\t\t\t\t<div class=\"elementor-column elementor-col-100 elementor-top-column elementor-element elementor-element-90c3c86\" data-id=\"90c3c86\" data-element_type=\"column\">\n\t\t\t<div class=\"elementor-widget-wrap elementor-element-populated\">\n\t\t\t\t\t\t<div class=\"elementor-element elementor-element-48644b1 gallery-spacing-custom elementor-widget elementor-widget-image-gallery\" data-id=\"48644b1\" data-element_type=\"widget\" data-widget_type=\"image-gallery.default\">\n\t\t\t\t<div class=\"elementor-widget-container\">\n\t\t\t\t\t\t\t<div class=\"elementor-image-gallery\">\n\t\t\t<div id='gallery-2' class='gallery galleryid-1186 gallery-columns-3 gallery-size-medium_large'><figure class='gallery-item'>\n\t\t\t<div class='gallery-icon landscape'>\n\t\t\t\t<a  href='https:\/\/notrevoute.com\/wp-content\/uploads\/2023\/01\/blog-14.jpg'><img decoding=\"async\" width=\"768\" height=\"505\" src=\"https:\/\/notrevoute.com\/wp-content\/uploads\/2023\/01\/blog-14-768x505.jpg\" class=\"attachment-medium_large size-medium_large\" alt=\"\" srcset=\"https:\/\/notrevoute.com\/wp-content\/uploads\/2023\/01\/blog-14-768x505.jpg 768w, https:\/\/notrevoute.com\/wp-content\/uploads\/2023\/01\/blog-14-300x197.jpg 300w, https:\/\/notrevoute.com\/wp-content\/uploads\/2023\/01\/blog-14-1024x673.jpg 1024w, https:\/\/notrevoute.com\/wp-content\/uploads\/2023\/01\/blog-14-600x394.jpg 600w, https:\/\/notrevoute.com\/wp-content\/uploads\/2023\/01\/blog-14.jpg 1400w\" sizes=\"(max-width: 768px) 100vw, 768px\" \/><\/a>\n\t\t\t<\/div><\/figure><figure class='gallery-item'>\n\t\t\t<div class='gallery-icon landscape'>\n\t\t\t\t<a  href='https:\/\/notrevoute.com\/wp-content\/uploads\/2023\/01\/blog-12.jpg'><img decoding=\"async\" width=\"768\" height=\"505\" src=\"https:\/\/notrevoute.com\/wp-content\/uploads\/2023\/01\/blog-12-768x505.jpg\" class=\"attachment-medium_large size-medium_large\" alt=\"\" srcset=\"https:\/\/notrevoute.com\/wp-content\/uploads\/2023\/01\/blog-12-768x505.jpg 768w, https:\/\/notrevoute.com\/wp-content\/uploads\/2023\/01\/blog-12-300x197.jpg 300w, https:\/\/notrevoute.com\/wp-content\/uploads\/2023\/01\/blog-12-1024x673.jpg 1024w, https:\/\/notrevoute.com\/wp-content\/uploads\/2023\/01\/blog-12-600x394.jpg 600w, https:\/\/notrevoute.com\/wp-content\/uploads\/2023\/01\/blog-12.jpg 1400w\" sizes=\"(max-width: 768px) 100vw, 768px\" \/><\/a>\n\t\t\t<\/div><\/figure><figure class='gallery-item'>\n\t\t\t<div class='gallery-icon landscape'>\n\t\t\t\t<a  href='https:\/\/notrevoute.com\/wp-content\/uploads\/2023\/01\/blog-17.jpg'><img loading=\"lazy\" decoding=\"async\" width=\"768\" height=\"505\" src=\"https:\/\/notrevoute.com\/wp-content\/uploads\/2023\/01\/blog-17-768x505.jpg\" class=\"attachment-medium_large size-medium_large\" alt=\"\" srcset=\"https:\/\/notrevoute.com\/wp-content\/uploads\/2023\/01\/blog-17-768x505.jpg 768w, https:\/\/notrevoute.com\/wp-content\/uploads\/2023\/01\/blog-17-300x197.jpg 300w, https:\/\/notrevoute.com\/wp-content\/uploads\/2023\/01\/blog-17-1024x673.jpg 1024w, https:\/\/notrevoute.com\/wp-content\/uploads\/2023\/01\/blog-17-600x394.jpg 600w, https:\/\/notrevoute.com\/wp-content\/uploads\/2023\/01\/blog-17.jpg 1400w\" sizes=\"(max-width: 768px) 100vw, 768px\" \/><\/a>\n\t\t\t<\/div><\/figure><figure class='gallery-item'>\n\t\t\t<div class='gallery-icon landscape'>\n\t\t\t\t<a  href='https:\/\/notrevoute.com\/wp-content\/uploads\/2023\/01\/blog-06.jpg'><img loading=\"lazy\" decoding=\"async\" width=\"768\" height=\"505\" src=\"https:\/\/notrevoute.com\/wp-content\/uploads\/2023\/01\/blog-06-768x505.jpg\" class=\"attachment-medium_large size-medium_large\" alt=\"\" srcset=\"https:\/\/notrevoute.com\/wp-content\/uploads\/2023\/01\/blog-06-768x505.jpg 768w, https:\/\/notrevoute.com\/wp-content\/uploads\/2023\/01\/blog-06-300x197.jpg 300w, https:\/\/notrevoute.com\/wp-content\/uploads\/2023\/01\/blog-06-1024x673.jpg 1024w, https:\/\/notrevoute.com\/wp-content\/uploads\/2023\/01\/blog-06-600x394.jpg 600w, https:\/\/notrevoute.com\/wp-content\/uploads\/2023\/01\/blog-06.jpg 1400w\" sizes=\"(max-width: 768px) 100vw, 768px\" \/><\/a>\n\t\t\t<\/div><\/figure><figure class='gallery-item'>\n\t\t\t<div class='gallery-icon landscape'>\n\t\t\t\t<a  href='https:\/\/notrevoute.com\/wp-content\/uploads\/2023\/01\/blog-07.jpg'><img loading=\"lazy\" decoding=\"async\" width=\"768\" height=\"505\" src=\"https:\/\/notrevoute.com\/wp-content\/uploads\/2023\/01\/blog-07-768x505.jpg\" class=\"attachment-medium_large size-medium_large\" alt=\"\" srcset=\"https:\/\/notrevoute.com\/wp-content\/uploads\/2023\/01\/blog-07-768x505.jpg 768w, https:\/\/notrevoute.com\/wp-content\/uploads\/2023\/01\/blog-07-300x197.jpg 300w, https:\/\/notrevoute.com\/wp-content\/uploads\/2023\/01\/blog-07-1024x673.jpg 1024w, https:\/\/notrevoute.com\/wp-content\/uploads\/2023\/01\/blog-07-600x394.jpg 600w, https:\/\/notrevoute.com\/wp-content\/uploads\/2023\/01\/blog-07.jpg 1400w\" sizes=\"(max-width: 768px) 100vw, 768px\" \/><\/a>\n\t\t\t<\/div><\/figure><figure class='gallery-item'>\n\t\t\t<div class='gallery-icon landscape'>\n\t\t\t\t<a  href='https:\/\/notrevoute.com\/wp-content\/uploads\/2023\/01\/blog-04.jpg'><img loading=\"lazy\" decoding=\"async\" width=\"768\" height=\"505\" src=\"https:\/\/notrevoute.com\/wp-content\/uploads\/2023\/01\/blog-04-768x505.jpg\" class=\"attachment-medium_large size-medium_large\" alt=\"\" srcset=\"https:\/\/notrevoute.com\/wp-content\/uploads\/2023\/01\/blog-04-768x505.jpg 768w, https:\/\/notrevoute.com\/wp-content\/uploads\/2023\/01\/blog-04-300x197.jpg 300w, https:\/\/notrevoute.com\/wp-content\/uploads\/2023\/01\/blog-04-1024x673.jpg 1024w, https:\/\/notrevoute.com\/wp-content\/uploads\/2023\/01\/blog-04-600x394.jpg 600w, https:\/\/notrevoute.com\/wp-content\/uploads\/2023\/01\/blog-04.jpg 1400w\" sizes=\"(max-width: 768px) 100vw, 768px\" \/><\/a>\n\t\t\t<\/div><\/figure>\n\t\t<\/div>\n\t\t<\/div>\n\t\t\t\t\t\t<\/div>\n\t\t\t\t<\/div>\n\t\t\t\t\t<\/div>\n\t\t<\/div>\n\t\t\t\t\t<\/div>\n\t\t<\/section>\n\t\t\t\t<section class=\"elementor-section elementor-top-section elementor-element elementor-element-de4911d elementor-section-boxed elementor-section-height-default elementor-section-height-default\" data-id=\"de4911d\" data-element_type=\"section\">\n\t\t\t\t\t\t<div class=\"elementor-container elementor-column-gap-no\">\n\t\t\t\t\t<div class=\"elementor-column elementor-col-33 elementor-top-column elementor-element elementor-element-fdb05cb\" data-id=\"fdb05cb\" data-element_type=\"column\">\n\t\t\t<div class=\"elementor-widget-wrap elementor-element-populated\">\n\t\t\t\t\t\t<div class=\"elementor-element elementor-element-fb4f21b elementor-widget elementor-widget-heading\" data-id=\"fb4f21b\" data-element_type=\"widget\" data-widget_type=\"heading.default\">\n\t\t\t\t<div class=\"elementor-widget-container\">\n\t\t\t\t\t<span class=\"elementor-heading-title elementor-size-default\">Galer\u00eda<\/span>\t\t\t\t<\/div>\n\t\t\t\t<\/div>\n\t\t\t\t<div class=\"elementor-element elementor-element-d03c9fa elementor-widget elementor-widget-heading\" data-id=\"d03c9fa\" data-element_type=\"widget\" data-widget_type=\"heading.default\">\n\t\t\t\t<div class=\"elementor-widget-container\">\n\t\t\t\t\t<h2 class=\"elementor-heading-title elementor-size-default\">Estilo de cuadr\u00edcula de galer\u00eda<\/h2>\t\t\t\t<\/div>\n\t\t\t\t<\/div>\n\t\t\t\t<div class=\"elementor-element elementor-element-429ac0d elementor-widget elementor-widget-text-editor\" data-id=\"429ac0d\" data-element_type=\"widget\" data-widget_type=\"text-editor.default\">\n\t\t\t\t<div class=\"elementor-widget-container\">\n\t\t\t\t\t\t\t\t\t<p>Lorem ipsum dolor sit amet, consectetur adipiscing elit. Ut elit tellus, luctus nec ullamcorper mattis, pulvinar dapibus leo.<\/p>\t\t\t\t\t\t\t\t<\/div>\n\t\t\t\t<\/div>\n\t\t\t\t<div class=\"elementor-element elementor-element-6e118bf elementor-widget elementor-widget-button\" data-id=\"6e118bf\" data-element_type=\"widget\" data-widget_type=\"button.default\">\n\t\t\t\t<div class=\"elementor-widget-container\">\n\t\t\t\t\t\t\t\t\t<div class=\"elementor-button-wrapper\">\n\t\t\t\t\t<a class=\"elementor-button elementor-button-link elementor-size-sm\" href=\"#\">\n\t\t\t\t\t\t<span class=\"elementor-button-content-wrapper\">\n\t\t\t\t\t\t\t\t\t<span class=\"elementor-button-text\">Ver m\u00e1s<\/span>\n\t\t\t\t\t<\/span>\n\t\t\t\t\t<\/a>\n\t\t\t\t<\/div>\n\t\t\t\t\t\t\t\t<\/div>\n\t\t\t\t<\/div>\n\t\t\t\t\t<\/div>\n\t\t<\/div>\n\t\t\t\t<div class=\"elementor-column elementor-col-66 elementor-top-column elementor-element elementor-element-f88ac7a\" data-id=\"f88ac7a\" data-element_type=\"column\">\n\t\t\t<div class=\"elementor-widget-wrap elementor-element-populated\">\n\t\t\t\t\t\t<div class=\"elementor-element elementor-element-a8d9907 gallery-spacing-custom elementor-widget elementor-widget-image-gallery\" data-id=\"a8d9907\" data-element_type=\"widget\" data-widget_type=\"image-gallery.default\">\n\t\t\t\t<div class=\"elementor-widget-container\">\n\t\t\t\t\t\t\t<div class=\"elementor-image-gallery\">\n\t\t\t<div id='gallery-3' class='gallery galleryid-1186 gallery-columns-2 gallery-size-medium_large'><figure class='gallery-item'>\n\t\t\t<div class='gallery-icon landscape'>\n\t\t\t\t<a  href='https:\/\/notrevoute.com\/wp-content\/uploads\/2023\/01\/blog-14.jpg'><img decoding=\"async\" width=\"768\" height=\"505\" src=\"https:\/\/notrevoute.com\/wp-content\/uploads\/2023\/01\/blog-14-768x505.jpg\" class=\"attachment-medium_large size-medium_large\" alt=\"\" srcset=\"https:\/\/notrevoute.com\/wp-content\/uploads\/2023\/01\/blog-14-768x505.jpg 768w, https:\/\/notrevoute.com\/wp-content\/uploads\/2023\/01\/blog-14-300x197.jpg 300w, https:\/\/notrevoute.com\/wp-content\/uploads\/2023\/01\/blog-14-1024x673.jpg 1024w, https:\/\/notrevoute.com\/wp-content\/uploads\/2023\/01\/blog-14-600x394.jpg 600w, https:\/\/notrevoute.com\/wp-content\/uploads\/2023\/01\/blog-14.jpg 1400w\" sizes=\"(max-width: 768px) 100vw, 768px\" \/><\/a>\n\t\t\t<\/div><\/figure><figure class='gallery-item'>\n\t\t\t<div class='gallery-icon landscape'>\n\t\t\t\t<a  href='https:\/\/notrevoute.com\/wp-content\/uploads\/2023\/01\/blog-12.jpg'><img decoding=\"async\" width=\"768\" height=\"505\" src=\"https:\/\/notrevoute.com\/wp-content\/uploads\/2023\/01\/blog-12-768x505.jpg\" class=\"attachment-medium_large size-medium_large\" alt=\"\" srcset=\"https:\/\/notrevoute.com\/wp-content\/uploads\/2023\/01\/blog-12-768x505.jpg 768w, https:\/\/notrevoute.com\/wp-content\/uploads\/2023\/01\/blog-12-300x197.jpg 300w, https:\/\/notrevoute.com\/wp-content\/uploads\/2023\/01\/blog-12-1024x673.jpg 1024w, https:\/\/notrevoute.com\/wp-content\/uploads\/2023\/01\/blog-12-600x394.jpg 600w, https:\/\/notrevoute.com\/wp-content\/uploads\/2023\/01\/blog-12.jpg 1400w\" sizes=\"(max-width: 768px) 100vw, 768px\" \/><\/a>\n\t\t\t<\/div><\/figure><figure class='gallery-item'>\n\t\t\t<div class='gallery-icon landscape'>\n\t\t\t\t<a  href='https:\/\/notrevoute.com\/wp-content\/uploads\/2023\/01\/blog-07.jpg'><img loading=\"lazy\" decoding=\"async\" width=\"768\" height=\"505\" src=\"https:\/\/notrevoute.com\/wp-content\/uploads\/2023\/01\/blog-07-768x505.jpg\" class=\"attachment-medium_large size-medium_large\" alt=\"\" srcset=\"https:\/\/notrevoute.com\/wp-content\/uploads\/2023\/01\/blog-07-768x505.jpg 768w, https:\/\/notrevoute.com\/wp-content\/uploads\/2023\/01\/blog-07-300x197.jpg 300w, https:\/\/notrevoute.com\/wp-content\/uploads\/2023\/01\/blog-07-1024x673.jpg 1024w, https:\/\/notrevoute.com\/wp-content\/uploads\/2023\/01\/blog-07-600x394.jpg 600w, https:\/\/notrevoute.com\/wp-content\/uploads\/2023\/01\/blog-07.jpg 1400w\" sizes=\"(max-width: 768px) 100vw, 768px\" \/><\/a>\n\t\t\t<\/div><\/figure><figure class='gallery-item'>\n\t\t\t<div class='gallery-icon landscape'>\n\t\t\t\t<a  href='https:\/\/notrevoute.com\/wp-content\/uploads\/2023\/01\/blog-16.jpg'><img fetchpriority=\"high\" decoding=\"async\" width=\"768\" height=\"505\" src=\"https:\/\/notrevoute.com\/wp-content\/uploads\/2023\/01\/blog-16-768x505.jpg\" class=\"attachment-medium_large size-medium_large\" alt=\"\" srcset=\"https:\/\/notrevoute.com\/wp-content\/uploads\/2023\/01\/blog-16-768x505.jpg 768w, https:\/\/notrevoute.com\/wp-content\/uploads\/2023\/01\/blog-16-300x197.jpg 300w, https:\/\/notrevoute.com\/wp-content\/uploads\/2023\/01\/blog-16-1024x673.jpg 1024w, https:\/\/notrevoute.com\/wp-content\/uploads\/2023\/01\/blog-16-600x394.jpg 600w, https:\/\/notrevoute.com\/wp-content\/uploads\/2023\/01\/blog-16.jpg 1400w\" sizes=\"(max-width: 768px) 100vw, 768px\" \/><\/a>\n\t\t\t<\/div><\/figure>\n\t\t<\/div>\n\t\t<\/div>\n\t\t\t\t\t\t<\/div>\n\t\t\t\t<\/div>\n\t\t\t\t\t<\/div>\n\t\t<\/div>\n\t\t\t\t\t<\/div>\n\t\t<\/section>\n\t\t\t\t<section class=\"elementor-section elementor-top-section elementor-element elementor-element-cd5717f elementor-section-full_width elementor-section-stretched elementor-section-height-default elementor-section-height-default\" data-id=\"cd5717f\" data-element_type=\"section\" data-settings=\"{&quot;stretch_section&quot;:&quot;section-stretched&quot;}\">\n\t\t\t\t\t\t<div class=\"elementor-container elementor-column-gap-no\">\n\t\t\t\t\t<div class=\"elementor-column elementor-col-100 elementor-top-column elementor-element elementor-element-371c66c\" data-id=\"371c66c\" data-element_type=\"column\">\n\t\t\t<div class=\"elementor-widget-wrap elementor-element-populated\">\n\t\t\t\t\t\t\t<\/div>\n\t\t<\/div>\n\t\t\t\t\t<\/div>\n\t\t<\/section>\n\t\t\t\t<\/div>\n\t\t","protected":false},"excerpt":{"rendered":"<p>Ventanas emergentes Magnific Vista emergente de imagen Galer\u00eda Estilo de cuadr\u00edcula de galer\u00eda Lorem ipsum dolor sit amet, consectetur adipiscing elit. Ut elit tellus, luctus nec ullamcorper mattis, pulvinar dapibus leo. Ver m\u00e1s<\/p>\n","protected":false},"author":1,"featured_media":0,"parent":0,"menu_order":0,"comment_status":"closed","ping_status":"closed","template":"","meta":{"_bst_post_transparent":"","_bst_post_title":"","_bst_post_layout":"","_bst_post_sidebar_id":"","_bst_post_content_style":"","_bst_post_vertical_padding":"","_bst_post_feature":"","_bst_post_feature_position":"","_bst_post_header":false,"_bst_post_footer":false,"footnotes":""},"class_list":["post-1186","page","type-page","status-publish","hentry"],"_links":{"self":[{"href":"https:\/\/notrevoute.com\/es\/wp-json\/wp\/v2\/pages\/1186","targetHints":{"allow":["GET"]}}],"collection":[{"href":"https:\/\/notrevoute.com\/es\/wp-json\/wp\/v2\/pages"}],"about":[{"href":"https:\/\/notrevoute.com\/es\/wp-json\/wp\/v2\/types\/page"}],"author":[{"embeddable":true,"href":"https:\/\/notrevoute.com\/es\/wp-json\/wp\/v2\/users\/1"}],"replies":[{"embeddable":true,"href":"https:\/\/notrevoute.com\/es\/wp-json\/wp\/v2\/comments?post=1186"}],"version-history":[{"count":2,"href":"https:\/\/notrevoute.com\/es\/wp-json\/wp\/v2\/pages\/1186\/revisions"}],"predecessor-version":[{"id":1257,"href":"https:\/\/notrevoute.com\/es\/wp-json\/wp\/v2\/pages\/1186\/revisions\/1257"}],"wp:attachment":[{"href":"https:\/\/notrevoute.com\/es\/wp-json\/wp\/v2\/media?parent=1186"}],"curies":[{"name":"wp","href":"https:\/\/api.w.org\/{rel}","templated":true}]}}