{"id":1192,"date":"2024-06-17T08:20:55","date_gmt":"2024-06-17T08:20:55","guid":{"rendered":"https:\/\/staging.notrevoute.com\/devoluciones-y-reembolsos\/"},"modified":"2025-12-28T11:37:42","modified_gmt":"2025-12-28T11:37:42","slug":"devoluciones-y-reembolsos","status":"publish","type":"page","link":"https:\/\/notrevoute.com\/es\/devoluciones-y-reembolsos\/","title":{"rendered":"Devoluciones y reembolsos"},"content":{"rendered":"\t\t<div data-elementor-type=\"wp-page\" data-elementor-id=\"1192\" class=\"elementor elementor-1192 elementor-563\">\n\t\t\t\t<div class=\"elementor-element elementor-element-68f15754 e-flex e-con-boxed e-con e-parent\" data-id=\"68f15754\" data-element_type=\"container\">\n\t\t\t\t\t<div class=\"e-con-inner\">\n\t\t\t\t<div class=\"elementor-element elementor-element-275e2e6d elementor-widget elementor-widget-text-editor\" data-id=\"275e2e6d\" data-element_type=\"widget\" data-widget_type=\"text-editor.default\">\n\t\t\t\t<div class=\"elementor-widget-container\">\n\t\t\t\t\t\t\t\t\t<p><\/p>\n<p><strong>Pol\u00edtica de cancelaci\u00f3n<\/strong><\/p>\n<p><\/p>\n<p><\/p>\n<p>Debido a las regulaciones actuales con respecto a la compra y venta de metales de inversi\u00f3n, no aceptamos cancelaciones ni devoluciones de productos de oro y plata. Esta pol\u00edtica cumple con las siguientes regulaciones:<\/p>\n<p><\/p>\n<p><\/p>\n<p class=\"wp-block-code\"><code><em>Directive 2011\/83\/EU of the European Parliament and of the Council<\/em>, <em>of 25 October 2011<\/em>, on consumer rights, in particular <em>Article 16 (b)<\/em>, which establishes exceptions to the right of withdrawal for the supply of goods whose price depends on fluctuations in the financial market that the entrepreneur cannot control.<\/code><\/p>\n<p class=\"wp-block-code\"><code><em>Law 7\/1998, of April 13, on general contracting conditions and Royal Legislative Decree 1\/2007, of November 16,<\/em> which approves the revised text of the General Law for the Defense of Consumers and Users and other complementary laws, in particular Article 103, which includes exceptions to the right of withdrawal.<\/code><\/p>\n<p><\/p>\n<p><\/p>\n<p>Estas regulaciones eximen el derecho de desistimiento para los contratos relacionados con el suministro de bienes cuyo precio est\u00e9 sujeto a fluctuaciones en el mercado financiero que el empresario no pueda controlar, como es el caso del oro y la plata.<\/p>\n<p><\/p>\n<p><\/p>\n<p>Sin embargo, la empresa puede aceptar cancelaciones si lo considera apropiado. En tales casos, se aplicar\u00e1 un cargo del 15% del valor del pedido en concepto de gastos administrativos, adem\u00e1s de la diferencia en la fluctuaci\u00f3n del activo desde la fecha de compra hasta la fecha de cancelaci\u00f3n. El cliente no se beneficiar\u00e1 de las fluctuaciones del mercado en ning\u00fan caso.<\/p>\n<p><\/p>\n<p><\/p>\n<p>El impago del pedido en los 3 d\u00edas siguientes a la realizaci\u00f3n del mismo dar\u00e1 lugar a la cancelaci\u00f3n autom\u00e1tica del pedido bajo estas mismas condiciones. Adem\u00e1s, es posible que el cliente no pueda realizar compras en nuestra tienda en el futuro.<\/p>\n<p><\/p>\n<p><\/p>\n<p>Por lo tanto, todas las ventas de productos de oro y plata en nuestro sitio web son definitivas, salvo las excepciones mencionadas.<br><br><br><br><strong>Pol\u00edtica de devoluciones<\/strong><\/p>\n<p><\/p>\n<p><\/p>\n<p>Las monedas y\/o lingotes de plata pueden presentar, y de hecho a menudo presentan, defectos como manchas de leche o alg\u00fan tipo de marca. Estos defectos de fabricaci\u00f3n y acu\u00f1aci\u00f3n no se consideran motivo de devoluci\u00f3n.<\/p>\n<p><\/p>\n<p><\/p>\n<p>Solo se aceptar\u00e1n devoluciones cuando la empresa haya enviado un producto diferente al que el cliente solicit\u00f3. En este caso, la empresa cubrir\u00e1 todos los gastos de recogida en la direcci\u00f3n donde se entreg\u00f3 el pedido inicial, as\u00ed como el nuevo coste de env\u00edo. El producto debe estar en perfectas condiciones, en su embalaje original y con sus certificados, si los hubiera. Si el producto no se encuentra en estas condiciones, la empresa se reserva el derecho de devolver la pieza incorrecta al cliente y no reembolsar el importe.<\/p>\n<p><\/p>\n<p><\/p>\n<p>Si la empresa sospecha de un intento de fraude o comportamiento malicioso por parte del cliente, como intentar devolver una moneda falsificada, los fondos ser\u00e1n retenidos y el producto no ser\u00e1 enviado. Nos reservamos el derecho a emprender las acciones legales oportunas en caso de detectar intentos de fraude.<\/p>\n<p><\/p>\t\t\t\t\t\t\t\t<\/div>\n\t\t\t\t<\/div>\n\t\t\t\t\t<\/div>\n\t\t\t\t<\/div>\n\t\t\t\t<\/div>\n\t\t","protected":false},"excerpt":{"rendered":"<p>Pol\u00edtica de cancelaci\u00f3n Debido a las regulaciones actuales con respecto a la compra y venta de metales de inversi\u00f3n, no aceptamos cancelaciones ni devoluciones de productos de oro y plata. Esta pol\u00edtica cumple con las siguientes regulaciones: Directive 2011\/83\/EU of the European Parliament and of the Council, of 25 October 2011, on consumer rights, in&#8230;<\/p>\n","protected":false},"author":1,"featured_media":0,"parent":0,"menu_order":0,"comment_status":"closed","ping_status":"closed","template":"","meta":{"_bst_post_transparent":"","_bst_post_title":"","_bst_post_layout":"","_bst_post_sidebar_id":"","_bst_post_content_style":"","_bst_post_vertical_padding":"","_bst_post_feature":"","_bst_post_feature_position":"","_bst_post_header":false,"_bst_post_footer":false,"footnotes":""},"class_list":["post-1192","page","type-page","status-publish","hentry"],"_links":{"self":[{"href":"https:\/\/notrevoute.com\/es\/wp-json\/wp\/v2\/pages\/1192","targetHints":{"allow":["GET"]}}],"collection":[{"href":"https:\/\/notrevoute.com\/es\/wp-json\/wp\/v2\/pages"}],"about":[{"href":"https:\/\/notrevoute.com\/es\/wp-json\/wp\/v2\/types\/page"}],"author":[{"embeddable":true,"href":"https:\/\/notrevoute.com\/es\/wp-json\/wp\/v2\/users\/1"}],"replies":[{"embeddable":true,"href":"https:\/\/notrevoute.com\/es\/wp-json\/wp\/v2\/comments?post=1192"}],"version-history":[{"count":5,"href":"https:\/\/notrevoute.com\/es\/wp-json\/wp\/v2\/pages\/1192\/revisions"}],"predecessor-version":[{"id":1203,"href":"https:\/\/notrevoute.com\/es\/wp-json\/wp\/v2\/pages\/1192\/revisions\/1203"}],"wp:attachment":[{"href":"https:\/\/notrevoute.com\/es\/wp-json\/wp\/v2\/media?parent=1192"}],"curies":[{"name":"wp","href":"https:\/\/api.w.org\/{rel}","templated":true}]}}