{"id":1215,"date":"2024-06-15T20:38:30","date_gmt":"2024-06-15T20:38:30","guid":{"rendered":"https:\/\/staging.notrevoute.com\/terminos-y-condiciones\/"},"modified":"2026-02-23T13:21:37","modified_gmt":"2026-02-23T13:21:37","slug":"terminos-y-condiciones","status":"publish","type":"page","link":"https:\/\/notrevoute.com\/es\/terminos-y-condiciones\/","title":{"rendered":"T\u00e9rminos y condiciones"},"content":{"rendered":"\t\t<div data-elementor-type=\"wp-page\" data-elementor-id=\"1215\" class=\"elementor elementor-1215 elementor-523\">\n\t\t\t\t<div class=\"elementor-element elementor-element-2dbc5c53 e-flex e-con-boxed e-con e-parent\" data-id=\"2dbc5c53\" data-element_type=\"container\">\n\t\t\t\t\t<div class=\"e-con-inner\">\n\t\t\t\t<div class=\"elementor-element elementor-element-71950571 elementor-widget elementor-widget-text-editor\" data-id=\"71950571\" data-element_type=\"widget\" data-widget_type=\"text-editor.default\">\n\t\t\t\t<div class=\"elementor-widget-container\">\n\t\t\t\t\t\t\t\t\t<p><strong>1. Introducci\u00f3n<\/strong><\/p>\n<p>Le damos la bienvenida a Notre Voute, S.L.U., con CIF B13.689.633, domicilio social en la calle Rep\u00fablica Argentina, 22-1, planta 2 \u2013 oficina 7, 36201 Vigo, Pontevedra, Espa\u00f1a.<br>Al utilizar nuestro sitio web y realizar una compra, usted acepta estos t\u00e9rminos y condiciones. Le recomendamos que los lea detenidamente antes de realizar cualquier compra. <\/p>\n<p><strong>2. Definiciones<\/strong><\/p>\n<p>\u201cEmpresa\u201d: Notre Voute, S.L.U., CIF B13.689.633, calle Rep\u00fablica Argentina, 22-1, planta 2 \u2013 oficina 7, 36201 Vigo, Pontevedra, Espa\u00f1a.<br>\u201cCliente\u201d: Persona que realiza una compra en nuestro sitio web.<br>\u201cProductos\u201d: Metales de inversi\u00f3n (oro y plata) ofrecidos en nuestro sitio web.<\/p>\n<p><strong>3. Condiciones de compra<\/strong><\/p>\n<p data-renderer-start-pos=\"688\"><span style=\"text-decoration: underline;\">Procedimiento de compra<\/span>: El cliente debe seguir los pasos indicados en el sitio web para completar la compra. Esto incluye la selecci\u00f3n de productos, su incorporaci\u00f3n al carrito y la facilitaci\u00f3n de la informaci\u00f3n necesaria de pago y env\u00edo. <\/p>\n<p data-renderer-start-pos=\"916\"><span style=\"text-decoration: underline;\">Precios y disponibilidad<\/span>: Todos los precios se indican en euros e incluyen los impuestos aplicables. Nos reservamos el derecho de modificar los precios y la disponibilidad de los productos en cualquier momento y sin previo aviso. <\/p>\n<p data-renderer-start-pos=\"1103\"><span style=\"text-decoration: underline;\">M\u00e9todos de pago<\/span>: Aceptamos los siguientes m\u00e9todos de pago: transferencia bancaria y tarjeta de cr\u00e9dito o d\u00e9bito. No se aceptan pagos en nombre de terceros; la tarjeta o cuenta bancaria desde la que se realice el pago debe estar a nombre de la persona registrada en nuestra tienda. <\/p>\n<p data-renderer-start-pos=\"1371\"><span style=\"text-decoration: underline;\">Confirmaci\u00f3n del pedido<\/span>: Una vez realizado el pedido, el cliente recibir\u00e1 un correo electr\u00f3nico de confirmaci\u00f3n con los detalles de la compra.<\/p>\n<p data-renderer-start-pos=\"1493\"><span style=\"text-decoration: underline;\">Derecho de cancelaci\u00f3n de la empresa<\/span>: La Empresa se reserva el derecho de cancelar cualquier compra de la que se sospeche una actividad ilegal, fraudulenta o de cualquier otro tipo que no cumpla con las leyes o las buenas costumbres.<\/p>\n<p><strong>4. Env\u00edo y entrega<\/strong><\/p>\n<p data-renderer-start-pos=\"1714\">Todos los pedidos se enviar\u00e1n a trav\u00e9s de la Sociedad Estatal Correos y Tel\u00e9grafos S.A. S.M.E.. El seguro de env\u00edo es opcional y puede contratarse a petici\u00f3n del cliente. <\/p>\n<p data-renderer-start-pos=\"1877\">Realizamos env\u00edos a los siguientes pa\u00edses de la Uni\u00f3n Europea: Espa\u00f1a (excepto Ceuta, Melilla y las islas Canarias), Alemania, Austria, B\u00e9lgica, Bulgaria, Chipre, Croacia, Dinamarca, Eslovaquia, Eslovenia, Estonia, Finlandia, Francia, Grecia, Hungr\u00eda, Irlanda, Italia, Letonia, Lituania, Luxemburgo, Pa\u00edses Bajos, Polonia, Portugal, Rep\u00fablica Checa, Ruman\u00eda y Suecia.<\/p>\n<p data-renderer-start-pos=\"2234\">No realizamos env\u00edos a \u00e1reas de los pa\u00edses antes mencionados con condiciones aduaneras especiales y\/o donde se requiera despacho de aduana. Cualquier compra con una direcci\u00f3n de entrega en estas \u00e1reas o en pa\u00edses no enumerados anteriormente ser\u00e1 rechazada y el importe ser\u00e1 reembolsado. <\/p>\n<p data-renderer-start-pos=\"2502\">Gastos de env\u00edo<\/p>\n<p data-renderer-start-pos=\"2518\">Los gastos de env\u00edo se desglosan en funci\u00f3n del destino y el peso del paquete. A continuaci\u00f3n, se muestra una tabla detallada con los gastos de env\u00edo tanto para Espa\u00f1a como para otros pa\u00edses europeos: <\/p>\n<p data-renderer-start-pos=\"2697\">Env\u00edos a Espa\u00f1a<\/p>\n<p data-renderer-start-pos=\"2717\">De 0 a 5 kg: 12,00 \u20ac<\/p>\n<p data-renderer-start-pos=\"2777\">Kg adicional (a partir de 5 kg): 1,50 \u20ac<\/p>\n<p data-renderer-start-pos=\"2820\"><span style=\"background-color: transparent; letter-spacing: 0.15px;\">Env\u00edos a Europa<\/span><\/p>\n<p data-renderer-start-pos=\"2909\">De 0 a 5 kg: 50,00 \u20ac<\/p>\n<p data-renderer-start-pos=\"2928\"><span style=\"background-color: transparent; letter-spacing: 0.15px;\">Kg adicional (a partir de 5 kg): 3,50 \u20ac<\/span><\/p>\n<p data-renderer-start-pos=\"3012\"><span style=\"background-color: transparent; letter-spacing: 0.15px;\">Plazos de entrega<\/span><\/p>\n<p data-renderer-start-pos=\"3096\">El plazo de entrega nunca superar\u00e1 un mes desde la fecha en que se realiza el pedido, salvo en casos excepcionales. Algunos productos de nuestro cat\u00e1logo est\u00e1n disponibles para reserva. Si su pedido incluye uno o m\u00e1s productos en reserva, la entrega de todo el pedido puede retrasarse hasta que estos productos est\u00e9n disponibles y hayan llegado a nuestras instalaciones. El plazo de entrega espec\u00edfico para los productos en preventa se indica en la descripci\u00f3n del producto en nuestro cat\u00e1logo en l\u00ednea.<\/p>\n<p data-renderer-start-pos=\"3552\">Responsabilidad de la entrega<\/p>\n<p data-renderer-start-pos=\"3577\">La empresa no se hace responsable de los retrasos en la entrega causados por eventos fuera de nuestro control, como problemas aduaneros o retrasos en el transporte.<\/p>\n<p><strong>5. Cancelaciones y devoluciones<\/strong><\/p>\n<p>Debido a la normativa vigente en materia de compraventa de metales de inversi\u00f3n, no aceptamos cancelaciones ni devoluciones de productos de oro y plata, salvo en los casos expresamente previstos en la legislaci\u00f3n aplicable y en las condiciones establecidas en estos t\u00e9rminos.<\/p>\n<p><strong>6. Garant\u00eda y calidad<\/strong><\/p>\n<p>Garant\u00eda de autenticidad: Garantizamos que todos nuestros productos son aut\u00e9nticos y de la m\u00e1s alta calidad.<br>Calidad del producto: Todos los productos se someten a controles de calidad antes de su env\u00edo.<\/p>\n<p><strong>7. Privacidad y protecci\u00f3n de datos<\/strong><\/p>\n<p data-renderer-start-pos=\"4264\"><span style=\"text-decoration: underline;\">Uso de datos personales<\/span>: La informaci\u00f3n personal facilitada por el cliente se utiliza exclusivamente para procesar y enviar el pedido. No compartimos esta informaci\u00f3n con terceros, salvo cuando sea necesario para completar la transacci\u00f3n o realizar un env\u00edo. El cliente tambi\u00e9n podr\u00e1 recibir publicidad y promociones comerciales a trav\u00e9s de los diferentes medios facilitados, a menos que se oponga expresamente.  <\/p>\n<p data-renderer-start-pos=\"4641\"><span style=\"text-decoration: underline;\">Responsable del tratamiento de datos<\/span>: El responsable del tratamiento de los datos personales es Notre Voute, S.L.U., CIF B13.689.633, calle Rep\u00fablica Argentina, 22-1, planta 2 \u2013 oficina 7, 36201 Vigo, Pontevedra, Espa\u00f1a, inscrita en el Registro Mercantil de Pontevedra, tomo 4447, folio 95, hoja PO-71590.<\/p>\n<p data-renderer-start-pos=\"4916\">Derechos del cliente: El cliente tiene derecho a acceder, rectificar y solicitar la supresi\u00f3n de sus datos personales. Para ejercer estos derechos, puede ponerse en contacto con nosotros en <a class=\"_ymio1r31 _ypr0glyw _zcxs1o36 _mizu194a _1ah3dkaa _ra3xnqa1 _128mdkaa _1cvmnqa1 _4davt94y _4bfu1r31 _1hms8stv _ajmmnqa1 _vchhusvi _kqswh2mm _syaz13af _ect41gqc _1a3b1r31 _4fpr8stv _5goinqa1 _f8pj13af _9oik1r31 _1bnxglyw _jf4cnqa1 _30l313af _1nrm1r31 _c2waglyw _1iohnqa1 _9h8h12zz _10531ra0 _1ien1ra0 _n0fx1ra0 _1vhv17z1\" title=\"mailto:support@notrevoute.com\" href=\"mailto:support@notrevoute.com\" data-renderer-mark=\"true\" data-is-router-link=\"false\" data-testid=\"link-with-safety\">support@notrevoute.com <\/a>. <\/p>\n<p data-renderer-start-pos=\"5103\"><span style=\"text-decoration: underline;\">Obligaciones legales<\/span>: Los datos personales se conservar\u00e1n durante los periodos exigidos por la normativa espa\u00f1ola y europea aplicable y se suprimir\u00e1n una vez que dejen de ser necesarios para los fines para los que fueron recabados.<\/p>\n<p data-renderer-start-pos=\"5103\"><strong>8. KYC, AML y cumplimiento normativo<\/strong><\/p>\n<p data-renderer-start-pos=\"5360\">Para cumplir con la normativa aplicable en materia de Prevenci\u00f3n de Blanqueo de Capitales y Financiaci\u00f3n del Terrorismo (PBC \/ AML \/ CFT), incluida la Ley 10\/2010, de 28 de abril, y su reglamento de desarrollo, la Empresa podr\u00e1 solicitar informaci\u00f3n y documentaci\u00f3n adicional al cliente en cualquier momento.<\/p>\n<p data-renderer-start-pos=\"5648\">Esta informaci\u00f3n puede incluir, entre otros, documentos de verificaci\u00f3n de identidad, comprobantes de domicilio, origen de los fondos o cualquier otro dato que se considere necesario para procesar correctamente el pedido y cumplir con las obligaciones legales y reglamentarias.<\/p>\n<p data-renderer-start-pos=\"5888\">La falta de entrega de la informaci\u00f3n solicitada podr\u00e1 dar lugar al rechazo o a la suspensi\u00f3n temporal del pedido.<\/p>\n<p data-renderer-start-pos=\"6000\">En determinados casos, y estrictamente de acuerdo con la normativa aplicable, los fondos podr\u00e1n ser retenidos temporalmente sin el env\u00edo de la mercanc\u00eda hasta que se completen los procedimientos de verificaci\u00f3n requeridos.<\/p>\n<p data-renderer-start-pos=\"6193\">Cualquier comunicaci\u00f3n con las autoridades competentes se llevar\u00e1 a cabo exclusivamente cuando sea legalmente exigible y con el \u00fanico fin de cumplir con la normativa sobre prevenci\u00f3n de blanqueo de capitales y financiaci\u00f3n del terrorismo.<\/p>\n<p><strong>9. Reclamaciones y jurisdicci\u00f3n<\/strong><\/p>\n<p><span style=\"text-decoration: underline;\">Hojas de reclamaciones:<\/span> Informamos a nuestros clientes de que disponemos de hojas de reclamaciones. Para solicitarlas, puede ponerse en contacto con nosotros en <span style=\"text-decoration: underline;\">support@notrevoute.com.<\/span> <br><span style=\"text-decoration: underline;\">Jurisdicci\u00f3n y competencia:<\/span> En caso de disputa o reclamaci\u00f3n, el cliente renuncia expresamente a su propio fuero y se somete a la jurisdicci\u00f3n espa\u00f1ola y a los tribunales de Vigo.<\/p>\t\t\t\t\t\t\t\t<\/div>\n\t\t\t\t<\/div>\n\t\t\t\t\t<\/div>\n\t\t\t\t<\/div>\n\t\t\t\t<\/div>\n\t\t","protected":false},"excerpt":{"rendered":"<p>1. Introducci\u00f3n Le damos la bienvenida a Notre Voute, S.L.U., con CIF B13.689.633, domicilio social en la calle Rep\u00fablica Argentina, 22-1, planta 2 \u2013 oficina 7, 36201 Vigo, Pontevedra, Espa\u00f1a.Al utilizar nuestro sitio web y realizar una compra, usted acepta estos t\u00e9rminos y condiciones. Le recomendamos que los lea detenidamente antes de realizar cualquier compra&#8230;.<\/p>\n","protected":false},"author":1,"featured_media":0,"parent":0,"menu_order":0,"comment_status":"closed","ping_status":"closed","template":"","meta":{"_bst_post_transparent":"","_bst_post_title":"","_bst_post_layout":"","_bst_post_sidebar_id":"","_bst_post_content_style":"","_bst_post_vertical_padding":"","_bst_post_feature":"","_bst_post_feature_position":"","_bst_post_header":false,"_bst_post_footer":false,"footnotes":""},"class_list":["post-1215","page","type-page","status-publish","hentry"],"_links":{"self":[{"href":"https:\/\/notrevoute.com\/es\/wp-json\/wp\/v2\/pages\/1215","targetHints":{"allow":["GET"]}}],"collection":[{"href":"https:\/\/notrevoute.com\/es\/wp-json\/wp\/v2\/pages"}],"about":[{"href":"https:\/\/notrevoute.com\/es\/wp-json\/wp\/v2\/types\/page"}],"author":[{"embeddable":true,"href":"https:\/\/notrevoute.com\/es\/wp-json\/wp\/v2\/users\/1"}],"replies":[{"embeddable":true,"href":"https:\/\/notrevoute.com\/es\/wp-json\/wp\/v2\/comments?post=1215"}],"version-history":[{"count":2,"href":"https:\/\/notrevoute.com\/es\/wp-json\/wp\/v2\/pages\/1215\/revisions"}],"predecessor-version":[{"id":3310,"href":"https:\/\/notrevoute.com\/es\/wp-json\/wp\/v2\/pages\/1215\/revisions\/3310"}],"wp:attachment":[{"href":"https:\/\/notrevoute.com\/es\/wp-json\/wp\/v2\/media?parent=1215"}],"curies":[{"name":"wp","href":"https:\/\/api.w.org\/{rel}","templated":true}]}}