{"id":1220,"date":"2024-06-18T19:21:03","date_gmt":"2024-06-18T19:21:03","guid":{"rendered":"https:\/\/staging.notrevoute.com\/politica-de-cookies\/"},"modified":"2026-02-23T13:21:48","modified_gmt":"2026-02-23T13:21:48","slug":"politica-de-cookies","status":"publish","type":"page","link":"https:\/\/notrevoute.com\/es\/politica-de-cookies\/","title":{"rendered":"Pol\u00edtica de cookies"},"content":{"rendered":"\t\t<div data-elementor-type=\"wp-page\" data-elementor-id=\"1220\" class=\"elementor elementor-1220 elementor-613\">\n\t\t\t\t<div class=\"elementor-element elementor-element-6ae312db e-flex e-con-boxed e-con e-parent\" data-id=\"6ae312db\" data-element_type=\"container\">\n\t\t\t\t\t<div class=\"e-con-inner\">\n\t\t\t\t<div class=\"elementor-element elementor-element-40dc1b06 elementor-widget elementor-widget-text-editor\" data-id=\"40dc1b06\" data-element_type=\"widget\" data-widget_type=\"text-editor.default\">\n\t\t\t\t<div class=\"elementor-widget-container\">\n\t\t\t\t\t\t\t\t\t\n<p><strong>1. ANTECEDENTES<\/strong><\/p>\n\n<p>De conformidad con la normativa espa\u00f1ola que regula el uso de cookies en relaci\u00f3n con la prestaci\u00f3n de servicios de comunicaciones electr\u00f3nicas, seg\u00fan lo establecido en el Real Decreto-Ley 13\/2012, de 30 de marzo, le informamos sobre las cookies utilizadas en el sitio web de Notre Voute S.L. Metales Preciosos y el motivo de su uso. Adem\u00e1s, le informamos de que al navegar por el sitio web est\u00e1 dando su consentimiento para utilizarlas. <\/p>\n\n<p><strong>2. \u00bfQU\u00c9 SON LAS COOKIES?<\/strong><\/p>\n\n<p>Una cookie es un archivo que se descarga en su ordenador u otro dispositivo al acceder a determinadas p\u00e1ginas web que recopilan informaci\u00f3n sobre su navegaci\u00f3n en ese sitio web. En algunos casos, las cookies son necesarias para facilitar la navegaci\u00f3n y permitir el almacenamiento y la recuperaci\u00f3n de informaci\u00f3n sobre los h\u00e1bitos de navegaci\u00f3n de un usuario o dispositivo, entre otras cosas, y dependiendo de la informaci\u00f3n que contengan y de c\u00f3mo utilice su dispositivo, pueden utilizarse para reconocer al usuario. Las cookies se asocian \u00fanicamente a un usuario an\u00f3nimo y a su ordenador o dispositivo y no proporcionan referencias que permitan conocer datos personales.  <\/p>\n\n<p><strong>3. TIPOS DE COOKIES<\/strong><\/p>\n\n<p><strong>Exceptuadas:<\/strong><\/p>\n\n<ul>\n<li>Cookies de identificaci\u00f3n o autenticaci\u00f3n del usuario (solo de sesi\u00f3n).<\/li>\n\n<li>Cookies de seguridad del usuario.<\/li>\n\n<li>Cookies de reproductor multimedia.<\/li>\n\n<li>Cookies de sesi\u00f3n para el equilibrio de carga.<\/li>\n\n<li>Cookies de personalizaci\u00f3n de la interfaz de usuario.<\/li>\n\n<li>Cookies de complementos para el intercambio de contenido social.<\/li>\n<\/ul>\n\n<p><strong>No exceptuadas:<\/strong><\/p>\n\n<ul>\n<li>Todas las dem\u00e1s cookies.<\/li>\n<\/ul>\n\n<p><strong>Cookies seg\u00fan la entidad que las gestiona:<\/strong><\/p>\n\n<ul>\n<li>Cookies propias: Son aquellas que se env\u00edan al terminal del usuario desde un equipo o dominio gestionado por el propio editor y desde el que se presta el servicio solicitado.<\/li>\n\n<li>Cookies de terceros: Son aquellas que se env\u00edan al terminal del usuario desde un equipo o dominio no gestionado por el editor, sino por otra entidad que trata los datos obtenidos a trav\u00e9s de las cookies.<\/li>\n<\/ul>\n\n<p><strong>Cookies seg\u00fan el tiempo que permanecen activadas:<\/strong><\/p>\n\n<ul>\n<li>Cookies de sesi\u00f3n: Dise\u00f1adas para recabar y almacenar datos mientras el usuario accede a una p\u00e1gina web.<\/li>\n\n<li>Cookies persistentes: Los datos permanecen almacenados en el terminal y pueden ser accedidos y tratados durante un per\u00edodo definido por el responsable de la cookie, que puede ir de minutos a varios a\u00f1os.<\/li>\n<\/ul>\n\n<p><strong>Cookies seg\u00fan su finalidad:<\/strong><\/p>\n\n<ul>\n<li>Cookies de an\u00e1lisis: Tratadas por el titular del sitio o por terceros, permiten cuantificar el n\u00famero de usuarios y realizar el an\u00e1lisis estad\u00edstico de la utilizaci\u00f3n que hacen los usuarios del servicio ofertado. Se analiza su navegaci\u00f3n en la p\u00e1gina web con el fin de mejorar la oferta de productos o servicios. <\/li>\n\n<li>Cookies publicitarias: Permiten la gesti\u00f3n, de la forma m\u00e1s eficaz posible, de los espacios publicitarios que, en su caso, el editor haya incluido en una p\u00e1gina web, aplicaci\u00f3n o plataforma desde la que presta el servicio solicitado, en base a criterios como el contenido editado o la frecuencia con la que se muestran los anuncios.<\/li>\n\n<li>Cookies sociales: Necesarias para redes sociales externas (Facebook, Google, Twitter, Pinterest, Instagram, etc.). Controlan la interacci\u00f3n con los widgets sociales dentro de la p\u00e1gina. <\/li>\n\n<li>Cookies de publicidad comportamental: Permiten la gesti\u00f3n, de la forma m\u00e1s eficaz posible, de los espacios publicitarios que, en su caso, el editor haya incluido en una p\u00e1gina web, aplicaci\u00f3n o plataforma desde la que presta el servicio solicitado. Estas cookies almacenan informaci\u00f3n del comportamiento de los usuarios obtenida a trav\u00e9s de la observaci\u00f3n continuada de sus h\u00e1bitos de navegaci\u00f3n, lo que permite desarrollar un perfil espec\u00edfico para mostrar publicidad en funci\u00f3n del mismo. Adem\u00e1s, al visitar una p\u00e1gina web o al abrir un email donde se haga alguna publicidad o promoci\u00f3n de alg\u00fan producto o servicio se puede instalar en el navegador alguna cookie que sirva para mostrar publicidad relacionada con la b\u00fasqueda que se haya realizado, controlar los anuncios en relaci\u00f3n, por ejemplo, con la frecuencia, el lugar y el momento en el que se visualizan.  <\/li>\n<\/ul>\n\n<p><strong>4. TIPOS DE COOKIES UTILIZADAS POR ESTE SITIO WEB<\/strong><\/p>\n\n<p>Las cookies utilizadas en nuestro sitio web son cookies de sesi\u00f3n y de terceros. Nos permiten almacenar y acceder a informaci\u00f3n relativa al idioma, tipo de navegador utilizado y otras caracter\u00edsticas definidas por el usuario, as\u00ed como realizar un seguimiento y an\u00e1lisis de la actividad del usuario para realizar mejoras y prestar servicios m\u00e1s eficientes y personalizados. Construcci\u00f3n y Miner\u00eda del Caribe S.L.U Metales Preciosos no utiliza cookies publicitarias ni de publicidad comportamental. El uso de cookies ofrece ventajas en la prestaci\u00f3n de servicios dentro de la sociedad de la informaci\u00f3n, facilitando la navegaci\u00f3n del usuario y el acceso a los diversos servicios ofrecidos por el sitio web, evitando la necesidad de configurar las caracter\u00edsticas generales predefinidas cada vez que se accede al sitio web, y mejorando el funcionamiento y los servicios prestados a trav\u00e9s del sitio web mediante el an\u00e1lisis de la informaci\u00f3n obtenida a trav\u00e9s de las cookies instaladas.   <\/p>\n\n<figure class=\"wp-block-table\">\n<table>\n<thead>\n<tr>\n<th>Nombre<\/th>\n<th>Tipo<\/th>\n<th>Caducidad<\/th>\n<th>Finalidad<\/th>\n<th>Clase<\/th>\n<\/tr>\n<\/thead>\n<tbody>\n<tr>\n<td>__ga<\/td>\n<td>De terceros (Google Analytics)<\/td>\n<td>12 meses<\/td>\n<td>Medici\u00f3n interna con Universal Analytics.<\/td>\n<td>No exceptuada<\/td>\n<\/tr>\n<tr>\n<td>__gat<\/td>\n<td>De terceros (Google Analytics)<\/td>\n<td>10 minutos<\/td>\n<td>Se utiliza para limitar la tasa de solicitudes.<\/td>\n<td>No exceptuada<\/td>\n<\/tr>\n<tr>\n<td>__gid<\/td>\n<td>De terceros (Google Analytics)<\/td>\n<td>24 horas<\/td>\n<td>Se utiliza para distinguir a los usuarios.<\/td>\n<td>No exceptuada<\/td>\n<\/tr>\n<tr>\n<td>NID<\/td>\n<td>De terceros (Google Analytics)<\/td>\n<td>6 meses<\/td>\n<td>Se utiliza para almacenar las preferencias e informaci\u00f3n del usuario durante la visualizaci\u00f3n de p\u00e1ginas con Google Maps.<\/td>\n<td>No exceptuada<\/td>\n<\/tr>\n<tr>\n<td>APISID<\/td>\n<td>De terceros (Google Analytics)<\/td>\n<td>2 a\u00f1os<\/td>\n<td>Se utiliza para almacenar las preferencias e informaci\u00f3n del usuario durante la visualizaci\u00f3n de p\u00e1ginas con Google Maps.<\/td>\n<td>No exceptuada<\/td>\n<\/tr>\n<tr>\n<td>HSID<\/td>\n<td>De terceros (Google Analytics)<\/td>\n<td>2 a\u00f1os<\/td>\n<td>Se utiliza para almacenar las preferencias e informaci\u00f3n del usuario durante la visualizaci\u00f3n de p\u00e1ginas con Google Maps.<\/td>\n<td>No exceptuada<\/td>\n<\/tr>\n<tr>\n<td>SAPISID<\/td>\n<td>De terceros (Google Analytics)<\/td>\n<td>2 a\u00f1os<\/td>\n<td>Se utiliza para almacenar las preferencias e informaci\u00f3n del usuario durante la visualizaci\u00f3n de p\u00e1ginas con Google Maps.<\/td>\n<td>No exceptuada<\/td>\n<\/tr>\n<tr>\n<td>SID<\/td>\n<td>De terceros (Google Analytics)<\/td>\n<td>2 a\u00f1os<\/td>\n<td>Se utiliza para almacenar las preferencias e informaci\u00f3n del usuario durante la visualizaci\u00f3n de p\u00e1ginas con Google Maps.<\/td>\n<td>No exceptuada<\/td>\n<\/tr>\n<tr>\n<td>SSID<\/td>\n<td>De terceros (Google Analytics)<\/td>\n<td>2 a\u00f1os<\/td>\n<td>Se utiliza para almacenar las preferencias e informaci\u00f3n del usuario durante la visualizaci\u00f3n de p\u00e1ginas con Google Maps.<\/td>\n<td>No exceptuada<\/td>\n<\/tr>\n<tr>\n<td>CONSENT<\/td>\n<td>De terceros (Google Analytics)<\/td>\n<td>22 a\u00f1os<\/td>\n<td>Bloquea completamente la navegaci\u00f3n hasta que el usuario consiente la instalaci\u00f3n de cookies.<\/td>\n<td>No exceptuada<\/td>\n<\/tr>\n<tr>\n<td>1P_JAR<\/td>\n<td>De terceros (Google Analytics)<\/td>\n<td>1 semana<\/td>\n<td>Transfiere datos a Google.<\/td>\n<td>No exceptuada<\/td>\n<\/tr>\n<\/tbody>\n<\/table>\n<\/figure>\n\n<p><strong>5. REVOCACI\u00d3N Y ELIMINACI\u00d3N DE COOKIES<\/strong><\/p>\n\n<p>Puede acceder a la configuraci\u00f3n de su navegador en cualquier momento para aceptar o rechazar todas las cookies o seleccionar cu\u00e1les aceptar y cu\u00e1les rechazar, siguiendo los procedimientos que dependen del navegador que utilice:<\/p>\n\n<p><strong>Google Chrome<\/strong> (en el men\u00fa de herramientas):<br>Configuraci\u00f3n &gt; Mostrar opciones avanzadas &gt; Privacidad (Configuraci\u00f3n de contenido) &gt; Cookies<br>M\u00e1s informaci\u00f3n: <a href=\"https:\/\/support.google.com\/chrome\/answer\/95647?hl=es\">Soporte de Google Chrome<\/a><\/p>\n\n<p><strong>Microsoft Internet Explorer<\/strong> (en el men\u00fa de herramientas):<br>Opciones de Internet &gt; Privacidad &gt; Avanzada<br>M\u00e1s informaci\u00f3n: <a href=\"http:\/\/windows.microsoft.com\/es-es\/internet-explorer\/delete-manage-cookies#ie-9\">Soporte de Internet Explorer<\/a><\/p>\n\n<p><strong>Firefox<\/strong>:<br>Opciones &gt; Privacidad &gt; Cookies<br>M\u00e1s informaci\u00f3n: <a href=\"http:\/\/support.mozilla.org\/es\/kb\/habilitar-y-deshabilitar-cookies-que-los-sitios-we\">Soporte de Mozilla<\/a><\/p>\n\n<p><strong>Safari, iPad, y iPhone<\/strong>:<br>Preferencias &gt; Privacidad<br>M\u00e1s informaci\u00f3n: <a href=\"http:\/\/help.opera.com\/Linux\/10.60\/es-ES\/cookies.html\">Soporte de Opera<\/a><\/p>\n\n<p><strong>6. PROVEEDORES DE SERVICIOS DE TERCEROS<\/strong><\/p>\n\n<p>Espec\u00edficamente, los proveedores de servicios de terceros con los que hemos contratado un servicio que requiere el uso de cookies son:<\/p>\n\n<figure class=\"wp-block-table\">\n<table>\n<thead>\n<tr>\n<th>Proveedor<\/th>\n<th>Finalidad del servicio y de la cookie<\/th>\n<th>Informaci\u00f3n del proveedor<\/th>\n<\/tr>\n<\/thead>\n<tbody>\n<tr>\n<td>GOOGLE Inc.<\/td>\n<td>An\u00e1lisis estad\u00edstico del sitio web en cuanto al n\u00famero de visitantes, p\u00e1ginas visitadas, palabras clave utilizadas, etc.<\/td>\n<td><a href=\"http:\/\/www.google.es\/intl\/es\/policies\/privacy\/\">Pol\u00edtica de privacidad de Google<\/a><\/td>\n<\/tr>\n<\/tbody>\n<\/table>\n<\/figure>\n<p> <\/p>\n<p><strong>7. IDENTIFICACI\u00d3N DEL RESPONSABLE DEL TRATAMIENTO<\/strong><\/p>\n<p data-renderer-start-pos=\"115\">Esta Pol\u00edtica de Cookies es gestionada por Notre Voute, S.L.U., con CIF B13.689.633, y domicilio social en Calle Rep\u00fablica Argentina, 22-1, Planta 2 \u2013 Oficina 7, 36201 Vigo, Pontevedra, Espa\u00f1a, como titular de este sitio web y responsable del tratamiento en relaci\u00f3n con el tratamiento de datos personales derivado del uso de cookies.<\/p>\n<p data-renderer-start-pos=\"433\">El uso de cookies en este sitio web se rige por el Reglamento (UE) 2016\/679 (Reglamento General de Protecci\u00f3n de Datos \u2013 RGPD) y la Ley 34\/2002, de 11 de julio, de servicios de la sociedad de la informaci\u00f3n y de comercio electr\u00f3nico (LSSI-CE), as\u00ed como por otras normativas aplicables en materia de protecci\u00f3n de datos.<\/p>\n<p data-renderer-start-pos=\"714\">Para cualquier consulta relacionada con el uso de cookies o el tratamiento de datos personales a trav\u00e9s de este sitio web, los usuarios pueden ponerse en contacto con la Empresa a trav\u00e9s de los datos de contacto facilitados en el sitio web.<\/p>\n\t\t\t\t\t\t\t\t<\/div>\n\t\t\t\t<\/div>\n\t\t\t\t\t<\/div>\n\t\t\t\t<\/div>\n\t\t\t\t<\/div>\n\t\t","protected":false},"excerpt":{"rendered":"<p>1. ANTECEDENTES De conformidad con la normativa espa\u00f1ola que regula el uso de cookies en relaci\u00f3n con la prestaci\u00f3n de servicios de comunicaciones electr\u00f3nicas, seg\u00fan lo establecido en el Real Decreto-Ley 13\/2012, de 30 de marzo, le informamos sobre las cookies utilizadas en el sitio web de Notre Voute S.L. Metales Preciosos y el motivo&#8230;<\/p>\n","protected":false},"author":1,"featured_media":0,"parent":0,"menu_order":0,"comment_status":"closed","ping_status":"closed","template":"","meta":{"_bst_post_transparent":"","_bst_post_title":"","_bst_post_layout":"","_bst_post_sidebar_id":"","_bst_post_content_style":"","_bst_post_vertical_padding":"","_bst_post_feature":"","_bst_post_feature_position":"","_bst_post_header":false,"_bst_post_footer":false,"footnotes":""},"class_list":["post-1220","page","type-page","status-publish","hentry"],"_links":{"self":[{"href":"https:\/\/notrevoute.com\/es\/wp-json\/wp\/v2\/pages\/1220","targetHints":{"allow":["GET"]}}],"collection":[{"href":"https:\/\/notrevoute.com\/es\/wp-json\/wp\/v2\/pages"}],"about":[{"href":"https:\/\/notrevoute.com\/es\/wp-json\/wp\/v2\/types\/page"}],"author":[{"embeddable":true,"href":"https:\/\/notrevoute.com\/es\/wp-json\/wp\/v2\/users\/1"}],"replies":[{"embeddable":true,"href":"https:\/\/notrevoute.com\/es\/wp-json\/wp\/v2\/comments?post=1220"}],"version-history":[{"count":2,"href":"https:\/\/notrevoute.com\/es\/wp-json\/wp\/v2\/pages\/1220\/revisions"}],"predecessor-version":[{"id":3312,"href":"https:\/\/notrevoute.com\/es\/wp-json\/wp\/v2\/pages\/1220\/revisions\/3312"}],"wp:attachment":[{"href":"https:\/\/notrevoute.com\/es\/wp-json\/wp\/v2\/media?parent=1220"}],"curies":[{"name":"wp","href":"https:\/\/api.w.org\/{rel}","templated":true}]}}