{"id":3297,"date":"2026-01-14T23:45:55","date_gmt":"2026-01-14T23:45:55","guid":{"rendered":"https:\/\/staging.notrevoute.com\/panel-de-gestion-de-notre-voute\/"},"modified":"2026-02-23T13:20:59","modified_gmt":"2026-02-23T13:20:59","slug":"panel-de-gestion-de-notre-voute","status":"publish","type":"page","link":"https:\/\/notrevoute.com\/es\/panel-de-gestion-de-notre-voute\/","title":{"rendered":"Panel de gesti\u00f3n de Notre Voute"},"content":{"rendered":"\n<figure class=\"wp-block-image aligncenter size-full is-resized\"><img decoding=\"async\" src=\"https:\/\/notrevoute.com\/wp-content\/uploads\/2024\/06\/logo_mono_light.svg\" alt=\"\" class=\"wp-image-574\" style=\"aspect-ratio:3.2;width:279px;height:auto\"\/><\/figure>\n\n<h2 class=\"wp-block-heading\" id=\"htoc-description\"><span id=\"bppb-heading-anchor-1\"><\/span>Descripci\u00f3n<\/h2>\n\n<p>Bienvenido al panel de gesti\u00f3n de Notre Voute. Aqu\u00ed encontrar\u00e1 gu\u00edas que le ayudar\u00e1n con algunos aspectos de la gesti\u00f3n. <\/p>\n\n<h4 class=\"wp-block-heading\">Producto<\/h4>\n\n<ul class=\"wp-block-list\">\n<li><a href=\"https:\/\/docs.google.com\/document\/d\/1jmox0lrbKft2lWqCjEg8xDYv2GMtDbN3eRKziKEmKlE\/edit?usp=sharing\" target=\"_blank\" rel=\"noreferrer noopener\">SKU del producto de NotreVoute<\/a><\/li>\n\n\n\n<li><a href=\"https:\/\/docs.google.com\/document\/d\/1xfwVG5a5ZENQPUENA1h1zlAVV_gNdbnQZLCgxlwzhtE\/edit?usp=sharing\" target=\"_blank\" rel=\"noreferrer noopener\">Nombre del producto de NotreVoute<\/a><\/li>\n\n\n\n<li><a href=\"https:\/\/docs.google.com\/document\/d\/1PCS1u26HlifkMoyR-0QLcmOke5bpTgk0AWK9hCN-Veg\/edit?usp=sharing\" target=\"_blank\" rel=\"noreferrer noopener\">Descripci\u00f3n del producto de NotreVoute<\/a><\/li>\n\n\n\n<li><a href=\"https:\/\/docs.google.com\/document\/d\/12fnLrbEME2PVslhfKPo1TLKe2NybO2Qe7DpRvePzRU8\/edit?usp=sharing\">Creaci\u00f3n de im\u00e1genes de producto de NotreVoute<\/a><\/li>\n\n\n\n<li><a href=\"https:\/\/docs.google.com\/document\/d\/1Y2MRy5TYKvhDVsbcR6oaCjmqEADairSSR76vAALo4b8\/edit?usp=sharing\" target=\"_blank\" rel=\"noreferrer noopener\">Gu\u00eda de creaci\u00f3n de productos de NotreVoute<\/a><\/li>\n<\/ul>\n\n<h4 class=\"wp-block-heading\">Promociones<\/h4>\n\n<ul class=\"wp-block-list\">\n<li><a href=\"https:\/\/docs.google.com\/document\/d\/1U9rWsD2uOudc7CAXy1kAc4I7Lbg3Rvnsj4MzCfuI5Uo\/edit?usp=sharing\" target=\"_blank\" rel=\"noreferrer noopener\">Gu\u00eda de promociones web de NotreVoute<\/a><\/li>\n<\/ul>\n\n<p><\/p>\n","protected":false},"excerpt":{"rendered":"<p>Descripci\u00f3n Bienvenido al panel de gesti\u00f3n de Notre Voute. Aqu\u00ed encontrar\u00e1 gu\u00edas que le ayudar\u00e1n con algunos aspectos de la gesti\u00f3n. Producto Promociones<\/p>\n","protected":false},"author":1,"featured_media":0,"parent":0,"menu_order":0,"comment_status":"closed","ping_status":"closed","template":"","meta":{"_bst_post_transparent":"","_bst_post_title":"","_bst_post_layout":"","_bst_post_sidebar_id":"","_bst_post_content_style":"","_bst_post_vertical_padding":"","_bst_post_feature":"","_bst_post_feature_position":"","_bst_post_header":false,"_bst_post_footer":false,"footnotes":""},"class_list":["post-3297","page","type-page","status-publish","hentry"],"_links":{"self":[{"href":"https:\/\/notrevoute.com\/es\/wp-json\/wp\/v2\/pages\/3297","targetHints":{"allow":["GET"]}}],"collection":[{"href":"https:\/\/notrevoute.com\/es\/wp-json\/wp\/v2\/pages"}],"about":[{"href":"https:\/\/notrevoute.com\/es\/wp-json\/wp\/v2\/types\/page"}],"author":[{"embeddable":true,"href":"https:\/\/notrevoute.com\/es\/wp-json\/wp\/v2\/users\/1"}],"replies":[{"embeddable":true,"href":"https:\/\/notrevoute.com\/es\/wp-json\/wp\/v2\/comments?post=3297"}],"version-history":[{"count":1,"href":"https:\/\/notrevoute.com\/es\/wp-json\/wp\/v2\/pages\/3297\/revisions"}],"predecessor-version":[{"id":3298,"href":"https:\/\/notrevoute.com\/es\/wp-json\/wp\/v2\/pages\/3297\/revisions\/3298"}],"wp:attachment":[{"href":"https:\/\/notrevoute.com\/es\/wp-json\/wp\/v2\/media?parent=3297"}],"curies":[{"name":"wp","href":"https:\/\/api.w.org\/{rel}","templated":true}]}}