{"id":1297,"date":"2024-10-05T10:58:03","date_gmt":"2024-10-05T10:58:03","guid":{"rendered":"https:\/\/staging.notrevoute.com\/product\/lingote-de-oro-geiger-original-de-5-gr\/"},"modified":"2026-02-27T10:53:36","modified_gmt":"2026-02-27T10:53:36","slug":"lingote-de-oro-geiger-original-de-5-gr","status":"publish","type":"product","link":"https:\/\/notrevoute.com\/es\/tienda\/oro\/lingote-de-oro-geiger-original-de-5-gr\/","title":{"rendered":"Lingote de oro Geiger original de 5 gr"},"content":{"rendered":"<table class=\"bordered\" style=\"font-family: var(--global-body-font-family); height: 429px;\" width=\"989\">\n<tbody>\n<tr>\n<th colspan=\"2\">DETALLES T\u00c9CNICOS<\/th>\n<\/tr>\n<tr>\n<td style=\"width: 150px;\"><strong>Pa\u00eds<\/strong><\/td>\n<td>Alemania<\/td>\n<\/tr>\n<tr>\n<td style=\"width: 150px;\"><strong>Metal<\/strong><\/td>\n<td>Oro<\/td>\n<\/tr>\n<tr>\n<td style=\"width: 150px;\"><strong>Pureza<\/strong><\/td>\n<td>.999<\/td>\n<\/tr>\n<tr>\n<td style=\"width: 150px;\"><strong>Peso (g)<\/strong><\/td>\n<td>5gr<\/td>\n<\/tr>\n<tr>\n<td style=\"width: 150px;\"><strong>Certificado (COA)<\/strong><\/td>\n<td>S\u00ed<\/td>\n<\/tr>\n<tr>\n<td style=\"width: 150px;\"><strong>Presentaci\u00f3n (caja)<\/strong><\/td>\n<td>Encapsulado en refiner\u00eda<\/td>\n<\/tr>\n<\/tbody>\n<\/table>\n","protected":false},"excerpt":{"rendered":"<div id=\"product-description-short-11868\" class=\"rte-content product-description\">\n<div id=\"short_description_block\">\n<div id=\"short_description_content\" class=\"rte align_justify\">\n<p><span data-sheets-root=\"1\">Una barra de oro compacta de 5 g de Geiger Edelmetalle, fabricada en oro fino de 0,9999 y conocida por su acabado de precisi\u00f3n y presentaci\u00f3n premium. La l\u00ednea \u00abGeiger original\u00bb es popular entre compradores que buscan incrementos peque\u00f1os y negociables de oro f\u00edsico con un fuerte reconocimiento de marca. Es un tama\u00f1o de entrada ideal para regalar o acumular gradualmente, al tiempo que ofrece el perfil de preservaci\u00f3n de valor a largo plazo por el que se compra el oro.  <\/span><\/p>\n<\/div>\n<\/div>\n<\/div>\n","protected":false},"featured_media":1299,"template":"","meta":{"_bst_post_transparent":"","_bst_post_title":"","_bst_post_layout":"","_bst_post_sidebar_id":"","_bst_post_content_style":"","_bst_post_vertical_padding":"","_bst_post_feature":"","_bst_post_feature_position":"","_bst_post_header":false,"_bst_post_footer":false},"product_brand":[],"product_cat":[144,143],"product_tag":[],"class_list":{"0":"post-1297","1":"product","2":"type-product","3":"status-publish","4":"has-post-thumbnail","6":"product_cat-lingotes-oro","7":"product_cat-oro","9":"first","10":"outofstock","11":"featured","12":"taxable","13":"shipping-taxable","14":"purchasable","15":"product-type-simple","16":"entry","17":"content-bg","18":"loop-entry"},"_links":{"self":[{"href":"https:\/\/notrevoute.com\/es\/wp-json\/wp\/v2\/product\/1297","targetHints":{"allow":["GET"]}}],"collection":[{"href":"https:\/\/notrevoute.com\/es\/wp-json\/wp\/v2\/product"}],"about":[{"href":"https:\/\/notrevoute.com\/es\/wp-json\/wp\/v2\/types\/product"}],"wp:featuredmedia":[{"embeddable":true,"href":"https:\/\/notrevoute.com\/es\/wp-json\/wp\/v2\/media\/1299"}],"wp:attachment":[{"href":"https:\/\/notrevoute.com\/es\/wp-json\/wp\/v2\/media?parent=1297"}],"wp:term":[{"taxonomy":"product_brand","embeddable":true,"href":"https:\/\/notrevoute.com\/es\/wp-json\/wp\/v2\/product_brand?post=1297"},{"taxonomy":"product_cat","embeddable":true,"href":"https:\/\/notrevoute.com\/es\/wp-json\/wp\/v2\/product_cat?post=1297"},{"taxonomy":"product_tag","embeddable":true,"href":"https:\/\/notrevoute.com\/es\/wp-json\/wp\/v2\/product_tag?post=1297"}],"curies":[{"name":"wp","href":"https:\/\/api.w.org\/{rel}","templated":true}]}}