{"id":1307,"date":"2024-07-19T09:51:52","date_gmt":"2024-07-19T09:51:52","guid":{"rendered":"https:\/\/staging.notrevoute.com\/product\/acolchado-blanco-para-capsula-de-51-mm\/"},"modified":"2026-03-12T13:24:41","modified_gmt":"2026-03-12T13:24:41","slug":"acolchado-blanco-para-capsula-de-51-mm","status":"publish","type":"product","link":"https:\/\/notrevoute.com\/es\/tienda\/accesorios\/acolchado-blanco-para-capsula-de-51-mm\/","title":{"rendered":"C\u00e1psula de 51 mm (PS) acolchado blanco"},"content":{"rendered":"<p><em><strong>C\u00e1psula de pl\u00e1stico para monedas con relleno recortable blanco<\/p>\n<p>Material: Poliestireno (PS)<br \/>\n<\/strong><\/em><\/p>\n<p>Dimensiones:<br \/>\nInterior : 46,4mm<br \/>\nExterior : 51,3mm<\/p>\n<p>&nbsp;<\/p>\n","protected":false},"excerpt":{"rendered":"<p><em><strong>C\u00e1psula de pl\u00e1stico para monedas con acolchado blanco recortable<\/strong><\/em><\/p>\n<p>Ideal para cualquier moneda de oro o plata con un di\u00e1metro de hasta 46 mm.<\/p>\n<p>Dimensiones:<br \/>\nInterior: 46,4 mm<br \/>\nExterior: 51,3 mm<\/p>\n","protected":false},"featured_media":1308,"template":"","meta":{"_bst_post_transparent":"","_bst_post_title":"","_bst_post_layout":"","_bst_post_sidebar_id":"","_bst_post_content_style":"","_bst_post_vertical_padding":"","_bst_post_feature":"","_bst_post_feature_position":"","_bst_post_header":false,"_bst_post_footer":false},"product_brand":[233],"product_cat":[140],"product_tag":[],"class_list":{"0":"post-1307","1":"product","2":"type-product","3":"status-publish","4":"has-post-thumbnail","6":"product_brand-generic-mint","7":"product_cat-accesorios","9":"first","10":"instock","11":"taxable","12":"shipping-taxable","13":"purchasable","14":"product-type-simple","15":"entry","16":"content-bg","17":"loop-entry"},"_links":{"self":[{"href":"https:\/\/notrevoute.com\/es\/wp-json\/wp\/v2\/product\/1307","targetHints":{"allow":["GET"]}}],"collection":[{"href":"https:\/\/notrevoute.com\/es\/wp-json\/wp\/v2\/product"}],"about":[{"href":"https:\/\/notrevoute.com\/es\/wp-json\/wp\/v2\/types\/product"}],"wp:featuredmedia":[{"embeddable":true,"href":"https:\/\/notrevoute.com\/es\/wp-json\/wp\/v2\/media\/1308"}],"wp:attachment":[{"href":"https:\/\/notrevoute.com\/es\/wp-json\/wp\/v2\/media?parent=1307"}],"wp:term":[{"taxonomy":"product_brand","embeddable":true,"href":"https:\/\/notrevoute.com\/es\/wp-json\/wp\/v2\/product_brand?post=1307"},{"taxonomy":"product_cat","embeddable":true,"href":"https:\/\/notrevoute.com\/es\/wp-json\/wp\/v2\/product_cat?post=1307"},{"taxonomy":"product_tag","embeddable":true,"href":"https:\/\/notrevoute.com\/es\/wp-json\/wp\/v2\/product_tag?post=1307"}],"curies":[{"name":"wp","href":"https:\/\/api.w.org\/{rel}","templated":true}]}}