{"id":1322,"date":"2024-10-08T20:41:11","date_gmt":"2024-10-08T20:41:11","guid":{"rendered":"https:\/\/staging.notrevoute.com\/product\/moneda-de-plata-phyton-hunters-by-night-2022-de-2-oz-de-palaos-coloreada\/"},"modified":"2025-12-28T11:59:39","modified_gmt":"2025-12-28T11:59:39","slug":"moneda-de-plata-phyton-hunters-by-night-2022-de-2-oz-de-palaos-coloreada","status":"publish","type":"product","link":"https:\/\/notrevoute.com\/es\/tienda\/plata\/moneda-de-plata-phyton-hunters-by-night-2022-de-2-oz-de-palaos-coloreada\/","title":{"rendered":"Moneda de plata Phyton Hunters by Night 2022 de 2 oz de Palaos coloreada"},"content":{"rendered":"<table class=\"bordered\" style=\"font-family: var(--global-body-font-family);\">\n<tbody>\n<tr>\n<th colspan=\"2\">DETALLES T\u00c9CNICOS<\/th>\n<\/tr>\n<tr>\n<td style=\"width: 150px;\"><strong>Pa\u00eds<\/strong><\/td>\n<td>Rep\u00fablica de Palaos<\/td>\n<\/tr>\n<tr>\n<td style=\"width: 150px;\"><strong>A\u00f1o<\/strong><\/td>\n<td>2022<\/td>\n<\/tr>\n<tr>\n<td style=\"width: 150px;\"><strong>Valor nominal<br \/>\n<\/strong><\/td>\n<td>10 USD<\/td>\n<\/tr>\n<tr>\n<td style=\"width: 150px;\"><strong>Metal<\/strong><\/td>\n<td>Plata<\/td>\n<\/tr>\n<tr>\n<td style=\"width: 150px;\"><strong>Pureza<\/strong><\/td>\n<td>.999<\/td>\n<\/tr>\n<tr>\n<td style=\"width: 150px;\"><strong>Peso (g)<\/strong><\/td>\n<td>31,10 (1 oz)<\/td>\n<\/tr>\n<tr>\n<td style=\"width: 150px;\"><strong>Di\u00e1metro (mm)<\/strong><\/td>\n<td>38.61<\/td>\n<\/tr>\n<tr>\n<td style=\"width: 150px;\"><strong>Calidad<\/strong><\/td>\n<td>BU &#8211; Coloreada<\/td>\n<\/tr>\n<tr>\n<td style=\"width: 150px;\"><strong>Tirada (uds.)<\/strong><\/td>\n<td>888<\/td>\n<\/tr>\n<tr>\n<td style=\"width: 150px;\"><strong>Certificado (COA)<\/strong><\/td>\n<td>S\u00ed<\/td>\n<\/tr>\n<tr>\n<td style=\"width: 150px;\"><strong>Estuche (caja)<\/strong><\/td>\n<td>S\u00ed<\/td>\n<\/tr>\n<\/tbody>\n<\/table>\n","protected":false},"excerpt":{"rendered":"<div id=\"product-description-short-11868\" class=\"rte-content product-description\">\n<div id=\"short_description_block\">\n<div id=\"short_description_content\" class=\"rte align_justify\">\n<p><span data-sheets-root=\"1\"><span data-sheets-root=\"1\"><em><strong>Moneda de plata Phyton Hunters by Night 2022<\/strong><\/em><\/span><\/span><\/p>\n<p>La moneda \u00abPhyton Hunters by Night 2022\u00bb es el tercer lanzamiento de la serie \u00abHunters by Night\u00bb de la Rep\u00fablica de Palaos, que celebra a algunos de los depredadores nocturnos m\u00e1s distintivos del mundo. Esta edici\u00f3n est\u00e1 dedicada a la pit\u00f3n de cabeza negra, una serpiente conocida por su caza sigilosa y su adaptaci\u00f3n a las condiciones nocturnas. El dise\u00f1o de la moneda captura a la pit\u00f3n con su cabeza oscura y sus penetrantes ojos dorados, creando una impresi\u00f3n de amenaza y misticismo que refleja la esencia de este depredador.  <\/p>\n<p><strong>Detalles t\u00e9cnicos<\/strong><br \/>\nAcu\u00f1ada en 2 onzas troy de plata pura .999, la moneda presenta un acabado de prueba Obsidian Black con un relieve ultra alto que destaca la cabeza detallada de la pit\u00f3n. La moneda mide 38,61 mm de di\u00e1metro y tiene un valor nominal de 10 $ emitido por la Rep\u00fablica de Palaos. El anverso muestra el escudo de armas de Palaos rodeado de un cielo estrellado y un paisaje monta\u00f1oso, mientras que el reverso muestra la cabeza de la pit\u00f3n en relieve, capturando su intensa mirada y su lengua parpadeante. La acu\u00f1aci\u00f3n est\u00e1 limitada a solo 888 piezas, lo que la hace muy exclusiva y codiciada entre los coleccionistas.   <\/p>\n<p><strong>Valor y exclusividad<\/strong><br \/>\nCon una acu\u00f1aci\u00f3n limitada de solo 888 unidades, la \u00abPhyton Hunters by Night 2022\u00bb es una adici\u00f3n \u00fanica y valiosa a cualquier colecci\u00f3n. Su dise\u00f1o detallado y el uso de la tecnolog\u00eda Smartminting proporcionan un acabado de calidad excepcionalmente alta que captura la esencia de la pit\u00f3n de manera realista. Esta moneda no solo representa una inversi\u00f3n segura en plata de alta pureza, sino tambi\u00e9n un homenaje art\u00edstico a los depredadores nocturnos que inspiran la serie  <\/p>\n<\/div>\n<\/div>\n<\/div>\n","protected":false},"featured_media":1325,"template":"","meta":{"_bst_post_transparent":"","_bst_post_title":"","_bst_post_layout":"","_bst_post_sidebar_id":"","_bst_post_content_style":"","_bst_post_vertical_padding":"","_bst_post_feature":"","_bst_post_feature_position":"","_bst_post_header":false,"_bst_post_footer":false},"product_brand":[],"product_cat":[145,141],"product_tag":[150,151],"class_list":{"0":"post-1322","1":"product","2":"type-product","3":"status-publish","4":"has-post-thumbnail","6":"product_cat-coleccionables-plata","7":"product_cat-plata","8":"product_tag-coloreada","9":"product_tag-hunters-by-night","11":"first","12":"outofstock","13":"featured","14":"taxable","15":"shipping-taxable","16":"purchasable","17":"product-type-simple","18":"entry","19":"content-bg","20":"loop-entry"},"_links":{"self":[{"href":"https:\/\/notrevoute.com\/es\/wp-json\/wp\/v2\/product\/1322","targetHints":{"allow":["GET"]}}],"collection":[{"href":"https:\/\/notrevoute.com\/es\/wp-json\/wp\/v2\/product"}],"about":[{"href":"https:\/\/notrevoute.com\/es\/wp-json\/wp\/v2\/types\/product"}],"wp:featuredmedia":[{"embeddable":true,"href":"https:\/\/notrevoute.com\/es\/wp-json\/wp\/v2\/media\/1325"}],"wp:attachment":[{"href":"https:\/\/notrevoute.com\/es\/wp-json\/wp\/v2\/media?parent=1322"}],"wp:term":[{"taxonomy":"product_brand","embeddable":true,"href":"https:\/\/notrevoute.com\/es\/wp-json\/wp\/v2\/product_brand?post=1322"},{"taxonomy":"product_cat","embeddable":true,"href":"https:\/\/notrevoute.com\/es\/wp-json\/wp\/v2\/product_cat?post=1322"},{"taxonomy":"product_tag","embeddable":true,"href":"https:\/\/notrevoute.com\/es\/wp-json\/wp\/v2\/product_tag?post=1322"}],"curies":[{"name":"wp","href":"https:\/\/api.w.org\/{rel}","templated":true}]}}