{"id":1323,"date":"2024-10-14T15:22:46","date_gmt":"2024-10-14T15:22:46","guid":{"rendered":"https:\/\/staging.notrevoute.com\/product\/moneda-de-plata-dama-de-la-muerte-steampunk-dia-de-muertos-2024-1-oz-mexico-coloreada\/"},"modified":"2026-04-01T18:53:49","modified_gmt":"2026-04-01T18:53:49","slug":"moneda-de-plata-dama-de-la-muerte-steampunk-dia-de-muertos-2024-1-oz-mexico-coloreada","status":"publish","type":"product","link":"https:\/\/notrevoute.com\/es\/tienda\/plata\/moneda-de-plata-dama-de-la-muerte-steampunk-dia-de-muertos-2024-1-oz-mexico-coloreada\/","title":{"rendered":"Moneda de Plata Dama de la Muerte Steampunk D\u00eda de Muertos 2024 1 oz M\u00e9xico Coloreada"},"content":{"rendered":"<table class=\"bordered\" style=\"font-family: var(--global-body-font-family);\">\n<tbody>\n<tr>\n<th colspan=\"2\">DETALLES T\u00c9CNICOS<\/th>\n<\/tr>\n<tr>\n<td style=\"width: 150px;\"><strong>Pa\u00eds<\/strong><\/td>\n<td>M\u00e9xico<\/td>\n<\/tr>\n<tr>\n<td style=\"width: 150px;\"><strong>A\u00f1o<\/strong><\/td>\n<td>2024<\/td>\n<\/tr>\n<tr>\n<td style=\"width: 150px;\"><strong>Valor Facial<br \/>\n<\/strong><\/td>\n<td>N\/A<\/td>\n<\/tr>\n<tr>\n<td style=\"width: 150px;\"><strong>Metal<\/strong><\/td>\n<td>Plata<\/td>\n<\/tr>\n<tr>\n<td style=\"width: 150px;\"><strong>Pureza<\/strong><\/td>\n<td>.999<\/td>\n<\/tr>\n<tr>\n<td style=\"width: 150px;\"><strong>Peso (g)<\/strong><\/td>\n<td>31,10 (1 oz)<\/td>\n<\/tr>\n<tr>\n<td style=\"width: 150px;\"><strong>Di\u00e1metro (mm)<\/strong><\/td>\n<td>40.6<\/td>\n<\/tr>\n<tr>\n<td style=\"width: 150px;\"><strong>Calidad<\/strong><\/td>\n<td>BU &#8211; Coloreada<\/td>\n<\/tr>\n<tr>\n<td style=\"width: 150px;\"><strong>Tirada (uds)<\/strong><\/td>\n<td>100<\/td>\n<\/tr>\n<tr>\n<td style=\"width: 150px;\"><strong>Certificado (COA)<\/strong><\/td>\n<td>S\u00ed<\/td>\n<\/tr>\n<tr>\n<td style=\"width: 150px;\"><strong>Estuche (caja)<\/strong><\/td>\n<td>S\u00ed<\/td>\n<\/tr>\n<\/tbody>\n<\/table>\n","protected":false},"excerpt":{"rendered":"<div id=\"product-description-short-11868\" class=\"rte-content product-description\">\n<div id=\"short_description_block\">\n<div id=\"short_description_content\" class=\"rte align_justify\">\n<p><span data-sheets-root=\"1\"><span data-sheets-root=\"1\"><em><strong>Moneda de Plata Dama de la Muerte Steampunk 2024<\/strong><\/em><\/span><\/span><\/p>\n<p>La moneda \u00abDama de la Muerte Steampunk 2024\u00bb conmemora el D\u00eda de Muertos fusionando el simbolismo tradicional con elementos mec\u00e1nicos y engranajes caracter\u00edsticos del g\u00e9nero steampunk. El dise\u00f1o de la moneda presenta a la Dama de la Muerte luciendo un sombrero de copa adornado con rosas y engranajes, rodeada de velas que iluminan el ambiente festivo y misterioso de la pieza. Esta combinaci\u00f3n de detalles captura la esencia del D\u00eda de Muertos, mezclando solemnidad con celebraci\u00f3n.  <\/p>\n<p><strong>Detalles T\u00e9cnicos<br \/>\n<\/strong>Acu\u00f1ada en 1 onza troy de plata fina .999, la moneda mide 40,6 mm de di\u00e1metro y presenta un acabado Brillante Sin Circular (BU). El anverso muestra el Escudo Nacional Mexicano, rodeado de versiones hist\u00f3ricas del emblema nacional. El reverso muestra a la Dama de la Muerte con su dise\u00f1o de tem\u00e1tica steampunk, junto con inscripciones que indican el peso \u00ab1 ONZA PLATA PURA\u00bb, el a\u00f1o de emisi\u00f3n \u00ab2024\u00bb y la pureza de la plata \u00abLEY .999\u00bb. El tiraje de la moneda est\u00e1 limitado a solo 100 piezas, lo que la convierte en una edici\u00f3n extremadamente exclusiva y codiciada entre los coleccionistas.   <\/p>\n<p><strong>Valor y Exclusividad<\/strong><br \/>\nCon un tiraje de solo 100 piezas en todo el mundo, la \u00abDama de la Muerte Steampunk 2024\u00bb es una moneda excepcional por su dise\u00f1o y simbolismo. La combinaci\u00f3n del tema steampunk con la tradici\u00f3n mexicana del D\u00eda de Muertos hace de esta moneda una adici\u00f3n \u00fanica y valiosa a cualquier colecci\u00f3n que busque piezas de edici\u00f3n limitada con un profundo significado cultural. <\/p>\n<\/div>\n<\/div>\n<\/div>\n","protected":false},"featured_media":1324,"template":"","meta":{"_bst_post_transparent":"default","_bst_post_title":"","_bst_post_layout":"default","_bst_post_sidebar_id":"","_bst_post_content_style":"default","_bst_post_vertical_padding":"default","_bst_post_feature":"","_bst_post_feature_position":"","_bst_post_header":false,"_bst_post_footer":false},"product_brand":[],"product_cat":[145,141,149],"product_tag":[148,146],"class_list":{"0":"post-1323","1":"product","2":"type-product","3":"status-publish","4":"has-post-thumbnail","6":"product_cat-coleccionables-plata","7":"product_cat-plata","8":"product_cat-preventas","9":"product_tag-dia-de-muertos","10":"product_tag-mexico","12":"first","13":"instock","14":"featured","15":"taxable","16":"shipping-taxable","17":"purchasable","18":"product-type-simple","19":"entry","20":"content-bg","21":"loop-entry"},"_links":{"self":[{"href":"https:\/\/notrevoute.com\/es\/wp-json\/wp\/v2\/product\/1323","targetHints":{"allow":["GET"]}}],"collection":[{"href":"https:\/\/notrevoute.com\/es\/wp-json\/wp\/v2\/product"}],"about":[{"href":"https:\/\/notrevoute.com\/es\/wp-json\/wp\/v2\/types\/product"}],"wp:featuredmedia":[{"embeddable":true,"href":"https:\/\/notrevoute.com\/es\/wp-json\/wp\/v2\/media\/1324"}],"wp:attachment":[{"href":"https:\/\/notrevoute.com\/es\/wp-json\/wp\/v2\/media?parent=1323"}],"wp:term":[{"taxonomy":"product_brand","embeddable":true,"href":"https:\/\/notrevoute.com\/es\/wp-json\/wp\/v2\/product_brand?post=1323"},{"taxonomy":"product_cat","embeddable":true,"href":"https:\/\/notrevoute.com\/es\/wp-json\/wp\/v2\/product_cat?post=1323"},{"taxonomy":"product_tag","embeddable":true,"href":"https:\/\/notrevoute.com\/es\/wp-json\/wp\/v2\/product_tag?post=1323"}],"curies":[{"name":"wp","href":"https:\/\/api.w.org\/{rel}","templated":true}]}}