{"id":1335,"date":"2024-10-08T20:55:35","date_gmt":"2024-10-08T20:55:35","guid":{"rendered":"https:\/\/staging.notrevoute.com\/product\/bella-ciao-2022-moneda-de-plata-1-oz-niue-proof-like-calidad-proof\/"},"modified":"2026-02-27T10:53:57","modified_gmt":"2026-02-27T10:53:57","slug":"bella-ciao-2022-moneda-de-plata-1-oz-niue-proof-like-calidad-proof","status":"publish","type":"product","link":"https:\/\/notrevoute.com\/es\/tienda\/plata\/bella-ciao-2022-moneda-de-plata-1-oz-niue-proof-like-calidad-proof\/","title":{"rendered":"Bella Ciao 2022 Moneda de Plata 1 oz Niue Proof Like (Calidad Proof)"},"content":{"rendered":"<table class=\"bordered\" style=\"font-family: var(--global-body-font-family)\">\n<tbody>\n<tr>\n<th colspan=\"2\">DETALLES T\u00c9CNICOS<\/th>\n<\/tr>\n<tr>\n<td style=\"width: 150px\"><strong>Pa\u00eds<\/strong><\/td>\n<td>Niue<\/td>\n<\/tr>\n<tr>\n<td style=\"width: 150px\"><strong>A\u00f1o<\/strong><\/td>\n<td>2022<\/td>\n<\/tr>\n<tr>\n<td style=\"width: 150px\"><strong>Valor Facial<br \/>\n<\/strong><\/td>\n<td>2 NZD<\/td>\n<\/tr>\n<tr>\n<td style=\"width: 150px\"><strong>Metal<\/strong><\/td>\n<td>Plata<\/td>\n<\/tr>\n<tr>\n<td style=\"width: 150px\"><strong>Pureza<\/strong><\/td>\n<td>.999<\/td>\n<\/tr>\n<tr>\n<td style=\"width: 150px\"><strong>Peso (g)<\/strong><\/td>\n<td>31,10 (1 oz)<\/td>\n<\/tr>\n<tr>\n<td style=\"width: 150px\"><strong>Di\u00e1metro (mm)<\/strong><\/td>\n<td>38<\/td>\n<\/tr>\n<tr>\n<td style=\"width: 150px\"><strong>Calidad<\/strong><\/td>\n<td>Proof Like (Calidad Proof)<\/td>\n<\/tr>\n<tr>\n<td style=\"width: 150px\"><strong>Tirada (uds)<\/strong><\/td>\n<td>2022<\/td>\n<\/tr>\n<tr>\n<td style=\"width: 150px\"><strong>Certificado (COA)<\/strong><\/td>\n<td>S\u00ed<\/td>\n<\/tr>\n<tr>\n<td style=\"width: 150px\"><strong>Presentaci\u00f3n (caja)<\/strong><\/td>\n<td>S\u00ed<\/td>\n<\/tr>\n<\/tbody>\n<\/table>\n","protected":false},"excerpt":{"rendered":"<div id=\"product-description-short-11868\" class=\"rte-content product-description\">\n<div id=\"short_description_block\">\n<div id=\"short_description_content\" class=\"rte align_justify\">\n<p><span data-sheets-root=\"1\">Moneda de 1 oz de plata fina .9999 para Niue, producida por Pressburg Mint, que celebra la ic\u00f3nica canci\u00f3n popular italiana \u00abBella Ciao\u00bb. Emitida con acabado tipo proof y normalmente presentada en un embalaje espec\u00edfico, se posiciona como un coleccionable de edici\u00f3n limitada con atractivo cultural. Una buena opci\u00f3n para compradores que buscan una presentaci\u00f3n premium y un dise\u00f1o tem\u00e1tico, manteniendo la tranquilidad de una base de plata de alta pureza.  <\/span><\/p>\n<\/div>\n<\/div>\n<\/div>\n","protected":false},"featured_media":1337,"template":"","meta":{"_bst_post_transparent":"","_bst_post_title":"","_bst_post_layout":"","_bst_post_sidebar_id":"","_bst_post_content_style":"","_bst_post_vertical_padding":"","_bst_post_feature":"","_bst_post_feature_position":"","_bst_post_header":false,"_bst_post_footer":false},"product_brand":[],"product_cat":[142,141],"product_tag":[154,155],"class_list":{"0":"post-1335","1":"product","2":"type-product","3":"status-publish","4":"has-post-thumbnail","6":"product_cat-monedas-plata","7":"product_cat-plata","8":"product_tag-niue","9":"product_tag-prooflike","11":"first","12":"outofstock","13":"featured","14":"taxable","15":"shipping-taxable","16":"purchasable","17":"product-type-simple","18":"entry","19":"content-bg","20":"loop-entry"},"_links":{"self":[{"href":"https:\/\/notrevoute.com\/es\/wp-json\/wp\/v2\/product\/1335","targetHints":{"allow":["GET"]}}],"collection":[{"href":"https:\/\/notrevoute.com\/es\/wp-json\/wp\/v2\/product"}],"about":[{"href":"https:\/\/notrevoute.com\/es\/wp-json\/wp\/v2\/types\/product"}],"wp:featuredmedia":[{"embeddable":true,"href":"https:\/\/notrevoute.com\/es\/wp-json\/wp\/v2\/media\/1337"}],"wp:attachment":[{"href":"https:\/\/notrevoute.com\/es\/wp-json\/wp\/v2\/media?parent=1335"}],"wp:term":[{"taxonomy":"product_brand","embeddable":true,"href":"https:\/\/notrevoute.com\/es\/wp-json\/wp\/v2\/product_brand?post=1335"},{"taxonomy":"product_cat","embeddable":true,"href":"https:\/\/notrevoute.com\/es\/wp-json\/wp\/v2\/product_cat?post=1335"},{"taxonomy":"product_tag","embeddable":true,"href":"https:\/\/notrevoute.com\/es\/wp-json\/wp\/v2\/product_tag?post=1335"}],"curies":[{"name":"wp","href":"https:\/\/api.w.org\/{rel}","templated":true}]}}