{"id":1355,"date":"2024-10-08T20:31:48","date_gmt":"2024-10-08T20:31:48","guid":{"rendered":"https:\/\/staging.notrevoute.com\/product\/moneda-de-plata-bitcoin-2024-1-oz-niue-bullion\/"},"modified":"2026-02-27T10:55:00","modified_gmt":"2026-02-27T10:55:00","slug":"moneda-de-plata-bitcoin-2024-1-oz-niue-bullion","status":"publish","type":"product","link":"https:\/\/notrevoute.com\/es\/tienda\/plata\/moneda-de-plata-bitcoin-2024-1-oz-niue-bullion\/","title":{"rendered":"Moneda de Plata Bitcoin 2024 1 oz Niue Bullion"},"content":{"rendered":"<table class=\"bordered\" style=\"font-family: var(--global-body-font-family)\">\n<tbody>\n<tr>\n<th colspan=\"2\">DETALLES T\u00c9CNICOS<\/th>\n<\/tr>\n<tr>\n<td style=\"width: 150px\"><strong>Pa\u00eds<\/strong><\/td>\n<td>Niue<\/td>\n<\/tr>\n<tr>\n<td style=\"width: 150px\"><strong>A\u00f1o<\/strong><\/td>\n<td>2024<\/td>\n<\/tr>\n<tr>\n<td style=\"width: 150px\"><strong>Valor Facial<br \/>\n<\/strong><\/td>\n<td>2 NZD<\/td>\n<\/tr>\n<tr>\n<td style=\"width: 150px\"><strong>Metal<\/strong><\/td>\n<td>Plata<\/td>\n<\/tr>\n<tr>\n<td style=\"width: 150px\"><strong>Pureza<\/strong><\/td>\n<td>.999<\/td>\n<\/tr>\n<tr>\n<td style=\"width: 150px\"><strong>Peso (g)<\/strong><\/td>\n<td>31,10 (1 oz)<\/td>\n<\/tr>\n<tr>\n<td style=\"width: 150px\"><strong>Di\u00e1metro (mm)<\/strong><\/td>\n<td>38.9<\/td>\n<\/tr>\n<tr>\n<td style=\"width: 150px\"><strong>Calidad<\/strong><\/td>\n<td>BU<\/td>\n<\/tr>\n<tr>\n<td style=\"width: 150px\"><strong>Acu\u00f1aci\u00f3n (uds.)<\/strong><\/td>\n<td>25000<\/td>\n<\/tr>\n<tr>\n<td style=\"width: 150px\"><strong>Certificado (COA)<\/strong><\/td>\n<td>No<\/td>\n<\/tr>\n<tr>\n<td style=\"width: 150px\"><strong>Presentaci\u00f3n (caja)<\/strong><\/td>\n<td>No<\/td>\n<\/tr>\n<\/tbody>\n<\/table>\n","protected":false},"excerpt":{"rendered":"<div id=\"product-description-short-11868\" class=\"rte-content product-description\">\n<div id=\"short_description_block\">\n<div id=\"short_description_content\" class=\"rte align_justify\">\n<p><span data-sheets-root=\"1\">Una moneda bullion de plata fina .9999 de 1 oz emitida para Niue con un dise\u00f1o tem\u00e1tico de Bitcoin, que combina la propiedad de metales preciosos con el atractivo de la cultura digital moderna. Suele venderse en c\u00e1psula como una emisi\u00f3n de curso legal de tirada limitada, dirigida a compradores a los que les gusta el simbolismo del \u00abdinero del futuro\u00bb, pero que a\u00fan quieren la seguridad tangible de la plata f\u00edsica. Ideal como una incorporaci\u00f3n novedosa con valor: contenido met\u00e1lico apilable, m\u00e1s un tema que destaca en una vitrina o como regalo.  <\/span><\/p>\n<\/div>\n<\/div>\n<\/div>\n","protected":false},"featured_media":1356,"template":"","meta":{"_bst_post_transparent":"","_bst_post_title":"","_bst_post_layout":"","_bst_post_sidebar_id":"","_bst_post_content_style":"","_bst_post_vertical_padding":"","_bst_post_feature":"","_bst_post_feature_position":"","_bst_post_header":false,"_bst_post_footer":false},"product_brand":[],"product_cat":[142,141],"product_tag":[216,154],"class_list":{"0":"post-1355","1":"product","2":"type-product","3":"status-publish","4":"has-post-thumbnail","6":"product_cat-monedas-plata","7":"product_cat-plata","8":"product_tag-bitcoin","9":"product_tag-niue","11":"first","12":"outofstock","13":"featured","14":"taxable","15":"shipping-taxable","16":"purchasable","17":"product-type-simple","18":"entry","19":"content-bg","20":"loop-entry"},"_links":{"self":[{"href":"https:\/\/notrevoute.com\/es\/wp-json\/wp\/v2\/product\/1355","targetHints":{"allow":["GET"]}}],"collection":[{"href":"https:\/\/notrevoute.com\/es\/wp-json\/wp\/v2\/product"}],"about":[{"href":"https:\/\/notrevoute.com\/es\/wp-json\/wp\/v2\/types\/product"}],"wp:featuredmedia":[{"embeddable":true,"href":"https:\/\/notrevoute.com\/es\/wp-json\/wp\/v2\/media\/1356"}],"wp:attachment":[{"href":"https:\/\/notrevoute.com\/es\/wp-json\/wp\/v2\/media?parent=1355"}],"wp:term":[{"taxonomy":"product_brand","embeddable":true,"href":"https:\/\/notrevoute.com\/es\/wp-json\/wp\/v2\/product_brand?post=1355"},{"taxonomy":"product_cat","embeddable":true,"href":"https:\/\/notrevoute.com\/es\/wp-json\/wp\/v2\/product_cat?post=1355"},{"taxonomy":"product_tag","embeddable":true,"href":"https:\/\/notrevoute.com\/es\/wp-json\/wp\/v2\/product_tag?post=1355"}],"curies":[{"name":"wp","href":"https:\/\/api.w.org\/{rel}","templated":true}]}}