{"id":1363,"date":"2024-10-02T09:19:59","date_gmt":"2024-10-02T09:19:59","guid":{"rendered":"https:\/\/staging.notrevoute.com\/product\/moneda-de-plata-dama-de-la-muerte-dia-de-muertos-2023-1-oz-mexico-color-platino-negro\/"},"modified":"2026-04-01T18:50:33","modified_gmt":"2026-04-01T18:50:33","slug":"moneda-de-plata-dama-de-la-muerte-dia-de-muertos-2023-1-oz-mexico-color-platino-negro","status":"publish","type":"product","link":"https:\/\/notrevoute.com\/es\/tienda\/plata\/moneda-de-plata-dama-de-la-muerte-dia-de-muertos-2023-1-oz-mexico-color-platino-negro\/","title":{"rendered":"Moneda de Plata Dama de la Muerte D\u00eda de Muertos 2023 1 oz M\u00e9xico Color Platino Negro"},"content":{"rendered":"<table class=\"bordered\" style=\"font-family: var(--global-body-font-family);\">\n<tbody>\n<tr>\n<th colspan=\"2\">DETALLES T\u00c9CNICOS<\/th>\n<\/tr>\n<tr>\n<td style=\"width: 150px;\"><strong>Pa\u00eds<\/strong><\/td>\n<td>M\u00e9xico<\/td>\n<\/tr>\n<tr>\n<td style=\"width: 150px;\"><strong>A\u00f1o<\/strong><\/td>\n<td>2023<\/td>\n<\/tr>\n<tr>\n<td style=\"width: 150px;\"><strong>Valor Facial<br \/>\n<\/strong><\/td>\n<td>N\/A<\/td>\n<\/tr>\n<tr>\n<td style=\"width: 150px;\"><strong>Metal<\/strong><\/td>\n<td>Plata<\/td>\n<\/tr>\n<tr>\n<td style=\"width: 150px;\"><strong>Pureza<\/strong><\/td>\n<td>.999<\/td>\n<\/tr>\n<tr>\n<td style=\"width: 150px;\"><strong>Peso (g)<\/strong><\/td>\n<td>31,10 (1 oz)<\/td>\n<\/tr>\n<tr>\n<td style=\"width: 150px;\"><strong>Calidad<\/strong><\/td>\n<td>BU &#8211; Color<\/td>\n<\/tr>\n<tr>\n<td style=\"width: 150px;\"><strong>Tirada (uds)<\/strong><\/td>\n<td>100<\/td>\n<\/tr>\n<tr>\n<td style=\"width: 150px;\"><strong>Certificado (COA)<\/strong><\/td>\n<td>S\u00ed<\/td>\n<\/tr>\n<tr>\n<td style=\"width: 150px;\"><strong>Presentaci\u00f3n (caja)<\/strong><\/td>\n<td>S\u00ed<\/td>\n<\/tr>\n<\/tbody>\n<\/table>\n","protected":false},"excerpt":{"rendered":"<div id=\"product-description-short-11868\" class=\"rte-content product-description\">\n<div id=\"short_description_block\">\n<div id=\"short_description_content\" class=\"rte align_justify\">\n<p><span data-sheets-root=\"1\"><span data-sheets-root=\"1\"><em><strong>Moneda de Plata Dama de la Muerte 2023<\/strong><\/em><\/span><\/span><\/p>\n<p>La moneda \u00abDama de la Muerte 2023\u00bb es una pieza conmemorativa dedicada al D\u00eda de Muertos, una de las festividades m\u00e1s importantes de M\u00e9xico. Esta moneda presenta una figura femenina representada como un esqueleto, que destaca con un acabado de platino negro que realza los detalles vibrantes de su dise\u00f1o. La moneda captura la esencia de esta celebraci\u00f3n, donde se honra a los seres queridos que han fallecido, y est\u00e1 ricamente decorada con elementos que recuerdan la festividad, lo que la hace est\u00e9ticamente refinada y encantadora.  <\/p>\n<p><strong>Detalles t\u00e9cnicos<\/strong><br \/>\nEsta moneda est\u00e1 acu\u00f1ada en 1 onza troy de plata fina .999 y mide 40,6 mm de di\u00e1metro. El reverso muestra a la Dama de la Muerte en un dise\u00f1o detallado, acompa\u00f1ado de inscripciones que indican \u00ab1 ONZA PLATA PURA\u00bb, \u00ab2023\u00bb y \u00abLEY .999\u00bb. El anverso presenta el Escudo Nacional Mexicano y la inscripci\u00f3n \u00abESTADOS UNIDOS MEXICANOS\u00bb. Con una acu\u00f1aci\u00f3n limitada de solo 100 piezas, esta moneda es altamente exclusiva y codiciada por los coleccionistas. Tambi\u00e9n viene con un certificado de autenticidad y un estuche de presentaci\u00f3n, lo que garantiza su calidad y procedencia.    <\/p>\n<p><strong>Valor y exclusividad<\/strong><br \/>\nLa \u00abDama de la Muerte 2023\u00bb destaca por su baja acu\u00f1aci\u00f3n y su dise\u00f1o detallado, lo que la convierte en una valiosa inversi\u00f3n y un importante tributo a la rica tradici\u00f3n cultural de M\u00e9xico. Esta moneda es perfecta para los coleccionistas que aprecian la mezcla de arte, simbolismo y calidad numism\u00e1tica, siendo una pieza \u00fanica que celebra la vida y la memoria de los difuntos. <\/p>\n<\/div>\n<\/div>\n<\/div>\n","protected":false},"featured_media":1364,"template":"","meta":{"_bst_post_transparent":"default","_bst_post_title":"","_bst_post_layout":"default","_bst_post_sidebar_id":"","_bst_post_content_style":"default","_bst_post_vertical_padding":"default","_bst_post_feature":"","_bst_post_feature_position":"","_bst_post_header":false,"_bst_post_footer":false},"product_brand":[],"product_cat":[145,141],"product_tag":[148,147,146],"class_list":{"0":"post-1363","1":"product","2":"type-product","3":"status-publish","4":"has-post-thumbnail","6":"product_cat-coleccionables-plata","7":"product_cat-plata","8":"product_tag-dia-de-muertos","9":"product_tag-libertad","10":"product_tag-mexico","12":"first","13":"outofstock","14":"featured","15":"taxable","16":"shipping-taxable","17":"purchasable","18":"product-type-simple","19":"entry","20":"content-bg","21":"loop-entry"},"_links":{"self":[{"href":"https:\/\/notrevoute.com\/es\/wp-json\/wp\/v2\/product\/1363","targetHints":{"allow":["GET"]}}],"collection":[{"href":"https:\/\/notrevoute.com\/es\/wp-json\/wp\/v2\/product"}],"about":[{"href":"https:\/\/notrevoute.com\/es\/wp-json\/wp\/v2\/types\/product"}],"wp:featuredmedia":[{"embeddable":true,"href":"https:\/\/notrevoute.com\/es\/wp-json\/wp\/v2\/media\/1364"}],"wp:attachment":[{"href":"https:\/\/notrevoute.com\/es\/wp-json\/wp\/v2\/media?parent=1363"}],"wp:term":[{"taxonomy":"product_brand","embeddable":true,"href":"https:\/\/notrevoute.com\/es\/wp-json\/wp\/v2\/product_brand?post=1363"},{"taxonomy":"product_cat","embeddable":true,"href":"https:\/\/notrevoute.com\/es\/wp-json\/wp\/v2\/product_cat?post=1363"},{"taxonomy":"product_tag","embeddable":true,"href":"https:\/\/notrevoute.com\/es\/wp-json\/wp\/v2\/product_tag?post=1363"}],"curies":[{"name":"wp","href":"https:\/\/api.w.org\/{rel}","templated":true}]}}