{"id":3406,"date":"2026-02-25T13:03:49","date_gmt":"2026-02-25T13:03:49","guid":{"rendered":"https:\/\/staging.notrevoute.com\/?post_type=product&#038;p=3406"},"modified":"2026-03-12T10:31:44","modified_gmt":"2026-03-12T10:31:44","slug":"lingote-de-oro-sempsa-10-g","status":"publish","type":"product","link":"https:\/\/notrevoute.com\/es\/tienda\/lingotes-oro\/lingote-de-oro-sempsa-10-g\/","title":{"rendered":"Lingote de Oro Sempsa 10 g"},"content":{"rendered":"<table class=\"bordered\" style=\"font-family: var(--global-body-font-family); height: 429px;\" width=\"989\">\n<tbody>\n<tr>\n<th colspan=\"2\">DETALLES T\u00c9CNICOS<\/th>\n<\/tr>\n<tr>\n<td style=\"width: 150px;\"><strong>Pa\u00eds<\/strong><\/td>\n<td>Espa\u00f1a<\/td>\n<\/tr>\n<tr>\n<td style=\"width: 150px;\"><strong>Metal<\/strong><\/td>\n<td>Oro<\/td>\n<\/tr>\n<tr>\n<td style=\"width: 150px;\"><strong>Pureza<\/strong><\/td>\n<td>.999<\/td>\n<\/tr>\n<tr>\n<td style=\"width: 150px;\"><strong>Peso (g)<\/strong><\/td>\n<td>10 g<\/td>\n<\/tr>\n<tr>\n<td style=\"width: 150px;\"><strong>Presentacion (box)<\/strong><\/td>\n<td>Encapsulated<\/td>\n<\/tr>\n<\/tbody>\n<\/table>\n","protected":false},"excerpt":{"rendered":"<div id=\"product-description-short-11868\" class=\"rte-content product-description\">\n<div id=\"short_description_block\">\n<div id=\"short_description_content\" class=\"rte align_justify\">\n<p>Este lingote de inversi\u00f3n de 10 gramos est\u00e1 acu\u00f1ado en oro puro de 999,9 (24 quilates) por SEMPSA JP, la \u00fanica refiner\u00eda espa\u00f1ola certificada LBMA Good Delivery desde 1984. El lingote presenta un formato acu\u00f1ado con el logotipo de SEMPSA, la marca de peso \u00ab10 g Fine Gold 999,9\u00bb y un n\u00famero de serie \u00fanico. Sellado en un bl\u00edster r\u00edgido de pl\u00e1stico BarCard\u00ae con presentaci\u00f3n tipo tarjeta de cr\u00e9dito, que incluye un certificado incrustado y un n\u00famero de serie coincidente. Equipado con el sistema anti-manipulaci\u00f3n Cryptoprint\u00ae que proporciona los \u00faltimos avances en seguridad para prevenir la falsificaci\u00f3n. Producido en Madrid, Espa\u00f1a, por una refiner\u00eda de renombre con la m\u00e1xima acreditaci\u00f3n mundial. Oro de inversi\u00f3n exento de IVA en todo el territorio europeo.<\/p>\n<\/div>\n<\/div>\n<\/div>\n","protected":false},"featured_media":3413,"template":"","meta":{"_bst_post_transparent":"default","_bst_post_title":"","_bst_post_layout":"default","_bst_post_sidebar_id":"","_bst_post_content_style":"default","_bst_post_vertical_padding":"default","_bst_post_feature":"","_bst_post_feature_position":"","_bst_post_header":false,"_bst_post_footer":false},"product_brand":[],"product_cat":[144,143],"product_tag":[],"class_list":{"0":"post-3406","1":"product","2":"type-product","3":"status-publish","4":"has-post-thumbnail","6":"product_cat-lingotes-oro","7":"product_cat-oro","9":"first","10":"instock","11":"featured","12":"taxable","13":"shipping-taxable","14":"purchasable","15":"product-type-simple","16":"entry","17":"content-bg","18":"loop-entry"},"_links":{"self":[{"href":"https:\/\/notrevoute.com\/es\/wp-json\/wp\/v2\/product\/3406","targetHints":{"allow":["GET"]}}],"collection":[{"href":"https:\/\/notrevoute.com\/es\/wp-json\/wp\/v2\/product"}],"about":[{"href":"https:\/\/notrevoute.com\/es\/wp-json\/wp\/v2\/types\/product"}],"wp:featuredmedia":[{"embeddable":true,"href":"https:\/\/notrevoute.com\/es\/wp-json\/wp\/v2\/media\/3413"}],"wp:attachment":[{"href":"https:\/\/notrevoute.com\/es\/wp-json\/wp\/v2\/media?parent=3406"}],"wp:term":[{"taxonomy":"product_brand","embeddable":true,"href":"https:\/\/notrevoute.com\/es\/wp-json\/wp\/v2\/product_brand?post=3406"},{"taxonomy":"product_cat","embeddable":true,"href":"https:\/\/notrevoute.com\/es\/wp-json\/wp\/v2\/product_cat?post=3406"},{"taxonomy":"product_tag","embeddable":true,"href":"https:\/\/notrevoute.com\/es\/wp-json\/wp\/v2\/product_tag?post=3406"}],"curies":[{"name":"wp","href":"https:\/\/api.w.org\/{rel}","templated":true}]}}