{"id":3430,"date":"2026-02-16T11:29:26","date_gmt":"2026-02-16T11:29:26","guid":{"rendered":"https:\/\/staging.notrevoute.com\/product\/ronda-de-cobre-indian-head-con-bufalo-de-1-oz-bullion\/"},"modified":"2026-03-04T13:18:05","modified_gmt":"2026-03-04T13:18:05","slug":"moneda-de-cobre-indian-head-with-buffalo-1-oz-avdp","status":"publish","type":"product","link":"https:\/\/notrevoute.com\/es\/tienda\/monedas-cobre\/moneda-de-cobre-indian-head-with-buffalo-1-oz-avdp\/","title":{"rendered":"Moneda de Cobre Indian Head with Buffalo 1 oz AVDP"},"content":{"rendered":"<table class=\"bordered\" style=\"font-family: var(--global-body-font-family);\">\n<tbody>\n<tr>\n<th colspan=\"2\">DETALLES T\u00c9CNICOS<\/th>\n<\/tr>\n<tr>\n<td style=\"width: 150px;\"><strong>Metal<\/strong><\/td>\n<td>Cobre<\/td>\n<\/tr>\n<tr>\n<td style=\"width: 150px;\"><strong>Pureza<\/strong><\/td>\n<td>.999<\/td>\n<\/tr>\n<tr>\n<td style=\"width: 150px;\"><strong>Weight (g)<\/strong><\/td>\n<td>28,35 (1oz AVDP)<\/td>\n<\/tr>\n<tr>\n<td style=\"width: 150px;\"><strong>Calidad<\/strong><\/td>\n<td>BU<\/td>\n<\/tr>\n<tr>\n<td style=\"width: 150px;\"><strong>Certificado (COA)<\/strong><\/td>\n<td>No<\/td>\n<\/tr>\n<tr>\n<td style=\"width: 150px;\"><strong>Presentaci\u00f3n (caja)<\/strong><\/td>\n<td>No<\/td>\n<\/tr>\n<\/tbody>\n<\/table>\n","protected":false},"excerpt":{"rendered":"<div id=\"product-description-short-11868\" class=\"rte-content product-description\">\n<div id=\"short_description_block\">\n<div id=\"short_description_content\" class=\"rte align_justify\"><span data-sheets-root=\"1\">Ronda de inversi\u00f3n acu\u00f1ada en 1 oz AVDP de cobre fino de 0,999 por casas de moneda privadas de EE. UU. Basada en el ic\u00f3nico dise\u00f1o del Buffalo Nickel de 1913 de James Earle Fraser. El anverso presenta el perfil derecho de un jefe nativo americano con la inscripci\u00f3n \u00abLIBERTY\u00bb. El reverso muestra un bisonte americano (b\u00fafalo) sobre un mont\u00edculo inspirado en Black Diamond del zool\u00f3gico de Central Park de Nueva York; las inscripciones incluyen el peso y la pureza. No es de curso legal. Acabado Brilliant Uncirculated. <\/span><\/div>\n<\/div>\n<\/div>\n","protected":false},"featured_media":3335,"template":"","meta":{"_bst_post_transparent":"default","_bst_post_title":"","_bst_post_layout":"default","_bst_post_sidebar_id":"","_bst_post_content_style":"default","_bst_post_vertical_padding":"default","_bst_post_feature":"","_bst_post_feature_position":"","_bst_post_header":false,"_bst_post_footer":false},"product_brand":[],"product_cat":[173,175],"product_tag":[212],"class_list":{"0":"post-3430","1":"product","2":"type-product","3":"status-publish","4":"has-post-thumbnail","6":"product_cat-cobre","7":"product_cat-monedas-cobre","8":"product_tag-cobre","10":"first","11":"instock","12":"featured","13":"taxable","14":"shipping-taxable","15":"purchasable","16":"product-type-simple","17":"entry","18":"content-bg","19":"loop-entry"},"_links":{"self":[{"href":"https:\/\/notrevoute.com\/es\/wp-json\/wp\/v2\/product\/3430","targetHints":{"allow":["GET"]}}],"collection":[{"href":"https:\/\/notrevoute.com\/es\/wp-json\/wp\/v2\/product"}],"about":[{"href":"https:\/\/notrevoute.com\/es\/wp-json\/wp\/v2\/types\/product"}],"wp:featuredmedia":[{"embeddable":true,"href":"https:\/\/notrevoute.com\/es\/wp-json\/wp\/v2\/media\/3335"}],"wp:attachment":[{"href":"https:\/\/notrevoute.com\/es\/wp-json\/wp\/v2\/media?parent=3430"}],"wp:term":[{"taxonomy":"product_brand","embeddable":true,"href":"https:\/\/notrevoute.com\/es\/wp-json\/wp\/v2\/product_brand?post=3430"},{"taxonomy":"product_cat","embeddable":true,"href":"https:\/\/notrevoute.com\/es\/wp-json\/wp\/v2\/product_cat?post=3430"},{"taxonomy":"product_tag","embeddable":true,"href":"https:\/\/notrevoute.com\/es\/wp-json\/wp\/v2\/product_tag?post=3430"}],"curies":[{"name":"wp","href":"https:\/\/api.w.org\/{rel}","templated":true}]}}