{"id":3452,"date":"2026-02-16T09:17:41","date_gmt":"2026-02-16T09:17:41","guid":{"rendered":"https:\/\/staging.notrevoute.com\/product\/poster-edicion-especial-star-wars-una-nueva-esperanza-2025-lamina-de-plata-de-1-oz-niue-coleccionable\/"},"modified":"2026-02-16T09:17:41","modified_gmt":"2026-02-16T09:17:41","slug":"poster-edicion-especial-star-wars-una-nueva-esperanza-2025-lamina-de-plata-de-1-oz-niue-coleccionable","status":"publish","type":"product","link":"https:\/\/notrevoute.com\/es\/tienda\/plata\/poster-edicion-especial-star-wars-una-nueva-esperanza-2025-lamina-de-plata-de-1-oz-niue-coleccionable\/","title":{"rendered":"P\u00f3ster Edici\u00f3n Especial Star Wars: Una Nueva Esperanza 2025 &#8211; L\u00e1mina de plata de 1 oz Niue coleccionable"},"content":{"rendered":"<table class=\"bordered\" style=\"font-family: var(--global-body-font-family);\">\n<tbody>\n<tr>\n<th colspan=\"2\">DETALLES T\u00c9CNICOS<\/th>\n<\/tr>\n<tr>\n<td style=\"width: 150px;\"><strong>Pa\u00eds<\/strong><\/td>\n<td>Niue<\/td>\n<\/tr>\n<tr>\n<td style=\"width: 150px;\"><strong>A\u00f1o<\/strong><\/td>\n<td>2025<\/td>\n<\/tr>\n<tr>\n<td style=\"width: 150px;\"><strong>Valor Facial<br \/>\n<\/strong><\/td>\n<td>2 NZD<\/td>\n<\/tr>\n<tr>\n<td style=\"width: 150px;\"><strong>Metal<\/strong><\/td>\n<td>Plata<\/td>\n<\/tr>\n<tr>\n<td style=\"width: 150px;\"><strong>Pureza<\/strong><\/td>\n<td>.999<\/td>\n<\/tr>\n<tr>\n<td style=\"width: 150px;\"><strong>Peso (g)<\/strong><\/td>\n<td>31,1 (1 oz)<\/td>\n<\/tr>\n<tr>\n<td style=\"width: 150px;\"><strong>Calidad<\/strong><\/td>\n<td>Proof\/Color<\/td>\n<\/tr>\n<tr>\n<td style=\"width: 150px;\"><strong>Tirada (uds.)<\/strong><\/td>\n<td>1.000 uds.<\/td>\n<\/tr>\n<tr>\n<td style=\"width: 150px;\"><strong>Certificado (COA)<\/strong><\/td>\n<td>S\u00ed<\/td>\n<\/tr>\n<tr>\n<td style=\"width: 150px;\"><strong>Presentaci\u00f3n (caja)<\/strong><\/td>\n<td>S\u00ed<\/td>\n<\/tr>\n<\/tbody>\n<\/table>\n","protected":false},"excerpt":{"rendered":"<div id=\"product-description-short-11868\" class=\"rte-content product-description\">\n<div id=\"short_description_block\">\n<div id=\"short_description_content\" class=\"rte align_justify\"><span data-sheets-root=\"1\">Primera entrega de la serie de l\u00e1minas de p\u00f3steres de la trilog\u00eda original de Star Wars, con el dise\u00f1o alternativo del p\u00f3ster de 1977 que incluye a Luke Skywalker, la princesa Leia, Han Solo y Obi-Wan Kenobi. Acu\u00f1ada en l\u00e1mina de plata pura del 99,9 % con impresi\u00f3n en colores vivos, detalles de naves espaciales semitransparentes y un fondo de galaxia con acabado espejo y estrellas escarchadas. El reverso presenta un acabado mate intenso con el logotipo de Star Wars, la frase \u00abQue la Fuerza te acompa\u00f1e\u00bb, el Sello P\u00fablico de Niue y un n\u00famero de serie individual. Tirada limitada de 1.000 piezas en todo el mundo. Se presenta en un embalaje oficial de Star Wars con ventana de exhibici\u00f3n y certificado de autenticidad.    <\/span><\/div>\n<\/div>\n<\/div>\n","protected":false},"featured_media":3453,"template":"","meta":{"_bst_post_transparent":"","_bst_post_title":"","_bst_post_layout":"","_bst_post_sidebar_id":"","_bst_post_content_style":"","_bst_post_vertical_padding":"","_bst_post_feature":"","_bst_post_feature_position":"","_bst_post_header":false,"_bst_post_footer":false},"product_brand":[],"product_cat":[145,141],"product_tag":[211],"class_list":{"0":"post-3452","1":"product","2":"type-product","3":"status-publish","4":"has-post-thumbnail","6":"product_cat-coleccionables-plata","7":"product_cat-plata","8":"product_tag-coleccionable","10":"first","11":"outofstock","12":"featured","13":"taxable","14":"shipping-taxable","15":"purchasable","16":"product-type-simple","17":"entry","18":"content-bg","19":"loop-entry"},"_links":{"self":[{"href":"https:\/\/notrevoute.com\/es\/wp-json\/wp\/v2\/product\/3452","targetHints":{"allow":["GET"]}}],"collection":[{"href":"https:\/\/notrevoute.com\/es\/wp-json\/wp\/v2\/product"}],"about":[{"href":"https:\/\/notrevoute.com\/es\/wp-json\/wp\/v2\/types\/product"}],"wp:featuredmedia":[{"embeddable":true,"href":"https:\/\/notrevoute.com\/es\/wp-json\/wp\/v2\/media\/3453"}],"wp:attachment":[{"href":"https:\/\/notrevoute.com\/es\/wp-json\/wp\/v2\/media?parent=3452"}],"wp:term":[{"taxonomy":"product_brand","embeddable":true,"href":"https:\/\/notrevoute.com\/es\/wp-json\/wp\/v2\/product_brand?post=3452"},{"taxonomy":"product_cat","embeddable":true,"href":"https:\/\/notrevoute.com\/es\/wp-json\/wp\/v2\/product_cat?post=3452"},{"taxonomy":"product_tag","embeddable":true,"href":"https:\/\/notrevoute.com\/es\/wp-json\/wp\/v2\/product_tag?post=3452"}],"curies":[{"name":"wp","href":"https:\/\/api.w.org\/{rel}","templated":true}]}}