{"id":3576,"date":"2026-02-13T11:31:28","date_gmt":"2026-02-13T11:31:28","guid":{"rendered":"https:\/\/staging.notrevoute.com\/product\/moneda-de-plata-boxer-dia-de-los-muertos-2024-1-oz-mexico-coloreada\/"},"modified":"2026-04-01T19:11:16","modified_gmt":"2026-04-01T19:11:16","slug":"moneda-de-plata-boxer-dia-de-los-muertos-2024-1-oz-mexico-coloreada","status":"publish","type":"product","link":"https:\/\/notrevoute.com\/es\/tienda\/plata\/moneda-de-plata-boxer-dia-de-los-muertos-2024-1-oz-mexico-coloreada\/","title":{"rendered":"Moneda de plata Boxer D\u00eda de los Muertos 2024 1 oz M\u00e9xico Coloreada"},"content":{"rendered":"<table class=\"bordered\" style=\"font-family: var(--global-body-font-family);\">\n<tbody>\n<tr>\n<th colspan=\"2\">DETALLES T\u00c9CNICOS<\/th>\n<\/tr>\n<tr>\n<td style=\"width: 150px;\"><strong>Pa\u00eds<\/strong><\/td>\n<td>M\u00e9xico<\/td>\n<\/tr>\n<tr>\n<td style=\"width: 150px;\"><strong>A\u00f1o<\/strong><\/td>\n<td>2024<\/td>\n<\/tr>\n<tr>\n<td style=\"width: 150px;\"><strong>Valor Facial<br \/>\n<\/strong><\/td>\n<td>N\/A<\/td>\n<\/tr>\n<tr>\n<td style=\"width: 150px;\"><strong>Metal<\/strong><\/td>\n<td>Plata<\/td>\n<\/tr>\n<tr>\n<td style=\"width: 150px;\"><strong>Pureza<\/strong><\/td>\n<td>.999<\/td>\n<\/tr>\n<tr>\n<td style=\"width: 150px;\"><strong>Peso (g)<\/strong><\/td>\n<td>31,10 (1 oz)<\/td>\n<\/tr>\n<tr>\n<td style=\"width: 150px;\"><strong>Calidad<\/strong><\/td>\n<td>Coloreada<\/td>\n<\/tr>\n<tr>\n<td style=\"width: 150px;\"><strong>Tirada (piezas)<\/strong><\/td>\n<td>100 piezas<\/td>\n<\/tr>\n<tr>\n<td style=\"width: 150px;\"><strong>Certificado (COA)<\/strong><\/td>\n<td>S\u00ed<\/td>\n<\/tr>\n<tr>\n<td style=\"width: 150px;\"><strong>Presentaci\u00f3n (caja)<\/strong><\/td>\n<td>S\u00ed<\/td>\n<\/tr>\n<\/tbody>\n<\/table>\n","protected":false},"excerpt":{"rendered":"<div id=\"product-description-short-11868\" class=\"rte-content product-description\">\n<div id=\"short_description_block\">\n<div id=\"short_description_content\" class=\"rte align_justify\"><span data-sheets-root=\"1\">Esta moneda de plata de 0,999 de 1 oz utiliza una Libertad mexicana como base, realzada con coloraci\u00f3n selectiva. El reverso representa a un boxeador esqueleto en postura atl\u00e9tica con guantes de boxeo e im\u00e1genes de tem\u00e1tica deportiva, combinando la fuerza atl\u00e9tica con el simbolismo del D\u00eda de los Muertos, rodeado de detalles vibrantes y decoraciones tradicionales. El anverso presenta el escudo nacional de M\u00e9xico con la inscripci\u00f3n \u00abEstados Unidos Mexicanos\u00bb. Autorizada por M\u00e9xico, esta impactante fusi\u00f3n rinde homenaje a los atletas fallecidos. Limitada a solo 100 piezas en todo el mundo, cada moneda se entrega en un estuche de presentaci\u00f3n con certificado de autenticidad.    <\/span><\/div>\n<\/div>\n<\/div>\n","protected":false},"featured_media":2996,"template":"","meta":{"_bst_post_transparent":"default","_bst_post_title":"","_bst_post_layout":"default","_bst_post_sidebar_id":"","_bst_post_content_style":"default","_bst_post_vertical_padding":"default","_bst_post_feature":"","_bst_post_feature_position":"","_bst_post_header":false,"_bst_post_footer":false},"product_brand":[],"product_cat":[145,141],"product_tag":[211,213,146],"class_list":{"0":"post-3576","1":"product","2":"type-product","3":"status-publish","4":"has-post-thumbnail","6":"product_cat-coleccionables-plata","7":"product_cat-plata","8":"product_tag-coleccionable","9":"product_tag-dia-de-los-muertos","10":"product_tag-mexico","12":"first","13":"instock","14":"featured","15":"taxable","16":"shipping-taxable","17":"purchasable","18":"product-type-simple","19":"entry","20":"content-bg","21":"loop-entry"},"_links":{"self":[{"href":"https:\/\/notrevoute.com\/es\/wp-json\/wp\/v2\/product\/3576","targetHints":{"allow":["GET"]}}],"collection":[{"href":"https:\/\/notrevoute.com\/es\/wp-json\/wp\/v2\/product"}],"about":[{"href":"https:\/\/notrevoute.com\/es\/wp-json\/wp\/v2\/types\/product"}],"wp:featuredmedia":[{"embeddable":true,"href":"https:\/\/notrevoute.com\/es\/wp-json\/wp\/v2\/media\/2996"}],"wp:attachment":[{"href":"https:\/\/notrevoute.com\/es\/wp-json\/wp\/v2\/media?parent=3576"}],"wp:term":[{"taxonomy":"product_brand","embeddable":true,"href":"https:\/\/notrevoute.com\/es\/wp-json\/wp\/v2\/product_brand?post=3576"},{"taxonomy":"product_cat","embeddable":true,"href":"https:\/\/notrevoute.com\/es\/wp-json\/wp\/v2\/product_cat?post=3576"},{"taxonomy":"product_tag","embeddable":true,"href":"https:\/\/notrevoute.com\/es\/wp-json\/wp\/v2\/product_tag?post=3576"}],"curies":[{"name":"wp","href":"https:\/\/api.w.org\/{rel}","templated":true}]}}