{"id":3581,"date":"2026-02-16T10:16:24","date_gmt":"2026-02-16T10:16:24","guid":{"rendered":"https:\/\/staging.notrevoute.com\/product\/mickey-mouse-disney-caja-sorpresa-2025-moneda-de-plata-u-oro-1-2-oz-niue-coleccionable\/"},"modified":"2026-04-15T10:57:00","modified_gmt":"2026-04-15T10:57:00","slug":"mickey-mouse-disney-caja-sorpresa-2025-moneda-de-plata-u-oro-1-2-oz-niue-coleccionable","status":"publish","type":"product","link":"https:\/\/notrevoute.com\/es\/tienda\/plata\/mickey-mouse-disney-caja-sorpresa-2025-moneda-de-plata-u-oro-1-2-oz-niue-coleccionable\/","title":{"rendered":"Mickey Mouse Disney &#8211; Caja sorpresa 2025 Moneda de plata u oro 1\/2 oz Niue Coleccionable"},"content":{"rendered":"<table class=\"bordered\" style=\"font-family: var(--global-body-font-family);\">\n<tbody>\n<tr>\n<th colspan=\"2\">DETALLES T\u00c9CNICOS<\/th>\n<\/tr>\n<tr>\n<td style=\"width: 150px;\"><strong>Pa\u00eds<\/strong><\/td>\n<td>Niue<\/td>\n<\/tr>\n<tr>\n<td style=\"width: 150px;\"><strong>A\u00f1o<\/strong><\/td>\n<td>2025<\/td>\n<\/tr>\n<tr>\n<td style=\"width: 150px;\"><strong>Valor nominal<br \/>\n<\/strong><\/td>\n<td>1 o 100 NZD<\/td>\n<\/tr>\n<tr>\n<td style=\"width: 150px;\"><strong>Metal<\/strong><\/td>\n<td>Plata u oro<\/td>\n<\/tr>\n<tr>\n<td style=\"width: 150px;\"><strong>Pureza<\/strong><\/td>\n<td>.999<\/td>\n<\/tr>\n<tr>\n<td style=\"width: 150px;\"><strong>Peso (g)<\/strong><\/td>\n<td>1\/2 oz<\/td>\n<\/tr>\n<tr>\n<td style=\"width: 150px;\"><strong>Calidad<\/strong><\/td>\n<td>Proof\/Color<\/td>\n<\/tr>\n<tr>\n<td style=\"width: 150px;\"><strong>Tirada (uds.)<\/strong><\/td>\n<td>5000 cajas<\/td>\n<\/tr>\n<tr>\n<td style=\"width: 150px;\"><strong>Certificado (COA)<\/strong><\/td>\n<td>S\u00ed<\/td>\n<\/tr>\n<tr>\n<td style=\"width: 150px;\"><strong>Presentaci\u00f3n (caja)<\/strong><\/td>\n<td>S\u00ed<\/td>\n<\/tr>\n<\/tbody>\n<\/table>\n","protected":false},"excerpt":{"rendered":"<div id=\"product-description-short-11868\" class=\"rte-content product-description\">\n<div id=\"short_description_block\">\n<div id=\"short_description_content\" class=\"rte align_justify\">\n<p><span data-sheets-root=\"1\">Tercera entrega de la serie Blind Box que rinde homenaje a Mickey Mouse a trav\u00e9s de las \u00e9pocas. Contiene uno de los cuatro dise\u00f1os seleccionados al azar, acu\u00f1ados en 1\/2 oz de plata pura .999 o 1\/2 oz de oro puro .9999 con acabado proof. Los niveles incluyen: Nivel 1 (69,7 % de probabilidad, tirada de 3.485) Mickey en pose cl\u00e1sica a todo color; Nivel 2 (20 % de probabilidad, tirada de 1.000) Steamboat Willie en color; Nivel 3 (10 % de probabilidad, tirada de 500) plata totalmente grabada; Nivel 4 (0,3 % de probabilidad, tirada de 15) versi\u00f3n ultra rara en oro de Steamboat Willie. Limitado a 5.000 cajas en todo el mundo. Cada una sellada con c\u00e1psula protectora y embalaje oficial de Disney con certificado de autenticidad.<\/span> Una inversi\u00f3n apreciada tanto por su belleza como por su rareza.<\/p>\n<\/div>\n<\/div>\n<\/div>\n","protected":false},"featured_media":3585,"template":"","meta":{"_bst_post_transparent":"default","_bst_post_title":"","_bst_post_layout":"default","_bst_post_sidebar_id":"","_bst_post_content_style":"default","_bst_post_vertical_padding":"default","_bst_post_feature":"","_bst_post_feature_position":"","_bst_post_header":false,"_bst_post_footer":false},"product_brand":[],"product_cat":[145,141],"product_tag":[211,215],"class_list":{"0":"post-3581","1":"product","2":"type-product","3":"status-publish","4":"has-post-thumbnail","6":"product_cat-coleccionables-plata","7":"product_cat-plata","8":"product_tag-coleccionable","9":"product_tag-disney","11":"first","12":"outofstock","13":"sale","14":"featured","15":"taxable","16":"shipping-taxable","17":"purchasable","18":"product-type-simple","19":"entry","20":"content-bg","21":"loop-entry"},"_links":{"self":[{"href":"https:\/\/notrevoute.com\/es\/wp-json\/wp\/v2\/product\/3581","targetHints":{"allow":["GET"]}}],"collection":[{"href":"https:\/\/notrevoute.com\/es\/wp-json\/wp\/v2\/product"}],"about":[{"href":"https:\/\/notrevoute.com\/es\/wp-json\/wp\/v2\/types\/product"}],"wp:featuredmedia":[{"embeddable":true,"href":"https:\/\/notrevoute.com\/es\/wp-json\/wp\/v2\/media\/3585"}],"wp:attachment":[{"href":"https:\/\/notrevoute.com\/es\/wp-json\/wp\/v2\/media?parent=3581"}],"wp:term":[{"taxonomy":"product_brand","embeddable":true,"href":"https:\/\/notrevoute.com\/es\/wp-json\/wp\/v2\/product_brand?post=3581"},{"taxonomy":"product_cat","embeddable":true,"href":"https:\/\/notrevoute.com\/es\/wp-json\/wp\/v2\/product_cat?post=3581"},{"taxonomy":"product_tag","embeddable":true,"href":"https:\/\/notrevoute.com\/es\/wp-json\/wp\/v2\/product_tag?post=3581"}],"curies":[{"name":"wp","href":"https:\/\/api.w.org\/{rel}","templated":true}]}}