{"id":3582,"date":"2026-02-13T10:56:12","date_gmt":"2026-02-13T10:56:12","guid":{"rendered":"https:\/\/staging.notrevoute.com\/product\/ronda-de-bitcoin-2026-de-titanio-1-oz-niue-bullion\/"},"modified":"2026-03-16T10:46:49","modified_gmt":"2026-03-16T10:46:49","slug":"medallon-de-titanio-bitcoin-2026-1-oz","status":"publish","type":"product","link":"https:\/\/notrevoute.com\/es\/tienda\/monedas-titanio\/medallon-de-titanio-bitcoin-2026-1-oz\/","title":{"rendered":"Medall\u00f3n de Titanio Bitcoin 2026 1 oz"},"content":{"rendered":"<table class=\"bordered\" style=\"font-family: var(--global-body-font-family);\">\n<tbody>\n<tr>\n<th colspan=\"2\">DETALLES T\u00c9CNICOS<\/th>\n<\/tr>\n<tr>\n<td style=\"width: 150px;\"><strong>Pa\u00eds<\/strong><\/td>\n<td>Niue<\/td>\n<\/tr>\n<tr>\n<td style=\"width: 150px;\"><strong>A\u00f1o<\/strong><\/td>\n<td>2026<\/td>\n<\/tr>\n<tr>\n<td style=\"width: 150px;\"><strong>Valor Facial<br \/>\n<\/strong><\/td>\n<td>N\/A<\/td>\n<\/tr>\n<tr>\n<td style=\"width: 150px;\"><strong>Metal<\/strong><\/td>\n<td>Titanio<\/td>\n<\/tr>\n<tr>\n<td style=\"width: 150px;\"><strong>Pureza<\/strong><\/td>\n<td>.999<\/td>\n<\/tr>\n<tr>\n<td style=\"width: 150px;\"><strong>Peso (g)<\/strong><\/td>\n<td>31,10 (1 oz)<\/td>\n<\/tr>\n<tr>\n<td style=\"width: 150px;\"><strong>Calidad<\/strong><\/td>\n<td>BU<\/td>\n<\/tr>\n<tr>\n<td style=\"width: 150px;\"><strong>Acu\u00f1aci\u00f3n (uds.)<\/strong><\/td>\n<td>N\/A<\/td>\n<\/tr>\n<tr>\n<td style=\"width: 150px;\"><strong>Certificado (COA)<\/strong><\/td>\n<td>No<\/td>\n<\/tr>\n<tr>\n<td style=\"width: 150px;\"><strong>Presentaci\u00f3n (caja)<\/strong><\/td>\n<td>No<\/td>\n<\/tr>\n<\/tbody>\n<\/table>\n","protected":false},"excerpt":{"rendered":"<div id=\"product-description-short-11868\" class=\"rte-content product-description\">\n<div id=\"short_description_block\">\n<div id=\"short_description_content\" class=\"rte align_justify\"><span data-sheets-root=\"1\">Ronda bullion de titanio que conmemora Bitcoin, la primera criptomoneda del mundo introducida en 2009. Presenta el ic\u00f3nico logotipo de Bitcoin con el s\u00edmbolo estilizado de la \u00abB\u00bb prominentemente exhibido. Acu\u00f1ada en titanio puro con un acabado brillante sin circular, ofreciendo a los entusiastas de las criptomonedas una representaci\u00f3n f\u00edsica de la moneda digital. El reverso suele mostrar im\u00e1genes de red inspiradas en la cadena de bloques o simbolismo de miner\u00eda. La construcci\u00f3n ligera de titanio proporciona durabilidad y una apariencia met\u00e1lica distintiva. Una pieza de inversi\u00f3n en metal alternativo accesible que une la colecci\u00f3n de bullion tradicional con los temas de la moneda digital moderna, atractiva tanto para los acumuladores de metales preciosos como para los defensores de las criptomonedas. <\/span><\/div>\n<\/div>\n<\/div>\n","protected":false},"featured_media":2966,"template":"","meta":{"_bst_post_transparent":"default","_bst_post_title":"","_bst_post_layout":"default","_bst_post_sidebar_id":"","_bst_post_content_style":"default","_bst_post_vertical_padding":"default","_bst_post_feature":"","_bst_post_feature_position":"","_bst_post_header":false,"_bst_post_footer":false},"product_brand":[],"product_cat":[181,179],"product_tag":[],"class_list":{"0":"post-3582","1":"product","2":"type-product","3":"status-publish","4":"has-post-thumbnail","6":"product_cat-monedas-titanio","7":"product_cat-titanio","9":"first","10":"instock","11":"featured","12":"taxable","13":"shipping-taxable","14":"purchasable","15":"product-type-simple","16":"entry","17":"content-bg","18":"loop-entry"},"_links":{"self":[{"href":"https:\/\/notrevoute.com\/es\/wp-json\/wp\/v2\/product\/3582","targetHints":{"allow":["GET"]}}],"collection":[{"href":"https:\/\/notrevoute.com\/es\/wp-json\/wp\/v2\/product"}],"about":[{"href":"https:\/\/notrevoute.com\/es\/wp-json\/wp\/v2\/types\/product"}],"wp:featuredmedia":[{"embeddable":true,"href":"https:\/\/notrevoute.com\/es\/wp-json\/wp\/v2\/media\/2966"}],"wp:attachment":[{"href":"https:\/\/notrevoute.com\/es\/wp-json\/wp\/v2\/media?parent=3582"}],"wp:term":[{"taxonomy":"product_brand","embeddable":true,"href":"https:\/\/notrevoute.com\/es\/wp-json\/wp\/v2\/product_brand?post=3582"},{"taxonomy":"product_cat","embeddable":true,"href":"https:\/\/notrevoute.com\/es\/wp-json\/wp\/v2\/product_cat?post=3582"},{"taxonomy":"product_tag","embeddable":true,"href":"https:\/\/notrevoute.com\/es\/wp-json\/wp\/v2\/product_tag?post=3582"}],"curies":[{"name":"wp","href":"https:\/\/api.w.org\/{rel}","templated":true}]}}