{"id":3594,"date":"2026-02-13T11:25:53","date_gmt":"2026-02-13T11:25:53","guid":{"rendered":"https:\/\/staging.notrevoute.com\/product\/star-wars-bb-8-droids-moneda-de-plata-2025-1-oz-niue-coleccionable\/"},"modified":"2026-02-13T11:25:53","modified_gmt":"2026-02-13T11:25:53","slug":"star-wars-bb-8-droids-moneda-de-plata-2025-1-oz-niue-coleccionable","status":"publish","type":"product","link":"https:\/\/notrevoute.com\/es\/tienda\/plata\/star-wars-bb-8-droids-moneda-de-plata-2025-1-oz-niue-coleccionable\/","title":{"rendered":"Star Wars &#8211; BB-8 Droids Moneda de Plata 2025 1 oz Niue Coleccionable"},"content":{"rendered":"<table class=\"bordered\" style=\"font-family: var(--global-body-font-family);\">\n<tbody>\n<tr>\n<th colspan=\"2\">DETALLES T\u00c9CNICOS<\/th>\n<\/tr>\n<tr>\n<td style=\"width: 150px;\"><strong>Pa\u00eds<\/strong><\/td>\n<td>Niue<\/td>\n<\/tr>\n<tr>\n<td style=\"width: 150px;\"><strong>A\u00f1o<\/strong><\/td>\n<td>2025<\/td>\n<\/tr>\n<tr>\n<td style=\"width: 150px;\"><strong>Valor Facial<br \/>\n<\/strong><\/td>\n<td>2 NZD<\/td>\n<\/tr>\n<tr>\n<td style=\"width: 150px;\"><strong>Metal<\/strong><\/td>\n<td>Plata<\/td>\n<\/tr>\n<tr>\n<td style=\"width: 150px;\"><strong>Pureza<\/strong><\/td>\n<td>.999<\/td>\n<\/tr>\n<tr>\n<td style=\"width: 150px;\"><strong>Peso (g)<\/strong><\/td>\n<td>31,10 (1 oz)<\/td>\n<\/tr>\n<tr>\n<td style=\"width: 150px;\"><strong>Calidad<\/strong><\/td>\n<td>Proof\/coloreada<\/td>\n<\/tr>\n<tr>\n<td style=\"width: 150px;\"><strong>Tirada (pzs)<\/strong><\/td>\n<td>2000 pzs<\/td>\n<\/tr>\n<tr>\n<td style=\"width: 150px;\"><strong>Certificado (COA)<\/strong><\/td>\n<td>S\u00ed<\/td>\n<\/tr>\n<tr>\n<td style=\"width: 150px;\"><strong>Presentaci\u00f3n (estuche)<\/strong><\/td>\n<td>S\u00ed<\/td>\n<\/tr>\n<\/tbody>\n<\/table>\n","protected":false},"excerpt":{"rendered":"<div id=\"product-description-short-11868\" class=\"rte-content product-description\">\n<div id=\"short_description_block\">\n<div id=\"short_description_content\" class=\"rte align_justify\"><span data-sheets-root=\"1\">Parte de la serie Star Wars Droids, esta moneda proof con forma especial presenta a BB-8, el droide astromec\u00e1nico de El Despertar de la Fuerza. Acu\u00f1ada en plata pura al 99,9% con escultura detallada que replica el caracter\u00edstico cuerpo esf\u00e9rico y cabeza abovedada de BB-8. El dise\u00f1o incluye coloraci\u00f3n selectiva que resalta los paneles naranjas y blancos del droide, acentos plateados y marcas caracter\u00edsticas. Tirada limitada de 2000 monedas en todo el mundo. Contiene 1 oz de plata pura .999 emitida por Niue. El anverso muestra el Sello P\u00fablico de Niue. Se entrega en embalaje oficial con licencia de Star Wars con ventana de exhibici\u00f3n, ilustraciones del personaje y Certificado de Autenticidad con numeraci\u00f3n \u00fanica.      <\/span><\/div>\n<\/div>\n<\/div>\n","protected":false},"featured_media":3595,"template":"","meta":{"_bst_post_transparent":"","_bst_post_title":"","_bst_post_layout":"","_bst_post_sidebar_id":"","_bst_post_content_style":"","_bst_post_vertical_padding":"","_bst_post_feature":"","_bst_post_feature_position":"","_bst_post_header":false,"_bst_post_footer":false},"product_brand":[],"product_cat":[178,141],"product_tag":[211,214],"class_list":{"0":"post-3594","1":"product","2":"type-product","3":"status-publish","4":"has-post-thumbnail","6":"product_cat-objetos-plata","7":"product_cat-plata","8":"product_tag-coleccionable","9":"product_tag-star-wars","11":"first","12":"instock","13":"featured","14":"taxable","15":"shipping-taxable","16":"purchasable","17":"product-type-simple","18":"entry","19":"content-bg","20":"loop-entry"},"_links":{"self":[{"href":"https:\/\/notrevoute.com\/es\/wp-json\/wp\/v2\/product\/3594","targetHints":{"allow":["GET"]}}],"collection":[{"href":"https:\/\/notrevoute.com\/es\/wp-json\/wp\/v2\/product"}],"about":[{"href":"https:\/\/notrevoute.com\/es\/wp-json\/wp\/v2\/types\/product"}],"wp:featuredmedia":[{"embeddable":true,"href":"https:\/\/notrevoute.com\/es\/wp-json\/wp\/v2\/media\/3595"}],"wp:attachment":[{"href":"https:\/\/notrevoute.com\/es\/wp-json\/wp\/v2\/media?parent=3594"}],"wp:term":[{"taxonomy":"product_brand","embeddable":true,"href":"https:\/\/notrevoute.com\/es\/wp-json\/wp\/v2\/product_brand?post=3594"},{"taxonomy":"product_cat","embeddable":true,"href":"https:\/\/notrevoute.com\/es\/wp-json\/wp\/v2\/product_cat?post=3594"},{"taxonomy":"product_tag","embeddable":true,"href":"https:\/\/notrevoute.com\/es\/wp-json\/wp\/v2\/product_tag?post=3594"}],"curies":[{"name":"wp","href":"https:\/\/api.w.org\/{rel}","templated":true}]}}