{"id":3609,"date":"2026-02-13T10:23:25","date_gmt":"2026-02-13T10:23:25","guid":{"rendered":"https:\/\/staging.notrevoute.com\/product\/dragon-de-kwang-tung-de-china-2026-titanio-de-1-oz-bullion-de-china\/"},"modified":"2026-03-16T10:51:09","modified_gmt":"2026-03-16T10:51:09","slug":"medallon-de-titanio-dragon-de-kwang-tung-2026-1-oz","status":"publish","type":"product","link":"https:\/\/notrevoute.com\/es\/tienda\/monedas-titanio\/medallon-de-titanio-dragon-de-kwang-tung-2026-1-oz\/","title":{"rendered":"Medall\u00f3n de Titanio Drag\u00f3n de Kwang Tung 2026 1 oz"},"content":{"rendered":"<table class=\"bordered\" style=\"font-family: var(--global-body-font-family);\">\n<tbody>\n<tr>\n<th colspan=\"2\">DETALLES T\u00c9CNICOS<\/th>\n<\/tr>\n<tr>\n<td style=\"width: 150px;\"><strong>Pa\u00eds<\/strong><\/td>\n<td>China<\/td>\n<\/tr>\n<tr>\n<td style=\"width: 150px;\"><strong>A\u00f1o<\/strong><\/td>\n<td>2026<\/td>\n<\/tr>\n<tr>\n<td style=\"width: 150px;\"><strong>Valor Facial<br \/>\n<\/strong><\/td>\n<td>N\/A<\/td>\n<\/tr>\n<tr>\n<td style=\"width: 150px;\"><strong>Metal<\/strong><\/td>\n<td>Titanio<\/td>\n<\/tr>\n<tr>\n<td style=\"width: 150px;\"><strong>Pureza<\/strong><\/td>\n<td>.999<\/td>\n<\/tr>\n<tr>\n<td style=\"width: 150px;\"><strong>Peso (g)<\/strong><\/td>\n<td>31,10 (1 oz)<\/td>\n<\/tr>\n<tr>\n<td style=\"width: 150px;\"><strong>Calidad<\/strong><\/td>\n<td>BU<\/td>\n<\/tr>\n<tr>\n<td style=\"width: 150px;\"><strong>Acu\u00f1aci\u00f3n (uds.)<\/strong><\/td>\n<td>N\/A<\/td>\n<\/tr>\n<tr>\n<td style=\"width: 150px;\"><strong>Certificado (COA)<\/strong><\/td>\n<td>No<\/td>\n<\/tr>\n<tr>\n<td style=\"width: 150px;\"><strong>Presentaci\u00f3n (caja)<\/strong><\/td>\n<td>No<\/td>\n<\/tr>\n<\/tbody>\n<\/table>\n","protected":false},"excerpt":{"rendered":"<div id=\"product-description-short-11868\" class=\"rte-content product-description\">\n<div id=\"short_description_block\">\n<div id=\"short_description_content\" class=\"rte align_justify\"><span data-sheets-root=\"1\">Pieza de inversi\u00f3n de titanio con el hist\u00f3rico dise\u00f1o del drag\u00f3n de Kwang-Tung, inspirado en el legendario d\u00f3lar de Kwang-Tung de 1890 de finales de la dinast\u00eda Qing de China. El drag\u00f3n simboliza el poder, la nobleza y la buena fortuna, representado con escamas intrincadas y un movimiento din\u00e1mico en toda la superficie. Acu\u00f1ada en titanio puro al 99,95 % con un acabado brillante sin circular, combina el arte numism\u00e1tico hist\u00f3rico chino con la inversi\u00f3n moderna en metales alternativos. El anverso incluye las especificaciones de peso y pureza junto con la inscripci\u00f3n \u00abKwang Tung Province\u00bb y caracteres chinos que rinden homenaje a la hist\u00f3rica acu\u00f1aci\u00f3n provincial. El titanio, ligero pero duradero, ofrece a los coleccionistas una pieza distintiva arraigada en el patrimonio monetario chino. <\/span><\/div>\n<\/div>\n<\/div>\n","protected":false},"featured_media":2954,"template":"","meta":{"_bst_post_transparent":"default","_bst_post_title":"","_bst_post_layout":"default","_bst_post_sidebar_id":"","_bst_post_content_style":"default","_bst_post_vertical_padding":"default","_bst_post_feature":"","_bst_post_feature_position":"","_bst_post_header":false,"_bst_post_footer":false},"product_brand":[],"product_cat":[181,179],"product_tag":[],"class_list":{"0":"post-3609","1":"product","2":"type-product","3":"status-publish","4":"has-post-thumbnail","6":"product_cat-monedas-titanio","7":"product_cat-titanio","9":"first","10":"instock","11":"featured","12":"taxable","13":"shipping-taxable","14":"purchasable","15":"product-type-simple","16":"entry","17":"content-bg","18":"loop-entry"},"_links":{"self":[{"href":"https:\/\/notrevoute.com\/es\/wp-json\/wp\/v2\/product\/3609","targetHints":{"allow":["GET"]}}],"collection":[{"href":"https:\/\/notrevoute.com\/es\/wp-json\/wp\/v2\/product"}],"about":[{"href":"https:\/\/notrevoute.com\/es\/wp-json\/wp\/v2\/types\/product"}],"wp:featuredmedia":[{"embeddable":true,"href":"https:\/\/notrevoute.com\/es\/wp-json\/wp\/v2\/media\/2954"}],"wp:attachment":[{"href":"https:\/\/notrevoute.com\/es\/wp-json\/wp\/v2\/media?parent=3609"}],"wp:term":[{"taxonomy":"product_brand","embeddable":true,"href":"https:\/\/notrevoute.com\/es\/wp-json\/wp\/v2\/product_brand?post=3609"},{"taxonomy":"product_cat","embeddable":true,"href":"https:\/\/notrevoute.com\/es\/wp-json\/wp\/v2\/product_cat?post=3609"},{"taxonomy":"product_tag","embeddable":true,"href":"https:\/\/notrevoute.com\/es\/wp-json\/wp\/v2\/product_tag?post=3609"}],"curies":[{"name":"wp","href":"https:\/\/api.w.org\/{rel}","templated":true}]}}