{"id":3634,"date":"2026-02-13T09:49:13","date_gmt":"2026-02-13T09:49:13","guid":{"rendered":"https:\/\/staging.notrevoute.com\/product\/monedas-poster-star-wars-a-new-hope-lamina-de-plata-2024-3-oz-coleccionable-niue\/"},"modified":"2026-02-13T09:49:13","modified_gmt":"2026-02-13T09:49:13","slug":"monedas-poster-star-wars-a-new-hope-lamina-de-plata-2024-3-oz-coleccionable-niue","status":"publish","type":"product","link":"https:\/\/notrevoute.com\/es\/tienda\/plata\/monedas-poster-star-wars-a-new-hope-lamina-de-plata-2024-3-oz-coleccionable-niue\/","title":{"rendered":"Monedas P\u00f3ster Star Wars: A New Hope, L\u00e1mina de Plata 2024, 3 oz, Coleccionable Niue"},"content":{"rendered":"<table class=\"bordered\" style=\"font-family: var(--global-body-font-family);\">\n<tbody>\n<tr>\n<th colspan=\"2\">DETALLES T\u00c9CNICOS<\/th>\n<\/tr>\n<tr>\n<td style=\"width: 150px;\"><strong>Pa\u00eds<\/strong><\/td>\n<td>Niue<\/td>\n<\/tr>\n<tr>\n<td style=\"width: 150px;\"><strong>A\u00f1o<\/strong><\/td>\n<td>2024<\/td>\n<\/tr>\n<tr>\n<td style=\"width: 150px;\"><strong>Valor nominal<br \/>\n<\/strong><\/td>\n<td>5 NZD<\/td>\n<\/tr>\n<tr>\n<td style=\"width: 150px;\"><strong>Metal<\/strong><\/td>\n<td>Plata<\/td>\n<\/tr>\n<tr>\n<td style=\"width: 150px;\"><strong>Pureza<\/strong><\/td>\n<td>.999<\/td>\n<\/tr>\n<tr>\n<td style=\"width: 150px;\"><strong>Peso (g)<\/strong><\/td>\n<td>93,3 (3oz)<\/td>\n<\/tr>\n<tr>\n<td style=\"width: 150px;\"><strong>Calidad<\/strong><\/td>\n<td>Proof\/Coloreada<\/td>\n<\/tr>\n<tr>\n<td style=\"width: 150px;\"><strong>Acu\u00f1aci\u00f3n (uds)<\/strong><\/td>\n<td>800 uds<\/td>\n<\/tr>\n<tr>\n<td style=\"width: 150px;\"><strong>Certificado (COA)<\/strong><\/td>\n<td>S\u00ed<\/td>\n<\/tr>\n<tr>\n<td style=\"width: 150px;\"><strong>Presentaci\u00f3n (caja)<\/strong><\/td>\n<td>S\u00ed<\/td>\n<\/tr>\n<\/tbody>\n<\/table>\n","protected":false},"excerpt":{"rendered":"<p><span data-sheets-root=\"1\">Primer lanzamiento de la nueva serie de monedas p\u00f3ster de plata de 3 oz que celebra la pel\u00edcula de 1977 Star Wars: Episodio IV &#8211; A New Hope. Moneda proof rectangular a color con vibrantes ilustraciones de Eric Tan, creadas originalmente para el evento Star Wars Celebration de 2019. El reverso muestra la ic\u00f3nica imagen del p\u00f3ster de la pel\u00edcula con cazas TIE Imperiales, cazas estelares X-Wing Rebeldes, Darth Vader, Luke Skywalker en el desierto de Tatooine, el t\u00edtulo de Star Wars y el logotipo de la pel\u00edcula en acabado espejo que contrasta con la obra de arte a color. El anverso presenta el Sello P\u00fablico de Niue con el texto de apertura de la pel\u00edcula grabado en acabado esmerilado. Edici\u00f3n limitada a 800 unidades en todo el mundo. Incluye embalaje con la marca Star Wars forrado en terciopelo y Certificado de Autenticidad con n\u00famero de serie \u00fanico.     <\/span><\/p>\n","protected":false},"featured_media":3635,"template":"","meta":{"_bst_post_transparent":"","_bst_post_title":"","_bst_post_layout":"","_bst_post_sidebar_id":"","_bst_post_content_style":"","_bst_post_vertical_padding":"","_bst_post_feature":"","_bst_post_feature_position":"","_bst_post_header":false,"_bst_post_footer":false},"product_brand":[],"product_cat":[145,141],"product_tag":[211,214],"class_list":{"0":"post-3634","1":"product","2":"type-product","3":"status-publish","4":"has-post-thumbnail","6":"product_cat-coleccionables-plata","7":"product_cat-plata","8":"product_tag-coleccionable","9":"product_tag-star-wars","11":"first","12":"outofstock","13":"featured","14":"taxable","15":"shipping-taxable","16":"purchasable","17":"product-type-simple","18":"entry","19":"content-bg","20":"loop-entry"},"_links":{"self":[{"href":"https:\/\/notrevoute.com\/es\/wp-json\/wp\/v2\/product\/3634","targetHints":{"allow":["GET"]}}],"collection":[{"href":"https:\/\/notrevoute.com\/es\/wp-json\/wp\/v2\/product"}],"about":[{"href":"https:\/\/notrevoute.com\/es\/wp-json\/wp\/v2\/types\/product"}],"wp:featuredmedia":[{"embeddable":true,"href":"https:\/\/notrevoute.com\/es\/wp-json\/wp\/v2\/media\/3635"}],"wp:attachment":[{"href":"https:\/\/notrevoute.com\/es\/wp-json\/wp\/v2\/media?parent=3634"}],"wp:term":[{"taxonomy":"product_brand","embeddable":true,"href":"https:\/\/notrevoute.com\/es\/wp-json\/wp\/v2\/product_brand?post=3634"},{"taxonomy":"product_cat","embeddable":true,"href":"https:\/\/notrevoute.com\/es\/wp-json\/wp\/v2\/product_cat?post=3634"},{"taxonomy":"product_tag","embeddable":true,"href":"https:\/\/notrevoute.com\/es\/wp-json\/wp\/v2\/product_tag?post=3634"}],"curies":[{"name":"wp","href":"https:\/\/api.w.org\/{rel}","templated":true}]}}