{"id":3657,"date":"2026-02-13T09:44:01","date_gmt":"2026-02-13T09:44:01","guid":{"rendered":"https:\/\/staging.notrevoute.com\/product\/lingote-de-plata-thor-dioses-nordicos-2025-10-oz-alemania-proof\/"},"modified":"2026-02-13T09:44:01","modified_gmt":"2026-02-13T09:44:01","slug":"lingote-de-plata-thor-dioses-nordicos-2025-10-oz-alemania-proof","status":"publish","type":"product","link":"https:\/\/notrevoute.com\/es\/tienda\/plata\/lingote-de-plata-thor-dioses-nordicos-2025-10-oz-alemania-proof\/","title":{"rendered":"Lingote de Plata Thor Dioses N\u00f3rdicos 2025 10 oz Alemania Proof"},"content":{"rendered":"<table class=\"bordered\" style=\"font-family: var(--global-body-font-family)\">\n<tbody>\n<tr>\n<th colspan=\"2\">DETALLES T\u00c9CNICOS<\/th>\n<\/tr>\n<tr>\n<td style=\"width: 150px\"><strong>Pa\u00eds<\/strong><\/td>\n<td>Alemania<\/td>\n<\/tr>\n<tr>\n<td style=\"width: 150px\"><strong>A\u00f1o<\/strong><\/td>\n<td>2025<\/td>\n<\/tr>\n<tr>\n<td style=\"width: 150px\"><strong>Valor Facial<br \/>\n<\/strong><\/td>\n<td>N\/A<\/td>\n<\/tr>\n<tr>\n<td style=\"width: 150px\"><strong>Metal<\/strong><\/td>\n<td>Plata<\/td>\n<\/tr>\n<tr>\n<td style=\"width: 150px\"><strong>Pureza<\/strong><\/td>\n<td>.999<\/td>\n<\/tr>\n<tr>\n<td style=\"width: 150px\"><strong>Peso (g)<\/strong><\/td>\n<td>311 (10 oz)<\/td>\n<\/tr>\n<tr>\n<td style=\"width: 150px\"><strong>Calidad<\/strong><\/td>\n<td>Proof<\/td>\n<\/tr>\n<tr>\n<td style=\"width: 150px\"><strong>Acu\u00f1aci\u00f3n (uds.)<\/strong><\/td>\n<td>N\/A<\/td>\n<\/tr>\n<tr>\n<td style=\"width: 150px\"><strong>Certificado (COA)<\/strong><\/td>\n<td>No<\/td>\n<\/tr>\n<tr>\n<td style=\"width: 150px\"><strong>Presentaci\u00f3n (caja)<\/strong><\/td>\n<td>S\u00ed<\/td>\n<\/tr>\n<\/tbody>\n<\/table>\n","protected":false},"excerpt":{"rendered":"<div id=\"product-description-short-11868\" class=\"rte-content product-description\">\n<div id=\"short_description_block\">\n<div id=\"short_description_content\" class=\"rte align_justify\"><span data-sheets-root=\"1\">Segundo lanzamiento de la serie Dioses N\u00f3rdicos, una colaboraci\u00f3n entre The Royal Mint y Germania Mint. El reverso representa a Thor, dios del trueno e hijo de Od\u00edn, montando un carro tirado por los poderosos machos cabr\u00edos Tanngrisnir y Tanngnj\u00f3str, que surcan el cielo a una velocidad tremenda, empu\u00f1ando el legendario martillo Mj\u00f6llnir levantado sobre su cabeza, listo para impartir justicia, con rayos surcando el fondo. Ojos llenos de determinaci\u00f3n que retratan a un guerrero invencible protegiendo a dioses y humanos a trav\u00e9s de los nueve reinos. El anverso presenta el emblema de la Royal Mint con el peso, las marcas de pureza y un dise\u00f1o de drag\u00f3n de estilo n\u00f3rdico. Se entrega en un embalaje seguro CardBar de Germania Mint.    <\/span><\/div>\n<\/div>\n<\/div>\n","protected":false},"featured_media":3661,"template":"","meta":{"_bst_post_transparent":"","_bst_post_title":"","_bst_post_layout":"","_bst_post_sidebar_id":"","_bst_post_content_style":"","_bst_post_vertical_padding":"","_bst_post_feature":"","_bst_post_feature_position":"","_bst_post_header":false,"_bst_post_footer":false},"product_brand":[],"product_cat":[177,141],"product_tag":[],"class_list":{"0":"post-3657","1":"product","2":"type-product","3":"status-publish","4":"has-post-thumbnail","6":"product_cat-lingotes-plata","7":"product_cat-plata","9":"first","10":"instock","11":"featured","12":"taxable","13":"shipping-taxable","14":"purchasable","15":"product-type-simple","16":"entry","17":"content-bg","18":"loop-entry"},"_links":{"self":[{"href":"https:\/\/notrevoute.com\/es\/wp-json\/wp\/v2\/product\/3657","targetHints":{"allow":["GET"]}}],"collection":[{"href":"https:\/\/notrevoute.com\/es\/wp-json\/wp\/v2\/product"}],"about":[{"href":"https:\/\/notrevoute.com\/es\/wp-json\/wp\/v2\/types\/product"}],"wp:featuredmedia":[{"embeddable":true,"href":"https:\/\/notrevoute.com\/es\/wp-json\/wp\/v2\/media\/3661"}],"wp:attachment":[{"href":"https:\/\/notrevoute.com\/es\/wp-json\/wp\/v2\/media?parent=3657"}],"wp:term":[{"taxonomy":"product_brand","embeddable":true,"href":"https:\/\/notrevoute.com\/es\/wp-json\/wp\/v2\/product_brand?post=3657"},{"taxonomy":"product_cat","embeddable":true,"href":"https:\/\/notrevoute.com\/es\/wp-json\/wp\/v2\/product_cat?post=3657"},{"taxonomy":"product_tag","embeddable":true,"href":"https:\/\/notrevoute.com\/es\/wp-json\/wp\/v2\/product_tag?post=3657"}],"curies":[{"name":"wp","href":"https:\/\/api.w.org\/{rel}","templated":true}]}}