{"id":3662,"date":"2026-02-12T12:37:27","date_gmt":"2026-02-12T12:37:27","guid":{"rendered":"https:\/\/staging.notrevoute.com\/product\/moneda-de-plata-avion-de-papel-suenos-plegados-2025-2-oz-niue-miniatura\/"},"modified":"2026-02-12T12:37:27","modified_gmt":"2026-02-12T12:37:27","slug":"moneda-de-plata-avion-de-papel-suenos-plegados-2025-2-oz-niue-miniatura","status":"publish","type":"product","link":"https:\/\/notrevoute.com\/es\/tienda\/plata\/moneda-de-plata-avion-de-papel-suenos-plegados-2025-2-oz-niue-miniatura\/","title":{"rendered":"Moneda de Plata Avi\u00f3n de Papel Sue\u00f1os Plegados 2025 2 oz Niue Miniatura"},"content":{"rendered":"<table class=\"bordered\" style=\"font-family: var(--global-body-font-family);\">\n<tbody>\n<tr>\n<th colspan=\"2\">DETALLES T\u00c9CNICOS<\/th>\n<\/tr>\n<tr>\n<td style=\"width: 150px;\"><strong>Pa\u00eds<\/strong><\/td>\n<td>Niue<\/td>\n<\/tr>\n<tr>\n<td style=\"width: 150px;\"><strong>A\u00f1o<\/strong><\/td>\n<td>2025<\/td>\n<\/tr>\n<tr>\n<td style=\"width: 150px;\"><strong>Valor Facial<br \/>\n<\/strong><\/td>\n<td>2 NZD<\/td>\n<\/tr>\n<tr>\n<td style=\"width: 150px;\"><strong>Metal<\/strong><\/td>\n<td>Plata<\/td>\n<\/tr>\n<tr>\n<td style=\"width: 150px;\"><strong>Pureza<\/strong><\/td>\n<td>.999<\/td>\n<\/tr>\n<tr>\n<td style=\"width: 150px;\"><strong>Peso (g)<\/strong><\/td>\n<td>62,2 (2 oz)<\/td>\n<\/tr>\n<tr>\n<td style=\"width: 150px;\"><strong>Calidad<\/strong><\/td>\n<td>Antiguo<\/td>\n<\/tr>\n<tr>\n<td style=\"width: 150px;\"><strong>Acu\u00f1aci\u00f3n (uds.)<\/strong><\/td>\n<td>499<\/td>\n<\/tr>\n<tr>\n<td style=\"width: 150px;\"><strong>Certificado (COA)<\/strong><\/td>\n<td>S\u00ed<\/td>\n<\/tr>\n<tr>\n<td style=\"width: 150px;\"><strong>Presentaci\u00f3n (caja)<\/strong><\/td>\n<td>S\u00ed<\/td>\n<\/tr>\n<\/tbody>\n<\/table>\n","protected":false},"excerpt":{"rendered":"<div id=\"product-description-short-11868\" class=\"rte-content product-description\">\n<div id=\"short_description_block\">\n<div id=\"short_description_content\" class=\"rte align_justify\"><span data-sheets-root=\"1\">Primer lanzamiento de la serie \u00abSue\u00f1os Plegados\u00bb que captura la magia de la infancia a trav\u00e9s de un dise\u00f1o \u00fanico de avi\u00f3n de papel con forma 3D. Moneda con acabado antiguo meticulosamente elaborada con la punta ligeramente doblada, imitando un avi\u00f3n reci\u00e9n lanzado. El reverso presenta una reproducci\u00f3n fiel con grabados de estilo manual a lo largo de las alas que recuerdan los garabatos infantiles, y dos emblemas en relieve en las puntas de las alas que evocan los escudos de las aeronaves. Cada detalle evoca la inocencia y creatividad de la juventud. El anverso muestra una superficie lisa y sencilla que evoca una simplicidad atemporal. Una sentida oda a la maravilla del juego y la imaginaci\u00f3n infantiles. Limitada a 499 unidades en todo el mundo. Incluye estuche tem\u00e1tico y Certificado de Autenticidad.       <\/span><\/div>\n<\/div>\n<\/div>\n","protected":false},"featured_media":3666,"template":"","meta":{"_bst_post_transparent":"","_bst_post_title":"","_bst_post_layout":"","_bst_post_sidebar_id":"","_bst_post_content_style":"","_bst_post_vertical_padding":"","_bst_post_feature":"","_bst_post_feature_position":"","_bst_post_header":false,"_bst_post_footer":false},"product_brand":[],"product_cat":[178,141],"product_tag":[],"class_list":{"0":"post-3662","1":"product","2":"type-product","3":"status-publish","4":"has-post-thumbnail","6":"product_cat-objetos-plata","7":"product_cat-plata","9":"first","10":"instock","11":"featured","12":"taxable","13":"shipping-taxable","14":"purchasable","15":"product-type-simple","16":"entry","17":"content-bg","18":"loop-entry"},"_links":{"self":[{"href":"https:\/\/notrevoute.com\/es\/wp-json\/wp\/v2\/product\/3662","targetHints":{"allow":["GET"]}}],"collection":[{"href":"https:\/\/notrevoute.com\/es\/wp-json\/wp\/v2\/product"}],"about":[{"href":"https:\/\/notrevoute.com\/es\/wp-json\/wp\/v2\/types\/product"}],"wp:featuredmedia":[{"embeddable":true,"href":"https:\/\/notrevoute.com\/es\/wp-json\/wp\/v2\/media\/3666"}],"wp:attachment":[{"href":"https:\/\/notrevoute.com\/es\/wp-json\/wp\/v2\/media?parent=3662"}],"wp:term":[{"taxonomy":"product_brand","embeddable":true,"href":"https:\/\/notrevoute.com\/es\/wp-json\/wp\/v2\/product_brand?post=3662"},{"taxonomy":"product_cat","embeddable":true,"href":"https:\/\/notrevoute.com\/es\/wp-json\/wp\/v2\/product_cat?post=3662"},{"taxonomy":"product_tag","embeddable":true,"href":"https:\/\/notrevoute.com\/es\/wp-json\/wp\/v2\/product_tag?post=3662"}],"curies":[{"name":"wp","href":"https:\/\/api.w.org\/{rel}","templated":true}]}}