{"id":3667,"date":"2026-02-12T12:40:45","date_gmt":"2026-02-12T12:40:45","guid":{"rendered":"https:\/\/staging.notrevoute.com\/product\/moneda-de-plata-arturo-pendragon-camelot-2023-1-oz-niue-proof\/"},"modified":"2026-02-12T12:40:45","modified_gmt":"2026-02-12T12:40:45","slug":"moneda-de-plata-arturo-pendragon-camelot-2023-1-oz-niue-proof","status":"publish","type":"product","link":"https:\/\/notrevoute.com\/es\/tienda\/plata\/moneda-de-plata-arturo-pendragon-camelot-2023-1-oz-niue-proof\/","title":{"rendered":"Moneda de plata Arturo Pendrag\u00f3n Camelot 2023 1 oz Niue Proof"},"content":{"rendered":"<table class=\"bordered\" style=\"font-family: var(--global-body-font-family);\">\n<tbody>\n<tr>\n<th colspan=\"2\">DETALLES T\u00c9CNICOS<\/th>\n<\/tr>\n<tr>\n<td style=\"width: 150px;\"><strong>Pa\u00eds<\/strong><\/td>\n<td>Niue<\/td>\n<\/tr>\n<tr>\n<td style=\"width: 150px;\"><strong>A\u00f1o<\/strong><\/td>\n<td>2023<\/td>\n<\/tr>\n<tr>\n<td style=\"width: 150px;\"><strong>Valor Facial<br \/>\n<\/strong><\/td>\n<td>2 NZD<\/td>\n<\/tr>\n<tr>\n<td style=\"width: 150px;\"><strong>Metal<\/strong><\/td>\n<td>Plata<\/td>\n<\/tr>\n<tr>\n<td style=\"width: 150px;\"><strong>Pureza<\/strong><\/td>\n<td>.999<\/td>\n<\/tr>\n<tr>\n<td style=\"width: 150px;\"><strong>Peso (g)<\/strong><\/td>\n<td>31,10 (1 oz)<\/td>\n<\/tr>\n<tr>\n<td style=\"width: 150px;\"><strong>Calidad<\/strong><\/td>\n<td>Mate, proof<\/td>\n<\/tr>\n<tr>\n<td style=\"width: 150px;\"><strong>Tirada (uds.)<\/strong><\/td>\n<td>10.000 uds.<\/td>\n<\/tr>\n<tr>\n<td style=\"width: 150px;\"><strong>Certificado (COA)<\/strong><\/td>\n<td>S\u00ed<\/td>\n<\/tr>\n<tr>\n<td style=\"width: 150px;\"><strong>Presentaci\u00f3n (caja)<\/strong><\/td>\n<td>No<\/td>\n<\/tr>\n<\/tbody>\n<\/table>\n","protected":false},"excerpt":{"rendered":"<div id=\"product-description-short-11868\" class=\"rte-content product-description\">\n<div id=\"short_description_block\">\n<div id=\"short_description_content\" class=\"rte align_justify\"><span data-sheets-root=\"1\">Primera emisi\u00f3n de la serie bullion Camelot, que celebra al legendario rey Arturo del folclore brit\u00e1nico. El reverso muestra a Arturo Pendrag\u00f3n en batalla blandiendo la espada Excalibur, con dos guerreros protegi\u00e9ndole la espalda frente a un enemigo ca\u00eddo; un dise\u00f1o en alto relieve que captura el valor y el hero\u00edsmo. El anverso presenta doce escudos que representan las casas de Camelot, dispuestos en c\u00edrculo como s\u00edmbolo de los Caballeros de la Mesa Redonda, con el Sello P\u00fablico de Niue en el centro. Seg\u00fan la leyenda, Arturo sac\u00f3 Excalibur de la piedra para convertirse en rey de Britania y defenderse de los invasores sajones en la Alta Edad Media. Acu\u00f1ada por Asturmint.    <\/span><\/div>\n<\/div>\n<\/div>\n","protected":false},"featured_media":3672,"template":"","meta":{"_bst_post_transparent":"","_bst_post_title":"","_bst_post_layout":"","_bst_post_sidebar_id":"","_bst_post_content_style":"","_bst_post_vertical_padding":"","_bst_post_feature":"","_bst_post_feature_position":"","_bst_post_header":false,"_bst_post_footer":false},"product_brand":[],"product_cat":[142,141],"product_tag":[217],"class_list":{"0":"post-3667","1":"product","2":"type-product","3":"status-publish","4":"has-post-thumbnail","6":"product_cat-monedas-plata","7":"product_cat-plata","8":"product_tag-camelot","10":"first","11":"instock","12":"featured","13":"taxable","14":"shipping-taxable","15":"purchasable","16":"product-type-simple","17":"entry","18":"content-bg","19":"loop-entry"},"_links":{"self":[{"href":"https:\/\/notrevoute.com\/es\/wp-json\/wp\/v2\/product\/3667","targetHints":{"allow":["GET"]}}],"collection":[{"href":"https:\/\/notrevoute.com\/es\/wp-json\/wp\/v2\/product"}],"about":[{"href":"https:\/\/notrevoute.com\/es\/wp-json\/wp\/v2\/types\/product"}],"wp:featuredmedia":[{"embeddable":true,"href":"https:\/\/notrevoute.com\/es\/wp-json\/wp\/v2\/media\/3672"}],"wp:attachment":[{"href":"https:\/\/notrevoute.com\/es\/wp-json\/wp\/v2\/media?parent=3667"}],"wp:term":[{"taxonomy":"product_brand","embeddable":true,"href":"https:\/\/notrevoute.com\/es\/wp-json\/wp\/v2\/product_brand?post=3667"},{"taxonomy":"product_cat","embeddable":true,"href":"https:\/\/notrevoute.com\/es\/wp-json\/wp\/v2\/product_cat?post=3667"},{"taxonomy":"product_tag","embeddable":true,"href":"https:\/\/notrevoute.com\/es\/wp-json\/wp\/v2\/product_tag?post=3667"}],"curies":[{"name":"wp","href":"https:\/\/api.w.org\/{rel}","templated":true}]}}