{"id":3673,"date":"2026-02-13T09:17:56","date_gmt":"2026-02-13T09:17:56","guid":{"rendered":"https:\/\/staging.notrevoute.com\/product\/moneda-de-plata-cappuccino-cryptoccino-bitcoin-2024-de-1-oz-niue-coloreada-coa-001\/"},"modified":"2026-02-13T09:17:56","modified_gmt":"2026-02-13T09:17:56","slug":"moneda-de-plata-cappuccino-cryptoccino-bitcoin-2024-de-1-oz-niue-coloreada-coa-001","status":"publish","type":"product","link":"https:\/\/notrevoute.com\/es\/tienda\/plata\/moneda-de-plata-cappuccino-cryptoccino-bitcoin-2024-de-1-oz-niue-coloreada-coa-001\/","title":{"rendered":"Moneda de Plata Cappuccino Cryptoccino Bitcoin 2024 de 1 oz Niue Coloreada (CoA #001)"},"content":{"rendered":"<table class=\"bordered\" style=\"font-family: var(--global-body-font-family);\">\n<tbody>\n<tr>\n<th colspan=\"2\">DETALLES T\u00c9CNICOS<\/th>\n<\/tr>\n<tr>\n<td style=\"width: 150px;\"><strong>Pa\u00eds<\/strong><\/td>\n<td>Niue<\/td>\n<\/tr>\n<tr>\n<td style=\"width: 150px;\"><strong>A\u00f1o<\/strong><\/td>\n<td>2024<\/td>\n<\/tr>\n<tr>\n<td style=\"width: 150px;\"><strong>Valor Facial<br \/>\n<\/strong><\/td>\n<td>2 NZD<\/td>\n<\/tr>\n<tr>\n<td style=\"width: 150px;\"><strong>Metal<\/strong><\/td>\n<td>Plata<\/td>\n<\/tr>\n<tr>\n<td style=\"width: 150px;\"><strong>Pureza<\/strong><\/td>\n<td>.999<\/td>\n<\/tr>\n<tr>\n<td style=\"width: 150px;\"><strong>Peso (g)<\/strong><\/td>\n<td>31,10 (1 oz)<\/td>\n<\/tr>\n<tr>\n<td style=\"width: 150px;\"><strong>Calidad<\/strong><\/td>\n<td>Coloreada<\/td>\n<\/tr>\n<tr>\n<td style=\"width: 150px;\"><strong>Tirada (uds.)<\/strong><\/td>\n<td>100 uds.<\/td>\n<\/tr>\n<tr>\n<td style=\"width: 150px;\"><strong>Certificado (COA)<\/strong><\/td>\n<td>S\u00ed<\/td>\n<\/tr>\n<tr>\n<td style=\"width: 150px;\"><strong>Presentaci\u00f3n (caja)<\/strong><\/td>\n<td>S\u00ed<\/td>\n<\/tr>\n<\/tbody>\n<\/table>\n","protected":false},"excerpt":{"rendered":"<div id=\"product-description-short-11868\" class=\"rte-content product-description\">\n<div id=\"short_description_block\">\n<div id=\"short_description_content\" class=\"rte align_justify\"><span data-sheets-root=\"1\">Moneda de plata de 1 oz .9999 con coloraci\u00f3n vibrante de la serie Cryptoccino, acabado brillante sin circular. Anverso: Sello P\u00fablico de Niue con las inscripciones \u00ab2 Dollars\u00bb, \u00abNiue 2024\u00bb y el pa\u00eds emisor. Reverso: el ic\u00f3nico s\u00edmbolo de Bitcoin creativamente representado como arte de caf\u00e9 capuchino con dise\u00f1o de espuma, fusionando la cultura de las criptomonedas con la cultura del caf\u00e9 en una caprichosa combinaci\u00f3n que celebra la econom\u00eda digital y el estilo de vida de cafeter\u00eda. Las inscripciones incluyen \u00abVires in Numeris\u00bb (frase latina que significa \u00abla fuerza en los n\u00fameros\u00bb, lema de Bitcoin), \u00abBitcoin\u00bb y \u00ab1 OZ 9999 Fine Silver\u00bb. Licenciada por Niue con un valor nominal de 2 $. Dise\u00f1o l\u00fadico que fusiona la criptomoneda moderna con la experiencia tradicional de la cafeter\u00eda. Tirada limitada, presentada en estuche de exhibici\u00f3n con Certificado de Autenticidad.      <\/span><\/div>\n<\/div>\n<\/div>\n","protected":false},"featured_media":3676,"template":"","meta":{"_bst_post_transparent":"","_bst_post_title":"","_bst_post_layout":"","_bst_post_sidebar_id":"","_bst_post_content_style":"","_bst_post_vertical_padding":"","_bst_post_feature":"","_bst_post_feature_position":"","_bst_post_header":false,"_bst_post_footer":false},"product_brand":[],"product_cat":[145,141],"product_tag":[216,211],"class_list":{"0":"post-3673","1":"product","2":"type-product","3":"status-publish","4":"has-post-thumbnail","6":"product_cat-coleccionables-plata","7":"product_cat-plata","8":"product_tag-bitcoin","9":"product_tag-coleccionable","11":"first","12":"instock","13":"featured","14":"taxable","15":"shipping-taxable","16":"purchasable","17":"product-type-simple","18":"entry","19":"content-bg","20":"loop-entry"},"_links":{"self":[{"href":"https:\/\/notrevoute.com\/es\/wp-json\/wp\/v2\/product\/3673","targetHints":{"allow":["GET"]}}],"collection":[{"href":"https:\/\/notrevoute.com\/es\/wp-json\/wp\/v2\/product"}],"about":[{"href":"https:\/\/notrevoute.com\/es\/wp-json\/wp\/v2\/types\/product"}],"wp:featuredmedia":[{"embeddable":true,"href":"https:\/\/notrevoute.com\/es\/wp-json\/wp\/v2\/media\/3676"}],"wp:attachment":[{"href":"https:\/\/notrevoute.com\/es\/wp-json\/wp\/v2\/media?parent=3673"}],"wp:term":[{"taxonomy":"product_brand","embeddable":true,"href":"https:\/\/notrevoute.com\/es\/wp-json\/wp\/v2\/product_brand?post=3673"},{"taxonomy":"product_cat","embeddable":true,"href":"https:\/\/notrevoute.com\/es\/wp-json\/wp\/v2\/product_cat?post=3673"},{"taxonomy":"product_tag","embeddable":true,"href":"https:\/\/notrevoute.com\/es\/wp-json\/wp\/v2\/product_tag?post=3673"}],"curies":[{"name":"wp","href":"https:\/\/api.w.org\/{rel}","templated":true}]}}