{"id":3707,"date":"2026-02-12T12:01:44","date_gmt":"2026-02-12T12:01:44","guid":{"rendered":"https:\/\/staging.notrevoute.com\/product\/warner-bros-los-goonies-llave-esqueleto-copper-bones\/"},"modified":"2026-02-12T12:01:44","modified_gmt":"2026-02-12T12:01:44","slug":"warner-bros-los-goonies-llave-esqueleto-copper-bones","status":"publish","type":"product","link":"https:\/\/notrevoute.com\/es\/tienda\/plata\/warner-bros-los-goonies-llave-esqueleto-copper-bones\/","title":{"rendered":"Warner Bros &#8211; Los Goonies &#8211; Llave esqueleto Copper Bones"},"content":{"rendered":"<table class=\"bordered\" style=\"font-family: var(--global-body-font-family);\">\n<tbody>\n<tr>\n<th colspan=\"2\">DETALLES T\u00c9CNICOS<\/th>\n<\/tr>\n<tr>\n<td style=\"width: 150px;\"><strong>Pa\u00eds<\/strong><\/td>\n<td>Niue<\/td>\n<\/tr>\n<tr>\n<td style=\"width: 150px;\"><strong>A\u00f1o<\/strong><\/td>\n<td>2025<\/td>\n<\/tr>\n<tr>\n<td style=\"width: 150px;\"><strong>Valor facial<br \/>\n<\/strong><\/td>\n<td>3 NZD<\/td>\n<\/tr>\n<tr>\n<td style=\"width: 150px;\"><strong>Metal<\/strong><\/td>\n<td>Plata<\/td>\n<\/tr>\n<tr>\n<td style=\"width: 150px;\"><strong>Pureza<\/strong><\/td>\n<td>.999<\/td>\n<\/tr>\n<tr>\n<td style=\"width: 150px;\"><strong>Peso (g)<\/strong><\/td>\n<td>62,2 (2oz)<\/td>\n<\/tr>\n<tr>\n<td style=\"width: 150px;\"><strong>Calidad<\/strong><\/td>\n<td>Antique<\/td>\n<\/tr>\n<tr>\n<td style=\"width: 150px;\"><strong>Tirada (uds.)<\/strong><\/td>\n<td>500 pcs<\/td>\n<\/tr>\n<tr>\n<td style=\"width: 150px;\"><strong>Certificado (COA)<\/strong><\/td>\n<td>S\u00ed<\/td>\n<\/tr>\n<tr>\n<td style=\"width: 150px;\"><strong>Presentaci\u00f3n (caja)<\/strong><\/td>\n<td>S\u00ed<\/td>\n<\/tr>\n<\/tbody>\n<\/table>\n","protected":false},"excerpt":{"rendered":"<div id=\"product-description-short-11868\" class=\"rte-content product-description\">\n<div id=\"short_description_block\">\n<div id=\"short_description_content\" class=\"rte align_justify\"><span data-sheets-root=\"1\">Moneda proof envejecida de plata .999 de 2 oz con forma de llave esqueleto. Dise\u00f1o: r\u00e9plica cuidadosamente moldeada y grabada de la llave esqueleto Copper Bones, con perforaciones, grabado detallado que captura cada elemento y acabado antiguo envejecido que aporta un aspecto gastado por el tiempo, como una reliquia de la pel\u00edcula. Anverso: n\u00famero de serie individual, Sello P\u00fablico de Niue, \u00ab$3\u00bb, \u00ab2025\u00bb. De la pel\u00edcula de culto de 1985 Los Goonies, dirigida por Richard Donner, la llave es esencial para desbloquear el mapa del tesoro, lo que la convierte en uno de los objetos m\u00e1s ic\u00f3nicos del film en la b\u00fasqueda de Mikey del tesoro de One-Eyed Willy. Edici\u00f3n limitada a 500 piezas en todo el mundo. Estuche expositor personalizado con tem\u00e1tica de Los Goonies, inspirado en los Goondocks de Astoria. Incluye Certificado de Autenticidad.     <\/span><\/div>\n<\/div>\n<\/div>\n","protected":false},"featured_media":3709,"template":"","meta":{"_bst_post_transparent":"","_bst_post_title":"","_bst_post_layout":"","_bst_post_sidebar_id":"","_bst_post_content_style":"","_bst_post_vertical_padding":"","_bst_post_feature":"","_bst_post_feature_position":"","_bst_post_header":false,"_bst_post_footer":false},"product_brand":[],"product_cat":[178,141],"product_tag":[211,219],"class_list":{"0":"post-3707","1":"product","2":"type-product","3":"status-publish","4":"has-post-thumbnail","6":"product_cat-objetos-plata","7":"product_cat-plata","8":"product_tag-coleccionable","9":"product_tag-goonies","11":"first","12":"instock","13":"featured","14":"taxable","15":"shipping-taxable","16":"purchasable","17":"product-type-simple","18":"entry","19":"content-bg","20":"loop-entry"},"_links":{"self":[{"href":"https:\/\/notrevoute.com\/es\/wp-json\/wp\/v2\/product\/3707","targetHints":{"allow":["GET"]}}],"collection":[{"href":"https:\/\/notrevoute.com\/es\/wp-json\/wp\/v2\/product"}],"about":[{"href":"https:\/\/notrevoute.com\/es\/wp-json\/wp\/v2\/types\/product"}],"wp:featuredmedia":[{"embeddable":true,"href":"https:\/\/notrevoute.com\/es\/wp-json\/wp\/v2\/media\/3709"}],"wp:attachment":[{"href":"https:\/\/notrevoute.com\/es\/wp-json\/wp\/v2\/media?parent=3707"}],"wp:term":[{"taxonomy":"product_brand","embeddable":true,"href":"https:\/\/notrevoute.com\/es\/wp-json\/wp\/v2\/product_brand?post=3707"},{"taxonomy":"product_cat","embeddable":true,"href":"https:\/\/notrevoute.com\/es\/wp-json\/wp\/v2\/product_cat?post=3707"},{"taxonomy":"product_tag","embeddable":true,"href":"https:\/\/notrevoute.com\/es\/wp-json\/wp\/v2\/product_tag?post=3707"}],"curies":[{"name":"wp","href":"https:\/\/api.w.org\/{rel}","templated":true}]}}