{"id":3720,"date":"2026-02-12T12:07:45","date_gmt":"2026-02-12T12:07:45","guid":{"rendered":"https:\/\/staging.notrevoute.com\/product\/the-art-of-dc-comics-set-de-monedas-de-intercambio-mint-2025-de-plata-2-oz-niue-coleccionable\/"},"modified":"2026-02-12T12:07:45","modified_gmt":"2026-02-12T12:07:45","slug":"the-art-of-dc-comics-set-de-monedas-de-intercambio-mint-2025-de-plata-2-oz-niue-coleccionable","status":"publish","type":"product","link":"https:\/\/notrevoute.com\/es\/tienda\/plata\/the-art-of-dc-comics-set-de-monedas-de-intercambio-mint-2025-de-plata-2-oz-niue-coleccionable\/","title":{"rendered":"The Art of DC Comics Set de monedas de intercambio Mint 2025 de plata 2 oz Niue Coleccionable"},"content":{"rendered":"<table class=\"bordered\" style=\"font-family: var(--global-body-font-family);\">\n<tbody>\n<tr>\n<th colspan=\"2\">DETALLES T\u00c9CNICOS<\/th>\n<\/tr>\n<tr>\n<td style=\"width: 150px;\"><strong>Pa\u00eds<\/strong><\/td>\n<td>Niue<\/td>\n<\/tr>\n<tr>\n<td style=\"width: 150px;\"><strong>A\u00f1o<\/strong><\/td>\n<td>2025<\/td>\n<\/tr>\n<tr>\n<td style=\"width: 150px;\"><strong>Valor Facial<br \/>\n<\/strong><\/td>\n<td>N\/A<\/td>\n<\/tr>\n<tr>\n<td style=\"width: 150px;\"><strong>Metal<\/strong><\/td>\n<td>Plata<\/td>\n<\/tr>\n<tr>\n<td style=\"width: 150px;\"><strong>Pureza<\/strong><\/td>\n<td>.999<\/td>\n<\/tr>\n<tr>\n<td style=\"width: 150px;\"><strong>Peso (g)<\/strong><\/td>\n<td>61,2 (2oz)<\/td>\n<\/tr>\n<tr>\n<td style=\"width: 150px;\"><strong>Calidad<\/strong><\/td>\n<td>Varias<\/td>\n<\/tr>\n<tr>\n<td style=\"width: 150px;\"><strong>Tirada (uds.)<\/strong><\/td>\n<td>2005 sets<\/td>\n<\/tr>\n<tr>\n<td style=\"width: 150px;\"><strong>Certificado (COA)<\/strong><\/td>\n<td>S\u00ed<\/td>\n<\/tr>\n<tr>\n<td style=\"width: 150px;\"><strong>Presentaci\u00f3n (caja)<\/strong><\/td>\n<td>S\u00ed<\/td>\n<\/tr>\n<\/tbody>\n<\/table>\n","protected":false},"excerpt":{"rendered":"<div id=\"product-description-short-11868\" class=\"rte-content product-description\">\n<div id=\"short_description_block\">\n<div id=\"short_description_content\" class=\"rte align_justify\"><span data-sheets-root=\"1\">Set de intercambio de monedas proof colorizadas de plata .999 de 2 oz (dos monedas por caja precintada). Dise\u00f1o: tarjetas rectangulares tipo moneda con im\u00e1genes colorizadas de personajes ic\u00f3nicos de DC Comics, como Batman, Superman, Wonder Woman, The Flash, Green Lantern, Joker, Penguin, Lex Luthor y Harley Quinn, en distintos estilos art\u00edsticos. Anverso: Sello P\u00fablico de Niue. Reverso: representaciones din\u00e1micas de los personajes que celebran la visi\u00f3n de los artistas que dieron vida a superh\u00e9roes y villanos. Sistema de caja sorpresa con niveles de tirada tem\u00e1ticos de gemas: Emerald (500 por dise\u00f1o), Topaz (300), Ruby (100), Sapphire (60), Amethyst (40 doradas), Onyx (10 cada una en oro de 1\/4 oz), adem\u00e1s de 1\/1 Superman Unchained chase (oro de 1 oz). Licencia oficial de Warner Bros. Embalaje con marca DC Comics con precinto antimanipulaci\u00f3n, dos monedas en c\u00e1psulas acr\u00edlicas, incluye Certificado de Autenticidad.      <\/span><\/div>\n<\/div>\n<\/div>\n","protected":false},"featured_media":3722,"template":"","meta":{"_bst_post_transparent":"","_bst_post_title":"","_bst_post_layout":"","_bst_post_sidebar_id":"","_bst_post_content_style":"","_bst_post_vertical_padding":"","_bst_post_feature":"","_bst_post_feature_position":"","_bst_post_header":false,"_bst_post_footer":false},"product_brand":[],"product_cat":[145,141],"product_tag":[211,218],"class_list":{"0":"post-3720","1":"product","2":"type-product","3":"status-publish","4":"has-post-thumbnail","6":"product_cat-coleccionables-plata","7":"product_cat-plata","8":"product_tag-coleccionable","9":"product_tag-monedas-de-intercambio","11":"first","12":"outofstock","13":"featured","14":"taxable","15":"shipping-taxable","16":"purchasable","17":"product-type-simple","18":"entry","19":"content-bg","20":"loop-entry"},"_links":{"self":[{"href":"https:\/\/notrevoute.com\/es\/wp-json\/wp\/v2\/product\/3720","targetHints":{"allow":["GET"]}}],"collection":[{"href":"https:\/\/notrevoute.com\/es\/wp-json\/wp\/v2\/product"}],"about":[{"href":"https:\/\/notrevoute.com\/es\/wp-json\/wp\/v2\/types\/product"}],"wp:featuredmedia":[{"embeddable":true,"href":"https:\/\/notrevoute.com\/es\/wp-json\/wp\/v2\/media\/3722"}],"wp:attachment":[{"href":"https:\/\/notrevoute.com\/es\/wp-json\/wp\/v2\/media?parent=3720"}],"wp:term":[{"taxonomy":"product_brand","embeddable":true,"href":"https:\/\/notrevoute.com\/es\/wp-json\/wp\/v2\/product_brand?post=3720"},{"taxonomy":"product_cat","embeddable":true,"href":"https:\/\/notrevoute.com\/es\/wp-json\/wp\/v2\/product_cat?post=3720"},{"taxonomy":"product_tag","embeddable":true,"href":"https:\/\/notrevoute.com\/es\/wp-json\/wp\/v2\/product_tag?post=3720"}],"curies":[{"name":"wp","href":"https:\/\/api.w.org\/{rel}","templated":true}]}}