{"id":3739,"date":"2026-02-12T11:53:07","date_gmt":"2026-02-12T11:53:07","guid":{"rendered":"https:\/\/staging.notrevoute.com\/product\/garfield-odie-garfield-comic-set-2025-moneda-de-plata-1-oz-niue-coleccionable\/"},"modified":"2026-02-12T11:53:07","modified_gmt":"2026-02-12T11:53:07","slug":"garfield-odie-garfield-comic-set-2025-moneda-de-plata-1-oz-niue-coleccionable","status":"publish","type":"product","link":"https:\/\/notrevoute.com\/es\/tienda\/plata\/garfield-odie-garfield-comic-set-2025-moneda-de-plata-1-oz-niue-coleccionable\/","title":{"rendered":"Garfield &amp; Odie Garfield Comic Set 2025 Moneda de Plata 1 oz Niue Coleccionable"},"content":{"rendered":"<table class=\"bordered\" style=\"font-family: var(--global-body-font-family);\">\n<tbody>\n<tr>\n<th colspan=\"2\">DETALLES T\u00c9CNICOS<\/th>\n<\/tr>\n<tr>\n<td style=\"width: 150px;\"><strong>Pa\u00eds<\/strong><\/td>\n<td>Niue<\/td>\n<\/tr>\n<tr>\n<td style=\"width: 150px;\"><strong>A\u00f1o<\/strong><\/td>\n<td>2025<\/td>\n<\/tr>\n<tr>\n<td style=\"width: 150px;\"><strong>Valor Facial<br \/>\n<\/strong><\/td>\n<td>2 NZD<\/td>\n<\/tr>\n<tr>\n<td style=\"width: 150px;\"><strong>Metal<\/strong><\/td>\n<td>Plata<\/td>\n<\/tr>\n<tr>\n<td style=\"width: 150px;\"><strong>Pureza<\/strong><\/td>\n<td>.999<\/td>\n<\/tr>\n<tr>\n<td style=\"width: 150px;\"><strong>Peso (g)<\/strong><\/td>\n<td>31,10 (1 oz)<\/td>\n<\/tr>\n<tr>\n<td style=\"width: 150px;\"><strong>Calidad<\/strong><\/td>\n<td>Proof\/coloreada<\/td>\n<\/tr>\n<tr>\n<td style=\"width: 150px;\"><strong>Tirada (pzs)<\/strong><\/td>\n<td>1000 pzs<\/td>\n<\/tr>\n<tr>\n<td style=\"width: 150px;\"><strong>Certificado (COA)<\/strong><\/td>\n<td>S\u00ed<\/td>\n<\/tr>\n<tr>\n<td style=\"width: 150px;\"><strong>Presentaci\u00f3n (estuche)<\/strong><\/td>\n<td>S\u00ed<\/td>\n<\/tr>\n<\/tbody>\n<\/table>\n","protected":false},"excerpt":{"rendered":"<div id=\"product-description-short-11868\" class=\"rte-content product-description\">\n<div id=\"short_description_block\">\n<div id=\"short_description_content\" class=\"rte align_justify\"><span data-sheets-root=\"1\">Moneda proof coloreada de 1 oz de plata .999 con formato alargado. Reverso: tira c\u00f3mica de tres vi\u00f1etas de 1981 a todo color mostrando a Garfield comiendo, Odie lamiendo la cara de Garfield, la respuesta de Jon \u00abMascotas\u00bb, conservando la ilustraci\u00f3n y el texto vintage originales que capturan su din\u00e1mica ic\u00f3nica. Anverso: ilustraci\u00f3n de Garfield esmerilada, cita grabada \u00abLove is not pretty\u00bb, detalles con acabado espejo, Sello P\u00fablico de Niue, \u00abTWO DOLLARS\u00bb, \u00ab2025\u00bb, n\u00famero de serie individual. Tercera emisi\u00f3n de la serie de cinco partes Garfield Comic Set de Agoro. La tira de 1981 muestra el caos c\u00f3mico puro entre Garfield, Odie y Jon con el remate seco de Jon. Limitada a 1000 piezas en todo el mundo. Embalaje tem\u00e1tico de Garfield con ventana de exhibici\u00f3n, Certificado de Autenticidad incluido.      <\/span><\/div>\n<\/div>\n<\/div>\n","protected":false},"featured_media":3740,"template":"","meta":{"_bst_post_transparent":"","_bst_post_title":"","_bst_post_layout":"","_bst_post_sidebar_id":"","_bst_post_content_style":"","_bst_post_vertical_padding":"","_bst_post_feature":"","_bst_post_feature_position":"","_bst_post_header":false,"_bst_post_footer":false},"product_brand":[],"product_cat":[145,141],"product_tag":[211,220],"class_list":{"0":"post-3739","1":"product","2":"type-product","3":"status-publish","4":"has-post-thumbnail","6":"product_cat-coleccionables-plata","7":"product_cat-plata","8":"product_tag-coleccionable","9":"product_tag-garfield","11":"first","12":"instock","13":"featured","14":"taxable","15":"shipping-taxable","16":"purchasable","17":"product-type-simple","18":"entry","19":"content-bg","20":"loop-entry"},"_links":{"self":[{"href":"https:\/\/notrevoute.com\/es\/wp-json\/wp\/v2\/product\/3739","targetHints":{"allow":["GET"]}}],"collection":[{"href":"https:\/\/notrevoute.com\/es\/wp-json\/wp\/v2\/product"}],"about":[{"href":"https:\/\/notrevoute.com\/es\/wp-json\/wp\/v2\/types\/product"}],"wp:featuredmedia":[{"embeddable":true,"href":"https:\/\/notrevoute.com\/es\/wp-json\/wp\/v2\/media\/3740"}],"wp:attachment":[{"href":"https:\/\/notrevoute.com\/es\/wp-json\/wp\/v2\/media?parent=3739"}],"wp:term":[{"taxonomy":"product_brand","embeddable":true,"href":"https:\/\/notrevoute.com\/es\/wp-json\/wp\/v2\/product_brand?post=3739"},{"taxonomy":"product_cat","embeddable":true,"href":"https:\/\/notrevoute.com\/es\/wp-json\/wp\/v2\/product_cat?post=3739"},{"taxonomy":"product_tag","embeddable":true,"href":"https:\/\/notrevoute.com\/es\/wp-json\/wp\/v2\/product_tag?post=3739"}],"curies":[{"name":"wp","href":"https:\/\/api.w.org\/{rel}","templated":true}]}}