{"id":3744,"date":"2026-02-12T11:35:53","date_gmt":"2026-02-12T11:35:53","guid":{"rendered":"https:\/\/staging.notrevoute.com\/product\/lamina-de-plata-de-1-oz-x-wing-blueprint-2025-coleccionable-de-niue\/"},"modified":"2026-02-12T11:35:53","modified_gmt":"2026-02-12T11:35:53","slug":"lamina-de-plata-de-1-oz-x-wing-blueprint-2025-coleccionable-de-niue","status":"publish","type":"product","link":"https:\/\/notrevoute.com\/es\/tienda\/plata\/lamina-de-plata-de-1-oz-x-wing-blueprint-2025-coleccionable-de-niue\/","title":{"rendered":"L\u00e1mina de plata de 1 oz X-Wing Blueprint 2025, coleccionable de Niue"},"content":{"rendered":"<table class=\"bordered\" style=\"font-family: var(--global-body-font-family);\">\n<tbody>\n<tr>\n<th colspan=\"2\">DETALLES T\u00c9CNICOS<\/th>\n<\/tr>\n<tr>\n<td style=\"width: 150px;\"><strong>Pa\u00eds<\/strong><\/td>\n<td>Niue<\/td>\n<\/tr>\n<tr>\n<td style=\"width: 150px;\"><strong>A\u00f1o<\/strong><\/td>\n<td>2025<\/td>\n<\/tr>\n<tr>\n<td style=\"width: 150px;\"><strong>Valor Facial<br \/>\n<\/strong><\/td>\n<td>2 NZD<\/td>\n<\/tr>\n<tr>\n<td style=\"width: 150px;\"><strong>Metal<\/strong><\/td>\n<td>Plata<\/td>\n<\/tr>\n<tr>\n<td style=\"width: 150px;\"><strong>Pureza<\/strong><\/td>\n<td>.999<\/td>\n<\/tr>\n<tr>\n<td style=\"width: 150px;\"><strong>Peso (g)<\/strong><\/td>\n<td>31,10 (1 oz)<\/td>\n<\/tr>\n<tr>\n<td style=\"width: 150px;\"><strong>Calidad<\/strong><\/td>\n<td>Proof\/color<\/td>\n<\/tr>\n<tr>\n<td style=\"width: 150px;\"><strong>Tirada (uds.)<\/strong><\/td>\n<td>1.000 uds.<\/td>\n<\/tr>\n<tr>\n<td style=\"width: 150px;\"><strong>Certificado (COA)<\/strong><\/td>\n<td>S\u00ed<\/td>\n<\/tr>\n<tr>\n<td style=\"width: 150px;\"><strong>Presentaci\u00f3n (caja)<\/strong><\/td>\n<td>S\u00ed<\/td>\n<\/tr>\n<\/tbody>\n<\/table>\n","protected":false},"excerpt":{"rendered":"<div id=\"product-description-short-11868\" class=\"rte-content product-description\">\n<div id=\"short_description_block\">\n<div id=\"short_description_content\" class=\"rte align_justify\"><span data-sheets-root=\"1\">L\u00e1mina de plata de 1 oz .999 con acabado brillante sin circular y coloraci\u00f3n selectiva. Reverso: desglose esquem\u00e1tico del caza estelar X-Wing T-70 en tres vistas t\u00e9cnicas con grabado mate, estilo de plano con l\u00edneas detalladas y l\u00edneas de referencia rojas sobre fondo azul. Anverso: gr\u00e1ficos t\u00e9cnicos adicionales del universo Star Wars, Sello P\u00fablico de Niue, \u00abTWO DOLLARS\u00bb, \u00ab2025\u00bb, \u00ab1 oz 999 PURE SILVER\u00bb y n\u00famero de serie individual. Quinta entrega de la serie Star Wars Blueprint de Agoro. El T-70 evolucion\u00f3 a partir del modelo T-65 original y sirvi\u00f3 como caza estelar principal de la Resistencia contra la Primera Orden. Edici\u00f3n limitada a 1.000 unidades en todo el mundo. Incluye embalaje oficial de Star Wars y certificado de autenticidad.      <\/span><\/div>\n<\/div>\n<\/div>\n","protected":false},"featured_media":2796,"template":"","meta":{"_bst_post_transparent":"","_bst_post_title":"","_bst_post_layout":"","_bst_post_sidebar_id":"","_bst_post_content_style":"","_bst_post_vertical_padding":"","_bst_post_feature":"","_bst_post_feature_position":"","_bst_post_header":false,"_bst_post_footer":false},"product_brand":[],"product_cat":[145,141],"product_tag":[211,214],"class_list":{"0":"post-3744","1":"product","2":"type-product","3":"status-publish","4":"has-post-thumbnail","6":"product_cat-coleccionables-plata","7":"product_cat-plata","8":"product_tag-coleccionable","9":"product_tag-star-wars","11":"first","12":"instock","13":"featured","14":"taxable","15":"shipping-taxable","16":"purchasable","17":"product-type-simple","18":"entry","19":"content-bg","20":"loop-entry"},"_links":{"self":[{"href":"https:\/\/notrevoute.com\/es\/wp-json\/wp\/v2\/product\/3744","targetHints":{"allow":["GET"]}}],"collection":[{"href":"https:\/\/notrevoute.com\/es\/wp-json\/wp\/v2\/product"}],"about":[{"href":"https:\/\/notrevoute.com\/es\/wp-json\/wp\/v2\/types\/product"}],"wp:featuredmedia":[{"embeddable":true,"href":"https:\/\/notrevoute.com\/es\/wp-json\/wp\/v2\/media\/2796"}],"wp:attachment":[{"href":"https:\/\/notrevoute.com\/es\/wp-json\/wp\/v2\/media?parent=3744"}],"wp:term":[{"taxonomy":"product_brand","embeddable":true,"href":"https:\/\/notrevoute.com\/es\/wp-json\/wp\/v2\/product_brand?post=3744"},{"taxonomy":"product_cat","embeddable":true,"href":"https:\/\/notrevoute.com\/es\/wp-json\/wp\/v2\/product_cat?post=3744"},{"taxonomy":"product_tag","embeddable":true,"href":"https:\/\/notrevoute.com\/es\/wp-json\/wp\/v2\/product_tag?post=3744"}],"curies":[{"name":"wp","href":"https:\/\/api.w.org\/{rel}","templated":true}]}}