{"id":3765,"date":"2026-02-12T11:28:49","date_gmt":"2026-02-12T11:28:49","guid":{"rendered":"https:\/\/staging.notrevoute.com\/product\/plano-del-sable-de-luz-de-luke-skywalker-2025-lamina-de-plata-1oz-niue-coleccionable\/"},"modified":"2026-02-12T11:28:49","modified_gmt":"2026-02-12T11:28:49","slug":"plano-del-sable-de-luz-de-luke-skywalker-2025-lamina-de-plata-1oz-niue-coleccionable","status":"publish","type":"product","link":"https:\/\/notrevoute.com\/es\/tienda\/plata\/plano-del-sable-de-luz-de-luke-skywalker-2025-lamina-de-plata-1oz-niue-coleccionable\/","title":{"rendered":"Plano del Sable de Luz de Luke Skywalker 2025 L\u00e1mina de Plata 1oz Niue Coleccionable"},"content":{"rendered":"<table class=\"bordered\" style=\"font-family: var(--global-body-font-family);\">\n<tbody>\n<tr>\n<th colspan=\"2\">DETALLES T\u00c9CNICOS<\/th>\n<\/tr>\n<tr>\n<td style=\"width: 150px;\"><strong>Pa\u00eds<\/strong><\/td>\n<td>Niue<\/td>\n<\/tr>\n<tr>\n<td style=\"width: 150px;\"><strong>A\u00f1o<\/strong><\/td>\n<td>2025<\/td>\n<\/tr>\n<tr>\n<td style=\"width: 150px;\"><strong>Valor Facial<br \/>\n<\/strong><\/td>\n<td>2 NZD<\/td>\n<\/tr>\n<tr>\n<td style=\"width: 150px;\"><strong>Metal<\/strong><\/td>\n<td>Plata<\/td>\n<\/tr>\n<tr>\n<td style=\"width: 150px;\"><strong>Pureza<\/strong><\/td>\n<td>.999<\/td>\n<\/tr>\n<tr>\n<td style=\"width: 150px;\"><strong>Peso (g)<\/strong><\/td>\n<td>31,10 (1 oz)<\/td>\n<\/tr>\n<tr>\n<td style=\"width: 150px;\"><strong>Calidad<\/strong><\/td>\n<td>Proof\/color<\/td>\n<\/tr>\n<tr>\n<td style=\"width: 150px;\"><strong>Tirada (pzs)<\/strong><\/td>\n<td>1000 pzs<\/td>\n<\/tr>\n<tr>\n<td style=\"width: 150px;\"><strong>Certificado (COA)<\/strong><\/td>\n<td>S\u00ed<\/td>\n<\/tr>\n<tr>\n<td style=\"width: 150px;\"><strong>Presentaci\u00f3n (estuche)<\/strong><\/td>\n<td>S\u00ed<\/td>\n<\/tr>\n<\/tbody>\n<\/table>\n","protected":false},"excerpt":{"rendered":"<div id=\"product-description-short-11868\" class=\"rte-content product-description\">\n<div id=\"short_description_block\">\n<div id=\"short_description_content\" class=\"rte align_justify\"><span data-sheets-root=\"1\">1 oz de l\u00e1mina de plata .999 con acabado brillante sin circular y coloraci\u00f3n selectiva. Reverso: plano t\u00e9cnico del sable de luz verde de Luke Skywalker en grabado mate sobre fondo azul el\u00e9ctrico con detalles de acento rojo, desglose detallado de componentes, s\u00edmbolo de la Alianza Rebelde en la parte inferior. Anverso: gr\u00e1ficos t\u00e9cnicos adicionales del universo Star Wars, Sello P\u00fablico de Niue, \u00abTWO DOLLARS\u00bb, \u00ab2025\u00bb, \u00ab1 oz 999 PURE SILVER\u00bb, n\u00famero de serie individual en color. Cuarta emisi\u00f3n de la serie Star Wars Blueprint de Agoro. El ic\u00f3nico arma de Luke revelada por primera vez en El Retorno del Jedi, forjada en secreto, simbolizando su camino Jedi. Edici\u00f3n limitada de 1.000 piezas en todo el mundo. Embalaje con marca Star Wars, Certificado de Autenticidad incluido.      <\/span><\/div>\n<\/div>\n<\/div>\n","protected":false},"featured_media":2791,"template":"","meta":{"_bst_post_transparent":"","_bst_post_title":"","_bst_post_layout":"","_bst_post_sidebar_id":"","_bst_post_content_style":"","_bst_post_vertical_padding":"","_bst_post_feature":"","_bst_post_feature_position":"","_bst_post_header":false,"_bst_post_footer":false},"product_brand":[],"product_cat":[145,141],"product_tag":[211,214],"class_list":{"0":"post-3765","1":"product","2":"type-product","3":"status-publish","4":"has-post-thumbnail","6":"product_cat-coleccionables-plata","7":"product_cat-plata","8":"product_tag-coleccionable","9":"product_tag-star-wars","11":"first","12":"outofstock","13":"featured","14":"taxable","15":"shipping-taxable","16":"purchasable","17":"product-type-simple","18":"entry","19":"content-bg","20":"loop-entry"},"_links":{"self":[{"href":"https:\/\/notrevoute.com\/es\/wp-json\/wp\/v2\/product\/3765","targetHints":{"allow":["GET"]}}],"collection":[{"href":"https:\/\/notrevoute.com\/es\/wp-json\/wp\/v2\/product"}],"about":[{"href":"https:\/\/notrevoute.com\/es\/wp-json\/wp\/v2\/types\/product"}],"wp:featuredmedia":[{"embeddable":true,"href":"https:\/\/notrevoute.com\/es\/wp-json\/wp\/v2\/media\/2791"}],"wp:attachment":[{"href":"https:\/\/notrevoute.com\/es\/wp-json\/wp\/v2\/media?parent=3765"}],"wp:term":[{"taxonomy":"product_brand","embeddable":true,"href":"https:\/\/notrevoute.com\/es\/wp-json\/wp\/v2\/product_brand?post=3765"},{"taxonomy":"product_cat","embeddable":true,"href":"https:\/\/notrevoute.com\/es\/wp-json\/wp\/v2\/product_cat?post=3765"},{"taxonomy":"product_tag","embeddable":true,"href":"https:\/\/notrevoute.com\/es\/wp-json\/wp\/v2\/product_tag?post=3765"}],"curies":[{"name":"wp","href":"https:\/\/api.w.org\/{rel}","templated":true}]}}