{"id":3774,"date":"2026-02-12T11:00:25","date_gmt":"2026-02-12T11:00:25","guid":{"rendered":"https:\/\/staging.notrevoute.com\/product\/producto-de-prueba-test-copia\/"},"modified":"2026-02-28T12:05:42","modified_gmt":"2026-02-28T12:05:42","slug":"producto-de-prueba-test-copia","status":"publish","type":"product","link":"https:\/\/notrevoute.com\/es\/tienda\/plata\/producto-de-prueba-test-copia\/","title":{"rendered":"Producto de prueba (TEST) (Copia)"},"content":{"rendered":"<table class=\"bordered\" style=\"font-family: var(--global-body-font-family)\">\n<tbody>\n<tr>\n<th colspan=\"2\">DETALLES T\u00c9CNICOS<\/th>\n<\/tr>\n<tr>\n<td style=\"width: 150px\"><strong>Pa\u00eds<\/strong><\/td>\n<td>Malta<\/td>\n<\/tr>\n<tr>\n<td style=\"width: 150px\"><strong>A\u00f1o<\/strong><\/td>\n<td>2024<\/td>\n<\/tr>\n<tr>\n<td style=\"width: 150px\"><strong>Valor nominal<br \/>\n<\/strong><\/td>\n<td>5 euros<\/td>\n<\/tr>\n<tr>\n<td style=\"width: 150px\"><strong>Metal<\/strong><\/td>\n<td>Plata<\/td>\n<\/tr>\n<tr>\n<td style=\"width: 150px\"><strong>Pureza<\/strong><\/td>\n<td>.999<\/td>\n<\/tr>\n<tr>\n<td style=\"width: 150px\"><strong>Peso (g)<\/strong><\/td>\n<td>31,10 (1 oz)<\/td>\n<\/tr>\n<tr>\n<td style=\"width: 150px\"><strong>Di\u00e1metro (mm)<\/strong><\/td>\n<td>38<\/td>\n<\/tr>\n<tr>\n<td style=\"width: 150px\"><strong>Calidad<\/strong><\/td>\n<td>BU<\/td>\n<\/tr>\n<tr>\n<td style=\"width: 150px\"><strong>Acu\u00f1aci\u00f3n (uds.)<\/strong><\/td>\n<td>N\/A<\/td>\n<\/tr>\n<tr>\n<td style=\"width: 150px\"><strong>Certificado (COA)<\/strong><\/td>\n<td>No<\/td>\n<\/tr>\n<tr>\n<td style=\"width: 150px\"><strong>Presentaci\u00f3n (caja)<\/strong><\/td>\n<td>No<\/td>\n<\/tr>\n<\/tbody>\n<\/table>\n","protected":false},"excerpt":{"rendered":"<div id=\"product-description-short-11868\" class=\"rte-content product-description\">\n<div id=\"short_description_block\">\n<div id=\"short_description_content\" class=\"rte align_justify\">\n<p><strong>El enigm\u00e1tico poder del cazador nocturno<\/strong><\/p>\n<p>Sum\u00e9rjase en el misterioso mundo de los cazadores nocturnos con esta extraordinaria moneda dedicada a la pit\u00f3n, un depredador que ataca con precisi\u00f3n letal al amparo de la oscuridad. El dise\u00f1o de la moneda captura la esencia de este reptil, destacando su elegancia y ferocidad mientras se desplaza por la noche, todo ello plasmado con un detalle asombroso que transmite una sensaci\u00f3n de poder y peligro. <\/p>\n<p><strong>Detalles t\u00e9cnicos<\/strong><\/p>\n<p>Esta moneda de 1 onza troy, acu\u00f1ada en plata pura de .999, presenta un acabado en color de alta calidad que realza cada detalle del reptil. Gracias a la tecnolog\u00eda Smartminting, la moneda presume de un impresionante alto relieve y un fondo negro obsidiana profundo que evoca las profundidades de la noche. Con un di\u00e1metro de 38,61 mm, cada pieza se entrega en un elegante estuche de presentaci\u00f3n, acompa\u00f1ada de un Certificado de Autenticidad que garantiza su origen y calidad.  <\/p>\n<p><strong>Valor y exclusividad<\/strong><\/p>\n<p>Como parte de la prestigiosa serie \u00abHunters By Night\u00bb, la edici\u00f3n de 2024 dedicada a la pit\u00f3n es muy codiciada por los coleccionistas. Con una tirada limitada de solo 888 piezas en todo el mundo, esta moneda no es solo una obra de arte numism\u00e1tico, sino tambi\u00e9n una inversi\u00f3n s\u00f3lida, apreciada tanto por su belleza como por su rareza. <\/p>\n<\/div>\n<\/div>\n<\/div>\n","protected":false},"featured_media":3775,"template":"","meta":{"_bst_post_transparent":"","_bst_post_title":"","_bst_post_layout":"","_bst_post_sidebar_id":"","_bst_post_content_style":"","_bst_post_vertical_padding":"","_bst_post_feature":"","_bst_post_feature_position":"","_bst_post_header":false,"_bst_post_footer":false},"product_brand":[],"product_cat":[141],"product_tag":[187],"class_list":{"0":"post-3774","1":"product","2":"type-product","3":"status-publish","4":"has-post-thumbnail","6":"product_cat-plata","7":"product_tag-preventa","9":"first","10":"instock","11":"featured","12":"taxable","13":"shipping-taxable","14":"purchasable","15":"product-type-simple","16":"entry","17":"content-bg","18":"loop-entry"},"_links":{"self":[{"href":"https:\/\/notrevoute.com\/es\/wp-json\/wp\/v2\/product\/3774","targetHints":{"allow":["GET"]}}],"collection":[{"href":"https:\/\/notrevoute.com\/es\/wp-json\/wp\/v2\/product"}],"about":[{"href":"https:\/\/notrevoute.com\/es\/wp-json\/wp\/v2\/types\/product"}],"wp:featuredmedia":[{"embeddable":true,"href":"https:\/\/notrevoute.com\/es\/wp-json\/wp\/v2\/media\/3775"}],"wp:attachment":[{"href":"https:\/\/notrevoute.com\/es\/wp-json\/wp\/v2\/media?parent=3774"}],"wp:term":[{"taxonomy":"product_brand","embeddable":true,"href":"https:\/\/notrevoute.com\/es\/wp-json\/wp\/v2\/product_brand?post=3774"},{"taxonomy":"product_cat","embeddable":true,"href":"https:\/\/notrevoute.com\/es\/wp-json\/wp\/v2\/product_cat?post=3774"},{"taxonomy":"product_tag","embeddable":true,"href":"https:\/\/notrevoute.com\/es\/wp-json\/wp\/v2\/product_tag?post=3774"}],"curies":[{"name":"wp","href":"https:\/\/api.w.org\/{rel}","templated":true}]}}