{"id":3776,"date":"2026-02-12T11:05:30","date_gmt":"2026-02-12T11:05:30","guid":{"rendered":"https:\/\/staging.notrevoute.com\/product\/surfs-up-disney-moneda-de-plata-de-1-oz-de-niue-coleccionable-lilo-stitch-2025\/"},"modified":"2026-04-22T20:35:38","modified_gmt":"2026-04-22T20:35:38","slug":"surfs-up-disney-moneda-de-plata-de-1-oz-de-niue-coleccionable-lilo-stitch-2025","status":"publish","type":"product","link":"https:\/\/notrevoute.com\/es\/tienda\/plata\/surfs-up-disney-moneda-de-plata-de-1-oz-de-niue-coleccionable-lilo-stitch-2025\/","title":{"rendered":"Surf&#8217;s Up Disney &#8211; Moneda de plata de 1 oz de Niue coleccionable Lilo &amp; Stitch 2025"},"content":{"rendered":"<table class=\"bordered\" style=\"font-family: var(--global-body-font-family);\">\n<tbody>\n<tr>\n<th colspan=\"2\">DETALLES T\u00c9CNICOS<\/th>\n<\/tr>\n<tr>\n<td style=\"width: 150px;\"><strong>Pa\u00eds<\/strong><\/td>\n<td>Niue<\/td>\n<\/tr>\n<tr>\n<td style=\"width: 150px;\"><strong>A\u00f1o<\/strong><\/td>\n<td>2025<\/td>\n<\/tr>\n<tr>\n<td style=\"width: 150px;\"><strong>Valor Facial<br \/>\n<\/strong><\/td>\n<td>2 NZD<\/td>\n<\/tr>\n<tr>\n<td style=\"width: 150px;\"><strong>Metal<\/strong><\/td>\n<td>Plata<\/td>\n<\/tr>\n<tr>\n<td style=\"width: 150px;\"><strong>Pureza<\/strong><\/td>\n<td>.999<\/td>\n<\/tr>\n<tr>\n<td style=\"width: 150px;\"><strong>Peso (g)<\/strong><\/td>\n<td>31,10 (1 oz)<\/td>\n<\/tr>\n<tr>\n<td style=\"width: 150px;\"><strong>Calidad<\/strong><\/td>\n<td>Proof\/color<\/td>\n<\/tr>\n<tr>\n<td style=\"width: 150px;\"><strong>Tirada (uds.)<\/strong><\/td>\n<td>626 uds.<\/td>\n<\/tr>\n<tr>\n<td style=\"width: 150px;\"><strong>Certificado (COA)<\/strong><\/td>\n<td>S\u00ed<\/td>\n<\/tr>\n<tr>\n<td style=\"width: 150px;\"><strong>Presentaci\u00f3n (caja)<\/strong><\/td>\n<td>S\u00ed<\/td>\n<\/tr>\n<\/tbody>\n<\/table>\n","protected":false},"excerpt":{"rendered":"<div id=\"product-description-short-11868\" class=\"rte-content product-description\">\n<div id=\"short_description_block\">\n<div id=\"short_description_content\" class=\"rte align_justify\"><span data-sheets-root=\"1\">Moneda proof de plata ,999 de 1 oz con forma, color y canto mate. Reverso: Stitch surfeando con energ\u00eda salvaje, dise\u00f1o en color con dos franjas grabadas con acabado espejo en la tabla. Anverso: Sello P\u00fablico de Niue con patr\u00f3n mate y acabado espejo, \u00abTWO DOLLARS\u00bb, \u00ab1 oz 999 PURE SILVER\u00bb, \u00ab2025\u00bb, copyright de Disney y n\u00famero de serie individual. Tercer lanzamiento de Agoro en celebraci\u00f3n del Experimento 626. Rinde homenaje al 26 de junio, el \u00abD\u00eda de Stitch\u00bb, celebrando al querido personaje de la pel\u00edcula de Disney de 2002 que aprende el concepto hawaiano de ohana (familia) a trav\u00e9s de su amistad con Lilo en Kauai. Limitada a 626 piezas en todo el mundo. Embalaje de tem\u00e1tica hawaiana y Certificado de Autenticidad incluido.      <\/span><\/div>\n<\/div>\n<\/div>\n","protected":false},"featured_media":2778,"template":"","meta":{"_bst_post_transparent":"","_bst_post_title":"","_bst_post_layout":"","_bst_post_sidebar_id":"","_bst_post_content_style":"","_bst_post_vertical_padding":"","_bst_post_feature":"","_bst_post_feature_position":"","_bst_post_header":false,"_bst_post_footer":false},"product_brand":[],"product_cat":[145,141],"product_tag":[211,215],"class_list":{"0":"post-3776","1":"product","2":"type-product","3":"status-publish","4":"has-post-thumbnail","6":"product_cat-coleccionables-plata","7":"product_cat-plata","8":"product_tag-coleccionable","9":"product_tag-disney","11":"first","12":"outofstock","13":"featured","14":"taxable","15":"shipping-taxable","16":"purchasable","17":"product-type-simple","18":"entry","19":"content-bg","20":"loop-entry"},"_links":{"self":[{"href":"https:\/\/notrevoute.com\/es\/wp-json\/wp\/v2\/product\/3776","targetHints":{"allow":["GET"]}}],"collection":[{"href":"https:\/\/notrevoute.com\/es\/wp-json\/wp\/v2\/product"}],"about":[{"href":"https:\/\/notrevoute.com\/es\/wp-json\/wp\/v2\/types\/product"}],"wp:featuredmedia":[{"embeddable":true,"href":"https:\/\/notrevoute.com\/es\/wp-json\/wp\/v2\/media\/2778"}],"wp:attachment":[{"href":"https:\/\/notrevoute.com\/es\/wp-json\/wp\/v2\/media?parent=3776"}],"wp:term":[{"taxonomy":"product_brand","embeddable":true,"href":"https:\/\/notrevoute.com\/es\/wp-json\/wp\/v2\/product_brand?post=3776"},{"taxonomy":"product_cat","embeddable":true,"href":"https:\/\/notrevoute.com\/es\/wp-json\/wp\/v2\/product_cat?post=3776"},{"taxonomy":"product_tag","embeddable":true,"href":"https:\/\/notrevoute.com\/es\/wp-json\/wp\/v2\/product_tag?post=3776"}],"curies":[{"name":"wp","href":"https:\/\/api.w.org\/{rel}","templated":true}]}}