{"id":3783,"date":"2026-02-12T10:45:08","date_gmt":"2026-02-12T10:45:08","guid":{"rendered":"https:\/\/staging.notrevoute.com\/product\/star-wars-plano-del-halcon-milenario-lamina-de-plata-2025-1-oz-niue-coleccionable\/"},"modified":"2026-02-12T10:45:08","modified_gmt":"2026-02-12T10:45:08","slug":"star-wars-plano-del-halcon-milenario-lamina-de-plata-2025-1-oz-niue-coleccionable","status":"publish","type":"product","link":"https:\/\/notrevoute.com\/es\/tienda\/plata\/star-wars-plano-del-halcon-milenario-lamina-de-plata-2025-1-oz-niue-coleccionable\/","title":{"rendered":"Star Wars &#8211; Plano del Halc\u00f3n Milenario L\u00e1mina de Plata 2025 1 oz Niue Coleccionable"},"content":{"rendered":"<table class=\"bordered\" style=\"font-family: var(--global-body-font-family);\">\n<tbody>\n<tr>\n<th colspan=\"2\">DETALLES T\u00c9CNICOS<\/th>\n<\/tr>\n<tr>\n<td style=\"width: 150px;\"><strong>Pa\u00eds<\/strong><\/td>\n<td>Niue<\/td>\n<\/tr>\n<tr>\n<td style=\"width: 150px;\"><strong>A\u00f1o<\/strong><\/td>\n<td>2025<\/td>\n<\/tr>\n<tr>\n<td style=\"width: 150px;\"><strong>Valor Facial<br \/>\n<\/strong><\/td>\n<td>2 NZD<\/td>\n<\/tr>\n<tr>\n<td style=\"width: 150px;\"><strong>Metal<\/strong><\/td>\n<td>Plata<\/td>\n<\/tr>\n<tr>\n<td style=\"width: 150px;\"><strong>Pureza<\/strong><\/td>\n<td>.999<\/td>\n<\/tr>\n<tr>\n<td style=\"width: 150px;\"><strong>Peso (g)<\/strong><\/td>\n<td>31,10 (1 oz)<\/td>\n<\/tr>\n<tr>\n<td style=\"width: 150px;\"><strong>Calidad<\/strong><\/td>\n<td>Proof\/coloreada<\/td>\n<\/tr>\n<tr>\n<td style=\"width: 150px;\"><strong>Tirada (uds.)<\/strong><\/td>\n<td>1000 uds.<\/td>\n<\/tr>\n<tr>\n<td style=\"width: 150px;\"><strong>Certificado (COA)<\/strong><\/td>\n<td>S\u00ed<\/td>\n<\/tr>\n<tr>\n<td style=\"width: 150px;\"><strong>Presentaci\u00f3n (caja)<\/strong><\/td>\n<td>S\u00ed<\/td>\n<\/tr>\n<\/tbody>\n<\/table>\n","protected":false},"excerpt":{"rendered":"<div id=\"product-description-short-11868\" class=\"rte-content product-description\">\n<div id=\"short_description_block\">\n<div id=\"short_description_content\" class=\"rte align_justify\"><span data-sheets-root=\"1\">L\u00e1mina de plata de 1 oz .999 con acabado brillante sin circular y coloraci\u00f3n selectiva. Reverso: m\u00faltiples vistas t\u00e9cnicas del carguero ligero YT-1300F modificado (Halc\u00f3n Milenario) en grabado esmerilado sobre fondo azul oscuro, l\u00edneas de acento rojas que conectan las designaciones t\u00e9cnicas, s\u00edmbolo del P\u00e1jaro Estelar de la Alianza Rebelde debajo, nombre y tipo de la nave. Anverso: logotipo de Star Wars, gr\u00e1ficos t\u00e9cnicos adicionales y esquemas de equipamiento, Sello P\u00fablico de Niue, \u00ab$2\u00bb, \u00ab2025\u00bb, n\u00famero de serie individual. Segundo lanzamiento de la Serie Blueprint de Star Wars de Agoro. La legendaria nave estelar de Han Solo conocida como \u00abel trozo de chatarra m\u00e1s r\u00e1pido de la galaxia\u00bb. Limitada a 1.000 piezas en todo el mundo. Embalaje con la marca Star Wars, Certificado de Autenticidad incluido.      <\/span><\/div>\n<\/div>\n<\/div>\n","protected":false},"featured_media":3784,"template":"","meta":{"_bst_post_transparent":"","_bst_post_title":"","_bst_post_layout":"","_bst_post_sidebar_id":"","_bst_post_content_style":"","_bst_post_vertical_padding":"","_bst_post_feature":"","_bst_post_feature_position":"","_bst_post_header":false,"_bst_post_footer":false},"product_brand":[],"product_cat":[145,141],"product_tag":[211,214],"class_list":{"0":"post-3783","1":"product","2":"type-product","3":"status-publish","4":"has-post-thumbnail","6":"product_cat-coleccionables-plata","7":"product_cat-plata","8":"product_tag-coleccionable","9":"product_tag-star-wars","11":"first","12":"outofstock","13":"featured","14":"taxable","15":"shipping-taxable","16":"purchasable","17":"product-type-simple","18":"entry","19":"content-bg","20":"loop-entry"},"_links":{"self":[{"href":"https:\/\/notrevoute.com\/es\/wp-json\/wp\/v2\/product\/3783","targetHints":{"allow":["GET"]}}],"collection":[{"href":"https:\/\/notrevoute.com\/es\/wp-json\/wp\/v2\/product"}],"about":[{"href":"https:\/\/notrevoute.com\/es\/wp-json\/wp\/v2\/types\/product"}],"wp:featuredmedia":[{"embeddable":true,"href":"https:\/\/notrevoute.com\/es\/wp-json\/wp\/v2\/media\/3784"}],"wp:attachment":[{"href":"https:\/\/notrevoute.com\/es\/wp-json\/wp\/v2\/media?parent=3783"}],"wp:term":[{"taxonomy":"product_brand","embeddable":true,"href":"https:\/\/notrevoute.com\/es\/wp-json\/wp\/v2\/product_brand?post=3783"},{"taxonomy":"product_cat","embeddable":true,"href":"https:\/\/notrevoute.com\/es\/wp-json\/wp\/v2\/product_cat?post=3783"},{"taxonomy":"product_tag","embeddable":true,"href":"https:\/\/notrevoute.com\/es\/wp-json\/wp\/v2\/product_tag?post=3783"}],"curies":[{"name":"wp","href":"https:\/\/api.w.org\/{rel}","templated":true}]}}