{"id":3802,"date":"2026-02-13T10:01:20","date_gmt":"2026-02-13T10:01:20","guid":{"rendered":"https:\/\/staging.notrevoute.com\/product\/monedas-poster-star-wars-la-venganza-de-los-sith-moneda-de-plata-2024-3-oz-coleccionable-niue\/"},"modified":"2026-02-13T10:01:20","modified_gmt":"2026-02-13T10:01:20","slug":"monedas-poster-star-wars-la-venganza-de-los-sith-moneda-de-plata-2024-3-oz-coleccionable-niue","status":"publish","type":"product","link":"https:\/\/notrevoute.com\/es\/tienda\/plata\/monedas-poster-star-wars-la-venganza-de-los-sith-moneda-de-plata-2024-3-oz-coleccionable-niue\/","title":{"rendered":"Monedas P\u00f3ster Star Wars: La Venganza de los Sith Moneda de Plata 2024 3 oz Coleccionable Niue"},"content":{"rendered":"<table class=\"bordered\" style=\"font-family: var(--global-body-font-family);\">\n<tbody>\n<tr>\n<th colspan=\"2\">DETALLES T\u00c9CNICOS<\/th>\n<\/tr>\n<tr>\n<td style=\"width: 150px;\"><strong>Pa\u00eds<\/strong><\/td>\n<td>Niue<\/td>\n<\/tr>\n<tr>\n<td style=\"width: 150px;\"><strong>A\u00f1o<\/strong><\/td>\n<td>2024<\/td>\n<\/tr>\n<tr>\n<td style=\"width: 150px;\"><strong>Valor nominal<br \/>\n<\/strong><\/td>\n<td>5 NZD<\/td>\n<\/tr>\n<tr>\n<td style=\"width: 150px;\"><strong>Metal<\/strong><\/td>\n<td>Plata<\/td>\n<\/tr>\n<tr>\n<td style=\"width: 150px;\"><strong>Pureza<\/strong><\/td>\n<td>.999<\/td>\n<\/tr>\n<tr>\n<td style=\"width: 150px;\"><strong>Peso (g)<\/strong><\/td>\n<td>93,3 (3oz)<\/td>\n<\/tr>\n<tr>\n<td style=\"width: 150px;\"><strong>Calidad<\/strong><\/td>\n<td>Proof\/Coloreada<\/td>\n<\/tr>\n<tr>\n<td style=\"width: 150px;\"><strong>Tirada (uds.)<\/strong><\/td>\n<td>800 uds.<\/td>\n<\/tr>\n<tr>\n<td style=\"width: 150px;\"><strong>Certificado (COA)<\/strong><\/td>\n<td>S\u00ed<\/td>\n<\/tr>\n<tr>\n<td style=\"width: 150px;\"><strong>Presentaci\u00f3n (caja)<\/strong><\/td>\n<td>S\u00ed<\/td>\n<\/tr>\n<\/tbody>\n<\/table>\n","protected":false},"excerpt":{"rendered":"<p><span data-sheets-root=\"1\">Sexta entrega de la serie de p\u00f3steres de Star Wars, esta moneda rectangular presenta el arte del p\u00f3ster de La Venganza de los Sith, mostrando a Anakin Skywalker con la silueta de Darth Vader detr\u00e1s, capturando la dram\u00e1tica transformaci\u00f3n de la pel\u00edcula. Acu\u00f1ada en plata pura del 99,9% con acabado proof, el dise\u00f1o muestra una v\u00edvida impresi\u00f3n a color desde el Templo Jedi hasta las llamas de Mustafar, combinada con elementos de acabado espejo y esmerilados. El reverso incluye el texto de apertura de la pel\u00edcula bajo el Sello P\u00fablico de Niue. Tirada limitada de 800 monedas. Presentada en una caja exterior con la marca Star Wars y Certificado de Autenticidad con el n\u00famero \u00fanico de la moneda.    <\/span><\/p>\n","protected":false},"featured_media":3358,"template":"","meta":{"_bst_post_transparent":"","_bst_post_title":"","_bst_post_layout":"","_bst_post_sidebar_id":"","_bst_post_content_style":"","_bst_post_vertical_padding":"","_bst_post_feature":"","_bst_post_feature_position":"","_bst_post_header":false,"_bst_post_footer":false},"product_brand":[],"product_cat":[145,141],"product_tag":[211,214],"class_list":{"0":"post-3802","1":"product","2":"type-product","3":"status-publish","4":"has-post-thumbnail","6":"product_cat-coleccionables-plata","7":"product_cat-plata","8":"product_tag-coleccionable","9":"product_tag-star-wars","11":"first","12":"outofstock","13":"featured","14":"taxable","15":"shipping-taxable","16":"purchasable","17":"product-type-simple","18":"entry","19":"content-bg","20":"loop-entry"},"_links":{"self":[{"href":"https:\/\/notrevoute.com\/es\/wp-json\/wp\/v2\/product\/3802","targetHints":{"allow":["GET"]}}],"collection":[{"href":"https:\/\/notrevoute.com\/es\/wp-json\/wp\/v2\/product"}],"about":[{"href":"https:\/\/notrevoute.com\/es\/wp-json\/wp\/v2\/types\/product"}],"wp:featuredmedia":[{"embeddable":true,"href":"https:\/\/notrevoute.com\/es\/wp-json\/wp\/v2\/media\/3358"}],"wp:attachment":[{"href":"https:\/\/notrevoute.com\/es\/wp-json\/wp\/v2\/media?parent=3802"}],"wp:term":[{"taxonomy":"product_brand","embeddable":true,"href":"https:\/\/notrevoute.com\/es\/wp-json\/wp\/v2\/product_brand?post=3802"},{"taxonomy":"product_cat","embeddable":true,"href":"https:\/\/notrevoute.com\/es\/wp-json\/wp\/v2\/product_cat?post=3802"},{"taxonomy":"product_tag","embeddable":true,"href":"https:\/\/notrevoute.com\/es\/wp-json\/wp\/v2\/product_tag?post=3802"}],"curies":[{"name":"wp","href":"https:\/\/api.w.org\/{rel}","templated":true}]}}