{"id":3823,"date":"2026-02-16T11:49:42","date_gmt":"2026-02-16T11:49:42","guid":{"rendered":"https:\/\/staging.notrevoute.com\/product\/legends-of-mandalore-1-la-recompensa-y-el-comienzo-lamina-de-plata-de-1-oz-star-wars-2026-lamina-de-plata-de-1-oz-coleccionable-de-niue\/"},"modified":"2026-05-01T22:36:42","modified_gmt":"2026-05-01T22:36:42","slug":"legends-of-mandalore-1-la-recompensa-y-el-comienzo-lamina-de-plata-de-1-oz-star-wars-2026-lamina-de-plata-de-1-oz-coleccionable-de-niue","status":"publish","type":"product","link":"https:\/\/notrevoute.com\/es\/tienda\/plata\/legends-of-mandalore-1-la-recompensa-y-el-comienzo-lamina-de-plata-de-1-oz-star-wars-2026-lamina-de-plata-de-1-oz-coleccionable-de-niue\/","title":{"rendered":"Legends of Mandalore &#8211; 1. La recompensa y el comienzo L\u00e1mina de plata de 1 oz Star Wars 2026 L\u00e1mina de plata de 1 oz Coleccionable de Niue"},"content":{"rendered":"<table class=\"bordered\" style=\"font-family: var(--global-body-font-family)\">\n<tbody>\n<tr>\n<th colspan=\"2\">DETALLES T\u00c9CNICOS<\/th>\n<\/tr>\n<tr>\n<td style=\"width: 150px\"><strong>Pa\u00eds<\/strong><\/td>\n<td>Niue<\/td>\n<\/tr>\n<tr>\n<td style=\"width: 150px\"><strong>A\u00f1o<\/strong><\/td>\n<td>2026<\/td>\n<\/tr>\n<tr>\n<td style=\"width: 150px\"><strong>Valor Facial<br \/>\n<\/strong><\/td>\n<td>2 NZD<\/td>\n<\/tr>\n<tr>\n<td style=\"width: 150px\"><strong>Metal<\/strong><\/td>\n<td>Plata<\/td>\n<\/tr>\n<tr>\n<td style=\"width: 150px\"><strong>Pureza<\/strong><\/td>\n<td>.999<\/td>\n<\/tr>\n<tr>\n<td style=\"width: 150px\"><strong>Peso (g)<\/strong><\/td>\n<td>31,10 (1 oz)<\/td>\n<\/tr>\n<tr>\n<td style=\"width: 150px\"><strong>Calidad<\/strong><\/td>\n<td>Proof\/Color<\/td>\n<\/tr>\n<tr>\n<td style=\"width: 150px\"><strong>Tirada (uds.)<\/strong><\/td>\n<td>1.000 uds.<\/td>\n<\/tr>\n<tr>\n<td style=\"width: 150px\"><strong>Certificado (COA)<\/strong><\/td>\n<td>S\u00ed<\/td>\n<\/tr>\n<tr>\n<td style=\"width: 150px\"><strong>Presentaci\u00f3n (caja)<\/strong><\/td>\n<td>S\u00ed<\/td>\n<\/tr>\n<\/tbody>\n<\/table>\n","protected":false},"excerpt":{"rendered":"<div id=\"product-description-short-11868\" class=\"rte-content product-description\">\n<div id=\"short_description_block\">\n<div id=\"short_description_content\" class=\"rte align_justify\"><span data-sheets-root=\"1\">Primera emisi\u00f3n de la serie Star Wars Legends of Mandalore de Agoro. Contiene 1 troy oz de plata pura .999 en una l\u00e1mina estilo p\u00f3ster horizontal de 262mm x 175mm. El anverso presenta un dise\u00f1o proof a todo color que plasma el primer encuentro entre el Mandaloriano y Grogu con un borde de plata pulida, numerado individualmente sobre un total de 1.000. El reverso muestra un acabado mate ligero con el logotipo de Star Wars en acabado espejo. Moneda de curso legal de 2 $ NZD respaldada por el Sello P\u00fablico de Niue. Embalaje de exposici\u00f3n con ventana. Con licencia oficial de Lucasfilm.      <\/span><\/div>\n<\/div>\n<\/div>\n","protected":false},"featured_media":3329,"template":"","meta":{"_bst_post_transparent":"","_bst_post_title":"","_bst_post_layout":"","_bst_post_sidebar_id":"","_bst_post_content_style":"","_bst_post_vertical_padding":"","_bst_post_feature":"","_bst_post_feature_position":"","_bst_post_header":false,"_bst_post_footer":false},"product_brand":[],"product_cat":[145,141],"product_tag":[211,214],"class_list":{"0":"post-3823","1":"product","2":"type-product","3":"status-publish","4":"has-post-thumbnail","6":"product_cat-coleccionables-plata","7":"product_cat-plata","8":"product_tag-coleccionable","9":"product_tag-star-wars","11":"first","12":"outofstock","13":"featured","14":"taxable","15":"shipping-taxable","16":"purchasable","17":"product-type-simple","18":"entry","19":"content-bg","20":"loop-entry"},"_links":{"self":[{"href":"https:\/\/notrevoute.com\/es\/wp-json\/wp\/v2\/product\/3823","targetHints":{"allow":["GET"]}}],"collection":[{"href":"https:\/\/notrevoute.com\/es\/wp-json\/wp\/v2\/product"}],"about":[{"href":"https:\/\/notrevoute.com\/es\/wp-json\/wp\/v2\/types\/product"}],"wp:featuredmedia":[{"embeddable":true,"href":"https:\/\/notrevoute.com\/es\/wp-json\/wp\/v2\/media\/3329"}],"wp:attachment":[{"href":"https:\/\/notrevoute.com\/es\/wp-json\/wp\/v2\/media?parent=3823"}],"wp:term":[{"taxonomy":"product_brand","embeddable":true,"href":"https:\/\/notrevoute.com\/es\/wp-json\/wp\/v2\/product_brand?post=3823"},{"taxonomy":"product_cat","embeddable":true,"href":"https:\/\/notrevoute.com\/es\/wp-json\/wp\/v2\/product_cat?post=3823"},{"taxonomy":"product_tag","embeddable":true,"href":"https:\/\/notrevoute.com\/es\/wp-json\/wp\/v2\/product_tag?post=3823"}],"curies":[{"name":"wp","href":"https:\/\/api.w.org\/{rel}","templated":true}]}}