{"id":3831,"date":"2026-02-16T11:37:36","date_gmt":"2026-02-16T11:37:36","guid":{"rendered":"https:\/\/staging.notrevoute.com\/product\/lingote-de-cobre-fundido-germania-mint-de-1-kg\/"},"modified":"2026-03-04T13:08:41","modified_gmt":"2026-03-04T13:08:41","slug":"lingote-de-cobre-germania-mint-de-1-kg","status":"publish","type":"product","link":"https:\/\/notrevoute.com\/es\/tienda\/lingotes-cobre\/lingote-de-cobre-germania-mint-de-1-kg\/","title":{"rendered":"Lingote de Cobre Germania Mint de 1 kg"},"content":{"rendered":"<table class=\"bordered\" style=\"font-family: var(--global-body-font-family);\">\n<tbody>\n<tr>\n<th colspan=\"2\">DETALLES T\u00c9CNICOS<\/th>\n<\/tr>\n<tr>\n<td style=\"width: 150px;\"><strong>Metal<\/strong><\/td>\n<td>Cobre<\/td>\n<\/tr>\n<tr>\n<td style=\"width: 150px;\"><strong>Pureza<\/strong><\/td>\n<td>.999<\/td>\n<\/tr>\n<tr>\n<td style=\"width: 150px;\"><strong>Peso (g)<\/strong><\/td>\n<td>1 kg<\/td>\n<\/tr>\n<tr>\n<td style=\"width: 150px;\"><strong>Calidad<\/strong><\/td>\n<td>BU<\/td>\n<\/tr>\n<tr>\n<td style=\"width: 150px;\"><strong>Certificado (COA)<\/strong><\/td>\n<td>S\u00ed<\/td>\n<\/tr>\n<tr>\n<td style=\"width: 150px;\"><strong>Presentaci\u00f3n (caja)<\/strong><\/td>\n<td>S\u00ed<\/td>\n<\/tr>\n<\/tbody>\n<\/table>\n","protected":false},"excerpt":{"rendered":"<div id=\"product-description-short-11868\" class=\"rte-content product-description\">\n<div id=\"short_description_block\">\n<div id=\"short_description_content\" class=\"rte align_justify\"><span data-sheets-root=\"1\">Lingote de fundici\u00f3n que contiene 1 kilogramo (32,15 oz troy) de cobre fino .9999 de Germania Mint, Polonia. El anverso presenta el logotipo del escudo coronado y el \u00e1guila de Germania Mint, las inscripciones \u00abGERMANIA MINT\u00bb, \u00ab999.9\u00bb, \u00abFINE COPPER\u00bb, \u00ab1000G\u00bb y un n\u00famero de serie \u00fanico. El reverso est\u00e1 intencionadamente en blanco con un sello de seguridad hologr\u00e1fico para su autenticaci\u00f3n. El proceso tradicional de fundici\u00f3n a mano crea un car\u00e1cter distintivo con texturas superficiales org\u00e1nicas y una p\u00e1tina de cobre natural. Cada lingote est\u00e1 numerado individualmente y sellado en un embalaje protector al vac\u00edo dentro de una caja de presentaci\u00f3n negra de Germania Mint. <\/span><\/div>\n<\/div>\n<\/div>\n","protected":false},"featured_media":3333,"template":"","meta":{"_bst_post_transparent":"default","_bst_post_title":"","_bst_post_layout":"default","_bst_post_sidebar_id":"","_bst_post_content_style":"default","_bst_post_vertical_padding":"default","_bst_post_feature":"","_bst_post_feature_position":"","_bst_post_header":false,"_bst_post_footer":false},"product_brand":[],"product_cat":[173,174],"product_tag":[212],"class_list":{"0":"post-3831","1":"product","2":"type-product","3":"status-publish","4":"has-post-thumbnail","6":"product_cat-cobre","7":"product_cat-lingotes-cobre","8":"product_tag-cobre","10":"first","11":"instock","12":"featured","13":"taxable","14":"shipping-taxable","15":"purchasable","16":"product-type-simple","17":"entry","18":"content-bg","19":"loop-entry"},"_links":{"self":[{"href":"https:\/\/notrevoute.com\/es\/wp-json\/wp\/v2\/product\/3831","targetHints":{"allow":["GET"]}}],"collection":[{"href":"https:\/\/notrevoute.com\/es\/wp-json\/wp\/v2\/product"}],"about":[{"href":"https:\/\/notrevoute.com\/es\/wp-json\/wp\/v2\/types\/product"}],"wp:featuredmedia":[{"embeddable":true,"href":"https:\/\/notrevoute.com\/es\/wp-json\/wp\/v2\/media\/3333"}],"wp:attachment":[{"href":"https:\/\/notrevoute.com\/es\/wp-json\/wp\/v2\/media?parent=3831"}],"wp:term":[{"taxonomy":"product_brand","embeddable":true,"href":"https:\/\/notrevoute.com\/es\/wp-json\/wp\/v2\/product_brand?post=3831"},{"taxonomy":"product_cat","embeddable":true,"href":"https:\/\/notrevoute.com\/es\/wp-json\/wp\/v2\/product_cat?post=3831"},{"taxonomy":"product_tag","embeddable":true,"href":"https:\/\/notrevoute.com\/es\/wp-json\/wp\/v2\/product_tag?post=3831"}],"curies":[{"name":"wp","href":"https:\/\/api.w.org\/{rel}","templated":true}]}}