{"id":3835,"date":"2026-02-10T12:49:59","date_gmt":"2026-02-10T12:49:59","guid":{"rendered":"https:\/\/staging.notrevoute.com\/product\/moneda-de-plata-cyberpunk-dia-de-los-muertos-2024-1-oz-mexico-en-color\/"},"modified":"2026-04-01T19:01:01","modified_gmt":"2026-04-01T19:01:01","slug":"moneda-de-plata-cyberpunk-dia-de-los-muertos-2024-1-oz-mexico-en-color","status":"publish","type":"product","link":"https:\/\/notrevoute.com\/es\/tienda\/plata\/moneda-de-plata-cyberpunk-dia-de-los-muertos-2024-1-oz-mexico-en-color\/","title":{"rendered":"Moneda de plata Cyberpunk D\u00eda de los Muertos 2024 1 oz M\u00e9xico en color"},"content":{"rendered":"<table class=\"bordered\" style=\"font-family: var(--global-body-font-family);\">\n<tbody>\n<tr>\n<th colspan=\"2\">DETALLES T\u00c9CNICOS<\/th>\n<\/tr>\n<tr>\n<td style=\"width: 150px;\"><strong>Pa\u00eds<\/strong><\/td>\n<td>M\u00e9xico<\/td>\n<\/tr>\n<tr>\n<td style=\"width: 150px;\"><strong>A\u00f1o<\/strong><\/td>\n<td>2024<\/td>\n<\/tr>\n<tr>\n<td style=\"width: 150px;\"><strong>Valor Facial<br \/>\n<\/strong><\/td>\n<td>N\/A<\/td>\n<\/tr>\n<tr>\n<td style=\"width: 150px;\"><strong>Metal<\/strong><\/td>\n<td>Plata<\/td>\n<\/tr>\n<tr>\n<td style=\"width: 150px;\"><strong>Pureza<\/strong><\/td>\n<td>.999<\/td>\n<\/tr>\n<tr>\n<td style=\"width: 150px;\"><strong>Peso (g)<\/strong><\/td>\n<td>31,10 (1 oz)<\/td>\n<\/tr>\n<tr>\n<td style=\"width: 150px;\"><strong>Calidad<\/strong><\/td>\n<td>Coloreada<\/td>\n<\/tr>\n<tr>\n<td style=\"width: 150px;\"><strong>Tirada (uds.)<\/strong><\/td>\n<td>300<\/td>\n<\/tr>\n<tr>\n<td style=\"width: 150px;\"><strong>Certificado (COA)<\/strong><\/td>\n<td>S\u00ed<\/td>\n<\/tr>\n<tr>\n<td style=\"width: 150px;\"><strong>Presentaci\u00f3n (caja)<\/strong><\/td>\n<td>S\u00ed<\/td>\n<\/tr>\n<\/tbody>\n<\/table>\n","protected":false},"excerpt":{"rendered":"<div id=\"product-description-short-11868\" class=\"rte-content product-description\">\n<div id=\"short_description_block\">\n<div id=\"short_description_content\" class=\"rte align_justify\"><span data-sheets-root=\"1\">Base de Libertad mexicana de 1 oz de plata .999 con una vibrante coloraci\u00f3n que presenta un dise\u00f1o del D\u00eda de los Muertos de tem\u00e1tica cyberpunk. Reverso: personaje de calavera futurista que combina la imaginer\u00eda tradicional del D\u00eda de los Muertos con la est\u00e9tica cyberpunk, incluyendo colores ne\u00f3n, elementos tecnol\u00f3gicos y un estilo urbano moderno, manteniendo el maquillaje cultural de la calavera y los motivos florales. Anverso: escudo de armas de M\u00e9xico con la inscripci\u00f3n \u00abEstados Unidos Mexicanos\u00bb. Las inscripciones incluyen \u00ab1 Onza Plata Pura\u00bb, el a\u00f1o 2024 y \u00abLey .999\u00bb. Fusi\u00f3n innovadora que combina la antigua tradici\u00f3n mexicana con el g\u00e9nero cyberpunk futurista, celebrando el recuerdo ancestral con una visi\u00f3n art\u00edstica contempor\u00e1nea. Limitada a 300 piezas en todo el mundo, presentada en un estuche expositor Quadrum con Certificado de Autenticidad.     <\/span><\/div>\n<\/div>\n<\/div>\n","protected":false},"featured_media":3836,"template":"","meta":{"_bst_post_transparent":"default","_bst_post_title":"","_bst_post_layout":"default","_bst_post_sidebar_id":"","_bst_post_content_style":"default","_bst_post_vertical_padding":"default","_bst_post_feature":"","_bst_post_feature_position":"","_bst_post_header":false,"_bst_post_footer":false},"product_brand":[],"product_cat":[145,141],"product_tag":[211,213,146],"class_list":{"0":"post-3835","1":"product","2":"type-product","3":"status-publish","4":"has-post-thumbnail","6":"product_cat-coleccionables-plata","7":"product_cat-plata","8":"product_tag-coleccionable","9":"product_tag-dia-de-los-muertos","10":"product_tag-mexico","12":"first","13":"instock","14":"featured","15":"taxable","16":"shipping-taxable","17":"purchasable","18":"product-type-simple","19":"entry","20":"content-bg","21":"loop-entry"},"_links":{"self":[{"href":"https:\/\/notrevoute.com\/es\/wp-json\/wp\/v2\/product\/3835","targetHints":{"allow":["GET"]}}],"collection":[{"href":"https:\/\/notrevoute.com\/es\/wp-json\/wp\/v2\/product"}],"about":[{"href":"https:\/\/notrevoute.com\/es\/wp-json\/wp\/v2\/types\/product"}],"wp:featuredmedia":[{"embeddable":true,"href":"https:\/\/notrevoute.com\/es\/wp-json\/wp\/v2\/media\/3836"}],"wp:attachment":[{"href":"https:\/\/notrevoute.com\/es\/wp-json\/wp\/v2\/media?parent=3835"}],"wp:term":[{"taxonomy":"product_brand","embeddable":true,"href":"https:\/\/notrevoute.com\/es\/wp-json\/wp\/v2\/product_brand?post=3835"},{"taxonomy":"product_cat","embeddable":true,"href":"https:\/\/notrevoute.com\/es\/wp-json\/wp\/v2\/product_cat?post=3835"},{"taxonomy":"product_tag","embeddable":true,"href":"https:\/\/notrevoute.com\/es\/wp-json\/wp\/v2\/product_tag?post=3835"}],"curies":[{"name":"wp","href":"https:\/\/api.w.org\/{rel}","templated":true}]}}