{"id":3906,"date":"2026-02-11T10:31:30","date_gmt":"2026-02-11T10:31:30","guid":{"rendered":"https:\/\/staging.notrevoute.com\/product\/guitarrista-manana-dia-de-los-muertos-2024-moneda-de-plata-de-1-oz-mexico-coloreada\/"},"modified":"2026-04-01T19:02:33","modified_gmt":"2026-04-01T19:02:33","slug":"guitarrista-manana-dia-de-los-muertos-2024-moneda-de-plata-de-1-oz-mexico-coloreada","status":"publish","type":"product","link":"https:\/\/notrevoute.com\/es\/tienda\/plata\/guitarrista-manana-dia-de-los-muertos-2024-moneda-de-plata-de-1-oz-mexico-coloreada\/","title":{"rendered":"Guitarrista &#8211; Ma\u00f1ana D\u00eda de los Muertos 2024 Moneda de plata de 1 oz M\u00e9xico coloreada"},"content":{"rendered":"<table class=\"bordered\" style=\"font-family: var(--global-body-font-family);\">\n<tbody>\n<tr>\n<th colspan=\"2\">DETALLES T\u00c9CNICOS<\/th>\n<\/tr>\n<tr>\n<td style=\"width: 150px;\"><strong>Pa\u00eds<\/strong><\/td>\n<td>M\u00e9xico<\/td>\n<\/tr>\n<tr>\n<td style=\"width: 150px;\"><strong>A\u00f1o<\/strong><\/td>\n<td>2024<\/td>\n<\/tr>\n<tr>\n<td style=\"width: 150px;\"><strong>Valor Facial<br \/>\n<\/strong><\/td>\n<td>N\/A<\/td>\n<\/tr>\n<tr>\n<td style=\"width: 150px;\"><strong>Metal<\/strong><\/td>\n<td>Plata<\/td>\n<\/tr>\n<tr>\n<td style=\"width: 150px;\"><strong>Pureza<\/strong><\/td>\n<td>.999<\/td>\n<\/tr>\n<tr>\n<td style=\"width: 150px;\"><strong>Peso (g)<\/strong><\/td>\n<td>31,10 (1 oz)<\/td>\n<\/tr>\n<tr>\n<td style=\"width: 150px;\"><strong>Calidad<\/strong><\/td>\n<td>BU<\/td>\n<\/tr>\n<tr>\n<td style=\"width: 150px;\"><strong>Tirada (uds.)<\/strong><\/td>\n<td>250 uds.<\/td>\n<\/tr>\n<tr>\n<td style=\"width: 150px;\"><strong>Certificado (COA)<\/strong><\/td>\n<td>S\u00ed<\/td>\n<\/tr>\n<tr>\n<td style=\"width: 150px;\"><strong>Presentaci\u00f3n (caja)<\/strong><\/td>\n<td>S\u00ed<\/td>\n<\/tr>\n<\/tbody>\n<\/table>\n","protected":false},"excerpt":{"rendered":"<div id=\"product-description-short-11868\" class=\"rte-content product-description\">\n<div id=\"short_description_block\">\n<div id=\"short_description_content\" class=\"rte align_justify\"><span data-sheets-root=\"1\">Base de Libertad mexicana de 1 oz de plata 0,999 con ba\u00f1o de rutenio negro y coloraci\u00f3n selectiva. Reverso: guitarrista de tem\u00e1tica matutina con maquillaje de calavera tocando la guitarra al amanecer, con pintura facial tradicional del D\u00eda de los Muertos rodeado de flores vibrantes, motivos de salida del sol y simbolismo cultural que celebra la herencia musical de M\u00e9xico y el recuerdo ancestral bajo la luz de la ma\u00f1ana. Anverso: escudo de armas de M\u00e9xico con el \u00e1guila sobre el nopal devorando a la serpiente e inscripci\u00f3n \u00abEstados Unidos Mexicanos\u00bb. Las inscripciones incluyen \u00ab1 Onza Plata Pura\u00bb, el a\u00f1o 2024 y \u00abLey 0,999\u00bb. Parte de la serie D\u00eda de los Muertos que honra a los difuntos a trav\u00e9s de la m\u00fasica y la celebraci\u00f3n del alba. Tirada limitada, presentada en estuche con Certificado de Autenticidad y n\u00famero \u00fanico.     <\/span><\/div>\n<\/div>\n<\/div>\n","protected":false},"featured_media":3907,"template":"","meta":{"_bst_post_transparent":"default","_bst_post_title":"","_bst_post_layout":"default","_bst_post_sidebar_id":"","_bst_post_content_style":"default","_bst_post_vertical_padding":"default","_bst_post_feature":"","_bst_post_feature_position":"","_bst_post_header":false,"_bst_post_footer":false},"product_brand":[],"product_cat":[145,141],"product_tag":[211,213,146],"class_list":{"0":"post-3906","1":"product","2":"type-product","3":"status-publish","4":"has-post-thumbnail","6":"product_cat-coleccionables-plata","7":"product_cat-plata","8":"product_tag-coleccionable","9":"product_tag-dia-de-los-muertos","10":"product_tag-mexico","12":"first","13":"instock","14":"featured","15":"taxable","16":"shipping-taxable","17":"purchasable","18":"product-type-simple","19":"entry","20":"content-bg","21":"loop-entry"},"_links":{"self":[{"href":"https:\/\/notrevoute.com\/es\/wp-json\/wp\/v2\/product\/3906","targetHints":{"allow":["GET"]}}],"collection":[{"href":"https:\/\/notrevoute.com\/es\/wp-json\/wp\/v2\/product"}],"about":[{"href":"https:\/\/notrevoute.com\/es\/wp-json\/wp\/v2\/types\/product"}],"wp:featuredmedia":[{"embeddable":true,"href":"https:\/\/notrevoute.com\/es\/wp-json\/wp\/v2\/media\/3907"}],"wp:attachment":[{"href":"https:\/\/notrevoute.com\/es\/wp-json\/wp\/v2\/media?parent=3906"}],"wp:term":[{"taxonomy":"product_brand","embeddable":true,"href":"https:\/\/notrevoute.com\/es\/wp-json\/wp\/v2\/product_brand?post=3906"},{"taxonomy":"product_cat","embeddable":true,"href":"https:\/\/notrevoute.com\/es\/wp-json\/wp\/v2\/product_cat?post=3906"},{"taxonomy":"product_tag","embeddable":true,"href":"https:\/\/notrevoute.com\/es\/wp-json\/wp\/v2\/product_tag?post=3906"}],"curies":[{"name":"wp","href":"https:\/\/api.w.org\/{rel}","templated":true}]}}