{"id":3914,"date":"2026-02-11T11:55:47","date_gmt":"2026-02-11T11:55:47","guid":{"rendered":"https:\/\/staging.notrevoute.com\/product\/el-executor-star-wars-2025-plata-3-oz-niue-antiguo\/"},"modified":"2026-02-27T10:55:49","modified_gmt":"2026-02-27T10:55:49","slug":"el-executor-star-wars-2025-plata-3-oz-niue-antiguo","status":"publish","type":"product","link":"https:\/\/notrevoute.com\/es\/tienda\/plata\/el-executor-star-wars-2025-plata-3-oz-niue-antiguo\/","title":{"rendered":"El Executor Star Wars 2025 Plata 3 oz Niue Antiguo"},"content":{"rendered":"<table class=\"bordered\" style=\"font-family: var(--global-body-font-family);\">\n<tbody>\n<tr>\n<th colspan=\"2\">DETALLES T\u00c9CNICOS<\/th>\n<\/tr>\n<tr>\n<td style=\"width: 150px;\"><strong>Pa\u00eds<\/strong><\/td>\n<td>Niue<\/td>\n<\/tr>\n<tr>\n<td style=\"width: 150px;\"><strong>A\u00f1o<\/strong><\/td>\n<td>2025<\/td>\n<\/tr>\n<tr>\n<td style=\"width: 150px;\"><strong>Valor nominal<br \/>\n<\/strong><\/td>\n<td>5 NZD<\/td>\n<\/tr>\n<tr>\n<td style=\"width: 150px;\"><strong>Metal<\/strong><\/td>\n<td>Plata<\/td>\n<\/tr>\n<tr>\n<td style=\"width: 150px;\"><strong>Pureza<\/strong><\/td>\n<td>.999<\/td>\n<\/tr>\n<tr>\n<td style=\"width: 150px;\"><strong>Peso (g)<\/strong><\/td>\n<td>93,3 (3 oz)<\/td>\n<\/tr>\n<tr>\n<td style=\"width: 150px;\"><strong>Calidad<\/strong><\/td>\n<td>Antique<\/td>\n<\/tr>\n<tr>\n<td style=\"width: 150px;\"><strong>Tirada (uds.)<\/strong><\/td>\n<td>1.000 uds.<\/td>\n<\/tr>\n<tr>\n<td style=\"width: 150px;\"><strong>Certificado (COA)<\/strong><\/td>\n<td>S\u00ed<\/td>\n<\/tr>\n<tr>\n<td style=\"width: 150px;\"><strong>Presentaci\u00f3n (caja)<\/strong><\/td>\n<td>S\u00ed<\/td>\n<\/tr>\n<\/tbody>\n<\/table>\n","protected":false},"excerpt":{"rendered":"<div id=\"product-description-short-11868\" class=\"rte-content product-description\">\n<div id=\"short_description_block\">\n<div id=\"short_description_content\" class=\"rte align_justify\"><span data-sheets-root=\"1\">Moneda con forma de plata .999 de 3 oz con acabado antiguo, en condici\u00f3n brillante sin circular. Anverso: Sello P\u00fablico de Niue con flora nativa rodeado de conchas marinas y una corona soberana, a\u00f1o 2025 y valor facial de 5 $. Reverso: grabado meticulosamente detallado que replica el distintivo dise\u00f1o en forma de daga del Destructor Estelar S\u00faper Executor con detalles de superficie, blindaje, torretas y estructuras mec\u00e1nicas. Con licencia de Lucasfilm y acu\u00f1ada por New Zealand Mint para Niue. El buque insignia personal de Darth Vader, de 19 kil\u00f3metros de largo y con m\u00e1s de 280.000 tripulantes, apareci\u00f3 por primera vez en El Imperio Contraataca. El acabado antiguo aplicado a mano crea una apariencia desgastada y curtida por la batalla. Limitado a 1.000 unidades en todo el mundo, presentado en un estuche de exhibici\u00f3n con la marca Star Wars, Certificado de Autenticidad y n\u00famero \u00fanico.      <\/span><\/div>\n<\/div>\n<\/div>\n","protected":false},"featured_media":3915,"template":"","meta":{"_bst_post_transparent":"","_bst_post_title":"","_bst_post_layout":"","_bst_post_sidebar_id":"","_bst_post_content_style":"","_bst_post_vertical_padding":"","_bst_post_feature":"","_bst_post_feature_position":"","_bst_post_header":false,"_bst_post_footer":false},"product_brand":[],"product_cat":[178,141],"product_tag":[214],"class_list":{"0":"post-3914","1":"product","2":"type-product","3":"status-publish","4":"has-post-thumbnail","6":"product_cat-objetos-plata","7":"product_cat-plata","8":"product_tag-star-wars","10":"first","11":"outofstock","12":"featured","13":"taxable","14":"shipping-taxable","15":"purchasable","16":"product-type-simple","17":"entry","18":"content-bg","19":"loop-entry"},"_links":{"self":[{"href":"https:\/\/notrevoute.com\/es\/wp-json\/wp\/v2\/product\/3914","targetHints":{"allow":["GET"]}}],"collection":[{"href":"https:\/\/notrevoute.com\/es\/wp-json\/wp\/v2\/product"}],"about":[{"href":"https:\/\/notrevoute.com\/es\/wp-json\/wp\/v2\/types\/product"}],"wp:featuredmedia":[{"embeddable":true,"href":"https:\/\/notrevoute.com\/es\/wp-json\/wp\/v2\/media\/3915"}],"wp:attachment":[{"href":"https:\/\/notrevoute.com\/es\/wp-json\/wp\/v2\/media?parent=3914"}],"wp:term":[{"taxonomy":"product_brand","embeddable":true,"href":"https:\/\/notrevoute.com\/es\/wp-json\/wp\/v2\/product_brand?post=3914"},{"taxonomy":"product_cat","embeddable":true,"href":"https:\/\/notrevoute.com\/es\/wp-json\/wp\/v2\/product_cat?post=3914"},{"taxonomy":"product_tag","embeddable":true,"href":"https:\/\/notrevoute.com\/es\/wp-json\/wp\/v2\/product_tag?post=3914"}],"curies":[{"name":"wp","href":"https:\/\/api.w.org\/{rel}","templated":true}]}}