{"id":3916,"date":"2026-02-11T12:13:34","date_gmt":"2026-02-11T12:13:34","guid":{"rendered":"https:\/\/staging.notrevoute.com\/product\/star-wars-la-trilogia-original-monedas-de-intercambio-mint-2025-set-de-monedas-de-plata-2-oz-coleccionable-de-niue\/"},"modified":"2026-02-27T10:55:49","modified_gmt":"2026-02-27T10:55:49","slug":"star-wars-la-trilogia-original-monedas-de-intercambio-mint-2025-set-de-monedas-de-plata-2-oz-coleccionable-de-niue","status":"publish","type":"product","link":"https:\/\/notrevoute.com\/es\/tienda\/plata\/star-wars-la-trilogia-original-monedas-de-intercambio-mint-2025-set-de-monedas-de-plata-2-oz-coleccionable-de-niue\/","title":{"rendered":"Star Wars &#8211; La trilog\u00eda original Monedas de intercambio Mint 2025 Set de monedas de plata 2 oz Coleccionable de Niue"},"content":{"rendered":"<table class=\"bordered\" style=\"font-family: var(--global-body-font-family);\">\n<tbody>\n<tr>\n<th colspan=\"2\">DETALLES T\u00c9CNICOS<\/th>\n<\/tr>\n<tr>\n<td style=\"width: 150px;\"><strong>Pa\u00eds<\/strong><\/td>\n<td>Niue<\/td>\n<\/tr>\n<tr>\n<td style=\"width: 150px;\"><strong>A\u00f1o<\/strong><\/td>\n<td>2025<\/td>\n<\/tr>\n<tr>\n<td style=\"width: 150px;\"><strong>Valor Facial<br \/>\n<\/strong><\/td>\n<td>N\/A<\/td>\n<\/tr>\n<tr>\n<td style=\"width: 150px;\"><strong>Metal<\/strong><\/td>\n<td>Varios<\/td>\n<\/tr>\n<tr>\n<td style=\"width: 150px;\"><strong>Pureza<\/strong><\/td>\n<td>.999<\/td>\n<\/tr>\n<tr>\n<td style=\"width: 150px;\"><strong>Peso (g)<\/strong><\/td>\n<td>Varios<\/td>\n<\/tr>\n<tr>\n<td style=\"width: 150px;\"><strong>Calidad<\/strong><\/td>\n<td>Varios<\/td>\n<\/tr>\n<tr>\n<td style=\"width: 150px;\"><strong>Tirada (uds.)<\/strong><\/td>\n<td>2005 sets<\/td>\n<\/tr>\n<tr>\n<td style=\"width: 150px;\"><strong>Certificado (COA)<\/strong><\/td>\n<td>S\u00ed<\/td>\n<\/tr>\n<tr>\n<td style=\"width: 150px;\"><strong>Presentaci\u00f3n (caja)<\/strong><\/td>\n<td>S\u00ed<\/td>\n<\/tr>\n<\/tbody>\n<\/table>\n","protected":false},"excerpt":{"rendered":"<div id=\"product-description-short-11868\" class=\"rte-content product-description\">\n<div id=\"short_description_block\">\n<div id=\"short_description_content\" class=\"rte align_justify\">La caja misteriosa precintada contiene 2 monedas aleatorias (2 oz en total) de entre 51 dise\u00f1os que celebran personajes, naves y momentos ic\u00f3nicos de la trilog\u00eda original. La mayor\u00eda de los sets incluyen dos monedas de plata .999 de 1 oz con acabado proof coloreado; 20 sets ultrarraros contienen una moneda de plata m\u00e1s una Estrella de la Muerte de oro .9999 de 1\/4 oz. Seis niveles de tirada con tem\u00e1tica de gemas: Esmeralda (500), Topacio (300), Rub\u00ed (100), Zafiro (60), Amatista (40, dorada), \u00d3nix (20, oro). La pieza m\u00e1s codiciada: una \u00fanica Estrella de la Muerte II de oro de 1 oz \u00abGolden Agoro\u00bb. Con licencia de Lucasfilm, acu\u00f1ada por New Zealand Mint para Niue con el Sello P\u00fablico en el anverso. La cinta antimanipulaci\u00f3n asegura las monedas misteriosas en una caja Star Wars con Certificado de Autenticidad.     <\/div>\n<\/div>\n<\/div>\n","protected":false},"featured_media":2704,"template":"","meta":{"_bst_post_transparent":"","_bst_post_title":"","_bst_post_layout":"","_bst_post_sidebar_id":"","_bst_post_content_style":"","_bst_post_vertical_padding":"","_bst_post_feature":"","_bst_post_feature_position":"","_bst_post_header":false,"_bst_post_footer":false},"product_brand":[],"product_cat":[145,141],"product_tag":[230,218,214],"class_list":{"0":"post-3916","1":"product","2":"type-product","3":"status-publish","4":"has-post-thumbnail","6":"product_cat-coleccionables-plata","7":"product_cat-plata","8":"product_tag-coleccionables-2","9":"product_tag-monedas-de-intercambio","10":"product_tag-star-wars","12":"first","13":"outofstock","14":"featured","15":"taxable","16":"shipping-taxable","17":"purchasable","18":"product-type-simple","19":"entry","20":"content-bg","21":"loop-entry"},"_links":{"self":[{"href":"https:\/\/notrevoute.com\/es\/wp-json\/wp\/v2\/product\/3916","targetHints":{"allow":["GET"]}}],"collection":[{"href":"https:\/\/notrevoute.com\/es\/wp-json\/wp\/v2\/product"}],"about":[{"href":"https:\/\/notrevoute.com\/es\/wp-json\/wp\/v2\/types\/product"}],"wp:featuredmedia":[{"embeddable":true,"href":"https:\/\/notrevoute.com\/es\/wp-json\/wp\/v2\/media\/2704"}],"wp:attachment":[{"href":"https:\/\/notrevoute.com\/es\/wp-json\/wp\/v2\/media?parent=3916"}],"wp:term":[{"taxonomy":"product_brand","embeddable":true,"href":"https:\/\/notrevoute.com\/es\/wp-json\/wp\/v2\/product_brand?post=3916"},{"taxonomy":"product_cat","embeddable":true,"href":"https:\/\/notrevoute.com\/es\/wp-json\/wp\/v2\/product_cat?post=3916"},{"taxonomy":"product_tag","embeddable":true,"href":"https:\/\/notrevoute.com\/es\/wp-json\/wp\/v2\/product_tag?post=3916"}],"curies":[{"name":"wp","href":"https:\/\/api.w.org\/{rel}","templated":true}]}}