{"id":3918,"date":"2026-02-10T11:12:51","date_gmt":"2026-02-10T11:12:51","guid":{"rendered":"https:\/\/staging.notrevoute.com\/product\/as-de-copas-tarot-arcanos-menores-2025-moneda-de-plata-coloreada-1-oz-niue\/"},"modified":"2026-02-10T11:12:51","modified_gmt":"2026-02-10T11:12:51","slug":"as-de-copas-tarot-arcanos-menores-2025-moneda-de-plata-coloreada-1-oz-niue","status":"publish","type":"product","link":"https:\/\/notrevoute.com\/es\/tienda\/plata\/as-de-copas-tarot-arcanos-menores-2025-moneda-de-plata-coloreada-1-oz-niue\/","title":{"rendered":"As de Copas Tarot Arcanos Menores 2025 Moneda de Plata Coloreada 1 oz Niue"},"content":{"rendered":"<table class=\"bordered\" style=\"font-family: var(--global-body-font-family)\">\n<tbody>\n<tr>\n<th colspan=\"2\">DETALLES T\u00c9CNICOS<\/th>\n<\/tr>\n<tr>\n<td style=\"width: 150px\"><strong>Pa\u00eds<\/strong><\/td>\n<td>Niue<\/td>\n<\/tr>\n<tr>\n<td style=\"width: 150px\"><strong>A\u00f1o<\/strong><\/td>\n<td>2025<\/td>\n<\/tr>\n<tr>\n<td style=\"width: 150px\"><strong>Valor Facial<br \/>\n<\/strong><\/td>\n<td>2 NZD<\/td>\n<\/tr>\n<tr>\n<td style=\"width: 150px\"><strong>Metal<\/strong><\/td>\n<td>Plata<\/td>\n<\/tr>\n<tr>\n<td style=\"width: 150px\"><strong>Pureza<\/strong><\/td>\n<td>.999<\/td>\n<\/tr>\n<tr>\n<td style=\"width: 150px\"><strong>Peso (g)<\/strong><\/td>\n<td>31,10 (1 oz)<\/td>\n<\/tr>\n<tr>\n<td style=\"width: 150px\"><strong>Calidad<\/strong><\/td>\n<td>Coloreada<\/td>\n<\/tr>\n<tr>\n<td style=\"width: 150px\"><strong>Tirada (uds.)<\/strong><\/td>\n<td>1.000 uds.<\/td>\n<\/tr>\n<tr>\n<td style=\"width: 150px\"><strong>Certificado (COA)<\/strong><\/td>\n<td>S\u00ed<\/td>\n<\/tr>\n<tr>\n<td style=\"width: 150px\"><strong>Presentaci\u00f3n (caja)<\/strong><\/td>\n<td>S\u00ed<\/td>\n<\/tr>\n<\/tbody>\n<\/table>\n","protected":false},"excerpt":{"rendered":"<div id=\"product-description-short-11868\" class=\"rte-content product-description\">\n<div id=\"short_description_block\">\n<div id=\"short_description_content\" class=\"rte align_justify\"><span data-sheets-root=\"1\">Moneda de plata de 1 oz .999, acabado proof con coloraci\u00f3n vibrante y grabado esmerilado. Anverso: Sello P\u00fablico de Niue con las inscripciones \u00abTwo Dollars\u00bb, \u00ab1 OZ 999 Pure Silver\u00bb y el a\u00f1o 2025. Reverso: representaci\u00f3n radiante del As de Copas mostrando una mano emergiendo de las nubes, elevando un c\u00e1liz dorado rebosante de cinco chorros de agua que representan la vida, la emoci\u00f3n y el amor, con un tri\u00e1ngulo azul en la esquina simbolizando el elemento agua. Licenciada por Niue y acu\u00f1ada por New Zealand Mint. Primera entrega de la serie Arcanos Menores del Tarot. El As de Copas representa nuevos comienzos emocionales, despertar espiritual, compasi\u00f3n y creatividad. Limitada a 1.000 unidades en todo el mundo, se presenta en un estuche de presentaci\u00f3n verde oscuro con tem\u00e1tica de tarot, con Marca de Autenticidad y n\u00famero \u00fanico.      <\/span><\/div>\n<\/div>\n<\/div>\n","protected":false},"featured_media":3919,"template":"","meta":{"_bst_post_transparent":"","_bst_post_title":"","_bst_post_layout":"","_bst_post_sidebar_id":"","_bst_post_content_style":"","_bst_post_vertical_padding":"","_bst_post_feature":"","_bst_post_feature_position":"","_bst_post_header":false,"_bst_post_footer":false},"product_brand":[],"product_cat":[145,141],"product_tag":[211,231],"class_list":{"0":"post-3918","1":"product","2":"type-product","3":"status-publish","4":"has-post-thumbnail","6":"product_cat-coleccionables-plata","7":"product_cat-plata","8":"product_tag-coleccionable","9":"product_tag-tarot","11":"first","12":"instock","13":"featured","14":"taxable","15":"shipping-taxable","16":"purchasable","17":"product-type-simple","18":"entry","19":"content-bg","20":"loop-entry"},"_links":{"self":[{"href":"https:\/\/notrevoute.com\/es\/wp-json\/wp\/v2\/product\/3918","targetHints":{"allow":["GET"]}}],"collection":[{"href":"https:\/\/notrevoute.com\/es\/wp-json\/wp\/v2\/product"}],"about":[{"href":"https:\/\/notrevoute.com\/es\/wp-json\/wp\/v2\/types\/product"}],"wp:featuredmedia":[{"embeddable":true,"href":"https:\/\/notrevoute.com\/es\/wp-json\/wp\/v2\/media\/3919"}],"wp:attachment":[{"href":"https:\/\/notrevoute.com\/es\/wp-json\/wp\/v2\/media?parent=3918"}],"wp:term":[{"taxonomy":"product_brand","embeddable":true,"href":"https:\/\/notrevoute.com\/es\/wp-json\/wp\/v2\/product_brand?post=3918"},{"taxonomy":"product_cat","embeddable":true,"href":"https:\/\/notrevoute.com\/es\/wp-json\/wp\/v2\/product_cat?post=3918"},{"taxonomy":"product_tag","embeddable":true,"href":"https:\/\/notrevoute.com\/es\/wp-json\/wp\/v2\/product_tag?post=3918"}],"curies":[{"name":"wp","href":"https:\/\/api.w.org\/{rel}","templated":true}]}}