{"id":3938,"date":"2026-02-10T09:57:28","date_gmt":"2026-02-10T09:57:28","guid":{"rendered":"https:\/\/staging.notrevoute.com\/product\/calendario-azteca-de-cobre-de-1-oz\/"},"modified":"2026-05-01T13:35:58","modified_gmt":"2026-05-01T13:35:58","slug":"moneda-calendario-azteca-cobre-1-oz-avdp","status":"publish","type":"product","link":"https:\/\/notrevoute.com\/es\/tienda\/monedas-cobre\/moneda-calendario-azteca-cobre-1-oz-avdp\/","title":{"rendered":"Moneda Calendario Azteca Cobre 1 oz AVDP"},"content":{"rendered":"<table class=\"bordered\" style=\"font-family: var(--global-body-font-family);\">\n<tbody>\n<tr>\n<th colspan=\"2\">DETALLES T\u00c9CNICOS<\/th>\n<\/tr>\n<tr>\n<td style=\"width: 150px;\"><strong>Metal<\/strong><\/td>\n<td>Cobre<\/td>\n<\/tr>\n<tr>\n<td style=\"width: 150px;\"><strong>Pureza<\/strong><\/td>\n<td>.999<\/td>\n<\/tr>\n<tr>\n<td style=\"width: 150px;\"><strong>Weight (g)<\/strong><\/td>\n<td>28,35 (1oz AVDP)<\/td>\n<\/tr>\n<tr>\n<td style=\"width: 150px;\"><strong>Calidad<\/strong><\/td>\n<td>BU<\/td>\n<\/tr>\n<tr>\n<td style=\"width: 150px;\"><strong>Certificado (COA)<\/strong><\/td>\n<td>No<\/td>\n<\/tr>\n<tr>\n<td style=\"width: 150px;\"><strong>Presentaci\u00f3n (caja)<\/strong><\/td>\n<td>No<\/td>\n<\/tr>\n<\/tbody>\n<\/table>\n","protected":false},"excerpt":{"rendered":"<div id=\"product-description-short-11868\" class=\"rte-content product-description\">\n<div id=\"short_description_block\">\n<div id=\"short_description_content\" class=\"rte align_justify\"><span data-sheets-root=\"1\">Esta ronda de cobre fino 0,999 de 1 oz presenta el intrincado dise\u00f1o de la piedra del Calendario azteca en el anverso, que representa el sofisticado sistema de ciclos de 52 a\u00f1os y 365 d\u00edas con 18 ciclos de veinte d\u00edas alineados con una rotaci\u00f3n de 260 d\u00edas. El reverso muestra un retrato de Cuauht\u00e9moc, el \u00faltimo emperador azteca que gobern\u00f3 de 1520 a 1521 durante la ca\u00edda de Tenochtitl\u00e1n. El Calendario azteca asignaba identificaciones \u00fanicas de nombre y n\u00famero a cada a\u00f1o y d\u00eda, junto con deidades gobernantes para cada periodo, lo que representa un conocimiento avanzado de la astronom\u00eda, las matem\u00e1ticas y la espiritualidad. <\/span><\/div>\n<\/div>\n<\/div>\n","protected":false},"featured_media":3939,"template":"","meta":{"_bst_post_transparent":"default","_bst_post_title":"","_bst_post_layout":"default","_bst_post_sidebar_id":"","_bst_post_content_style":"default","_bst_post_vertical_padding":"default","_bst_post_feature":"","_bst_post_feature_position":"","_bst_post_header":false,"_bst_post_footer":false},"product_brand":[],"product_cat":[173,175],"product_tag":[212],"class_list":{"0":"post-3938","1":"product","2":"type-product","3":"status-publish","4":"has-post-thumbnail","6":"product_cat-cobre","7":"product_cat-monedas-cobre","8":"product_tag-cobre","10":"first","11":"outofstock","12":"featured","13":"taxable","14":"shipping-taxable","15":"purchasable","16":"product-type-simple","17":"entry","18":"content-bg","19":"loop-entry"},"_links":{"self":[{"href":"https:\/\/notrevoute.com\/es\/wp-json\/wp\/v2\/product\/3938","targetHints":{"allow":["GET"]}}],"collection":[{"href":"https:\/\/notrevoute.com\/es\/wp-json\/wp\/v2\/product"}],"about":[{"href":"https:\/\/notrevoute.com\/es\/wp-json\/wp\/v2\/types\/product"}],"wp:featuredmedia":[{"embeddable":true,"href":"https:\/\/notrevoute.com\/es\/wp-json\/wp\/v2\/media\/3939"}],"wp:attachment":[{"href":"https:\/\/notrevoute.com\/es\/wp-json\/wp\/v2\/media?parent=3938"}],"wp:term":[{"taxonomy":"product_brand","embeddable":true,"href":"https:\/\/notrevoute.com\/es\/wp-json\/wp\/v2\/product_brand?post=3938"},{"taxonomy":"product_cat","embeddable":true,"href":"https:\/\/notrevoute.com\/es\/wp-json\/wp\/v2\/product_cat?post=3938"},{"taxonomy":"product_tag","embeddable":true,"href":"https:\/\/notrevoute.com\/es\/wp-json\/wp\/v2\/product_tag?post=3938"}],"curies":[{"name":"wp","href":"https:\/\/api.w.org\/{rel}","templated":true}]}}