{"id":3949,"date":"2026-02-10T11:34:38","date_gmt":"2026-02-10T11:34:38","guid":{"rendered":"https:\/\/staging.notrevoute.com\/product\/rhode-island-pirata-jolly-roger-serie-2025-moneda-de-plata-1-oz-niue-bullion\/"},"modified":"2026-03-03T20:03:21","modified_gmt":"2026-03-03T20:03:21","slug":"rhode-island-pirata-jolly-roger-serie-2025-moneda-de-plata-1-oz-niue-bullion","status":"publish","type":"product","link":"https:\/\/notrevoute.com\/es\/tienda\/monedas-plata\/rhode-island-pirata-jolly-roger-serie-2025-moneda-de-plata-1-oz-niue-bullion\/","title":{"rendered":"Rhode Island Pirata Jolly Roger Serie 2025 Moneda de Plata 1 oz Niue Bullion"},"content":{"rendered":"<table class=\"bordered\" style=\"font-family: var(--global-body-font-family);\">\n<tbody>\n<tr>\n<th colspan=\"2\">DETALLES T\u00c9CNICOS<\/th>\n<\/tr>\n<tr>\n<td style=\"width: 150px;\"><strong>Pa\u00eds<\/strong><\/td>\n<td>Niue<\/td>\n<\/tr>\n<tr>\n<td style=\"width: 150px;\"><strong>A\u00f1o<\/strong><\/td>\n<td>2025<\/td>\n<\/tr>\n<tr>\n<td style=\"width: 150px;\"><strong>Valor nominal<br \/>\n<\/strong><\/td>\n<td>5 NZD<\/td>\n<\/tr>\n<tr>\n<td style=\"width: 150px;\"><strong>Metal<\/strong><\/td>\n<td>Plata<\/td>\n<\/tr>\n<tr>\n<td style=\"width: 150px;\"><strong>Pureza<\/strong><\/td>\n<td>.999<\/td>\n<\/tr>\n<tr>\n<td style=\"width: 150px;\"><strong>Peso (g)<\/strong><\/td>\n<td>31,10 (1 oz)<\/td>\n<\/tr>\n<tr>\n<td style=\"width: 150px;\"><strong>Calidad<\/strong><\/td>\n<td>BU<\/td>\n<\/tr>\n<tr>\n<td style=\"width: 150px;\"><strong>Certificado (COA)<\/strong><\/td>\n<td>No<\/td>\n<\/tr>\n<tr>\n<td style=\"width: 150px;\"><strong>Presentaci\u00f3n (caja)<\/strong><\/td>\n<td>No<\/td>\n<\/tr>\n<\/tbody>\n<\/table>\n","protected":false},"excerpt":{"rendered":"<p><span data-sheets-root=\"1\">Moneda de plata de 1 oz .9999 con coloraci\u00f3n vibrante que presenta el tema Sunday de la serie Happy Easter. Anverso: efigie de Su Majestad el Rey Carlos III por Steven Rosati con inscripciones y valor facial de 5 $. Reverso: dise\u00f1o colorido con tem\u00e1tica de Pascua que representa el personaje Sunday con motivos primaverales y detalles festivos. Licenciado por Canad\u00e1. S\u00e9ptima y \u00faltima emisi\u00f3n de la serie de siete d\u00edas Happy Easter creada por Asturmint que muestra cada d\u00eda de la semana con un tema distintivo de celebraci\u00f3n de Pascua. Cada d\u00eda representa un personaje y dise\u00f1o \u00fanicos que celebran el esp\u00edritu pascual y la alegr\u00eda primaveral. Limitada a solo 100 piezas en todo el mundo, presentada en estuche cuadrum con Certificado de Autenticidad y n\u00famero \u00fanico. Completa esta serie altamente coleccionable.       <\/span><\/p>\n","protected":false},"featured_media":3950,"template":"","meta":{"_bst_post_transparent":"default","_bst_post_title":"","_bst_post_layout":"default","_bst_post_sidebar_id":"","_bst_post_content_style":"default","_bst_post_vertical_padding":"default","_bst_post_feature":"","_bst_post_feature_position":"","_bst_post_header":false,"_bst_post_footer":false},"product_brand":[],"product_cat":[142,141],"product_tag":[225],"class_list":{"0":"post-3949","1":"product","2":"type-product","3":"status-publish","4":"has-post-thumbnail","6":"product_cat-monedas-plata","7":"product_cat-plata","8":"product_tag-bullion","10":"first","11":"instock","12":"featured","13":"taxable","14":"shipping-taxable","15":"purchasable","16":"product-type-simple","17":"entry","18":"content-bg","19":"loop-entry"},"_links":{"self":[{"href":"https:\/\/notrevoute.com\/es\/wp-json\/wp\/v2\/product\/3949","targetHints":{"allow":["GET"]}}],"collection":[{"href":"https:\/\/notrevoute.com\/es\/wp-json\/wp\/v2\/product"}],"about":[{"href":"https:\/\/notrevoute.com\/es\/wp-json\/wp\/v2\/types\/product"}],"wp:featuredmedia":[{"embeddable":true,"href":"https:\/\/notrevoute.com\/es\/wp-json\/wp\/v2\/media\/3950"}],"wp:attachment":[{"href":"https:\/\/notrevoute.com\/es\/wp-json\/wp\/v2\/media?parent=3949"}],"wp:term":[{"taxonomy":"product_brand","embeddable":true,"href":"https:\/\/notrevoute.com\/es\/wp-json\/wp\/v2\/product_brand?post=3949"},{"taxonomy":"product_cat","embeddable":true,"href":"https:\/\/notrevoute.com\/es\/wp-json\/wp\/v2\/product_cat?post=3949"},{"taxonomy":"product_tag","embeddable":true,"href":"https:\/\/notrevoute.com\/es\/wp-json\/wp\/v2\/product_tag?post=3949"}],"curies":[{"name":"wp","href":"https:\/\/api.w.org\/{rel}","templated":true}]}}