{"id":3952,"date":"2026-02-10T11:25:27","date_gmt":"2026-02-10T11:25:27","guid":{"rendered":"https:\/\/staging.notrevoute.com\/product\/american-eagle-2025-titanio-1-oz-ee-uu\/"},"modified":"2026-05-01T13:35:58","modified_gmt":"2026-05-01T13:35:58","slug":"medallon-de-titanio-american-eagle-2025-1-oz","status":"publish","type":"product","link":"https:\/\/notrevoute.com\/es\/tienda\/monedas-titanio\/medallon-de-titanio-american-eagle-2025-1-oz\/","title":{"rendered":"Medall\u00f3n de Titanio American Eagle 2025 1 oz"},"content":{"rendered":"<table class=\"bordered\" style=\"font-family: var(--global-body-font-family);\">\n<tbody>\n<tr>\n<th colspan=\"2\">DETALLES T\u00c9CNICOS<\/th>\n<\/tr>\n<tr>\n<td style=\"width: 150px;\"><strong>Pa\u00eds<\/strong><\/td>\n<td>EE. UU.<\/td>\n<\/tr>\n<tr>\n<td style=\"width: 150px;\"><strong>A\u00f1o<\/strong><\/td>\n<td>2025<\/td>\n<\/tr>\n<tr>\n<td style=\"width: 150px;\"><strong>Valor Facial<br \/>\n<\/strong><\/td>\n<td>N\/A<\/td>\n<\/tr>\n<tr>\n<td style=\"width: 150px;\"><strong>Metal<\/strong><\/td>\n<td>Titanio<\/td>\n<\/tr>\n<tr>\n<td style=\"width: 150px;\"><strong>Pureza<\/strong><\/td>\n<td>.999<\/td>\n<\/tr>\n<tr>\n<td style=\"width: 150px;\"><strong>Peso (g)<\/strong><\/td>\n<td>31,10 (1 oz)<\/td>\n<\/tr>\n<tr>\n<td style=\"width: 150px;\"><strong>Calidad<\/strong><\/td>\n<td>BU<\/td>\n<\/tr>\n<tr>\n<td style=\"width: 150px;\"><strong>Acu\u00f1aci\u00f3n (uds.)<\/strong><\/td>\n<td>N\/A<\/td>\n<\/tr>\n<tr>\n<td style=\"width: 150px;\"><strong>Certificado (COA)<\/strong><\/td>\n<td>No<\/td>\n<\/tr>\n<tr>\n<td style=\"width: 150px;\"><strong>Presentaci\u00f3n (caja)<\/strong><\/td>\n<td>No<\/td>\n<\/tr>\n<\/tbody>\n<\/table>\n","protected":false},"excerpt":{"rendered":"<div id=\"product-description-short-11868\" class=\"rte-content product-description\">\n<div id=\"short_description_block\">\n<div id=\"short_description_content\" class=\"rte align_justify\"><span data-sheets-root=\"1\">Redondo de titanio de 1 oz .999 con el dise\u00f1o American Eagle Liberty. Anverso: dise\u00f1o Walking Liberty que muestra a la Dama Libertad envuelta en la bandera estadounidense, sosteniendo ramas de laurel junto al sol naciente. Reverso: dise\u00f1o de majestuosa \u00e1guila calva. No producido por la Casa de la Moneda de EE. UU. El titanio presenta propiedades excepcionales, incluyendo una notable relaci\u00f3n resistencia-peso, una resistencia superior a la corrosi\u00f3n y biocompatibilidad. Este metal tiene una gran demanda en las industrias aeroespacial, automotriz, de dispositivos m\u00e9dicos y de defensa debido a sus caracter\u00edsticas de durabilidad y rendimiento. Los precios del titanio casi se han duplicado en los \u00faltimos 15 a\u00f1os. Metal estrat\u00e9gico para la diversificaci\u00f3n de carteras m\u00e1s all\u00e1 de los metales preciosos tradicionales. <\/span><\/div>\n<\/div>\n<\/div>\n","protected":false},"featured_media":2650,"template":"","meta":{"_bst_post_transparent":"default","_bst_post_title":"","_bst_post_layout":"default","_bst_post_sidebar_id":"","_bst_post_content_style":"default","_bst_post_vertical_padding":"default","_bst_post_feature":"","_bst_post_feature_position":"","_bst_post_header":false,"_bst_post_footer":false},"product_brand":[],"product_cat":[181,179],"product_tag":[232],"class_list":{"0":"post-3952","1":"product","2":"type-product","3":"status-publish","4":"has-post-thumbnail","6":"product_cat-monedas-titanio","7":"product_cat-titanio","8":"product_tag-titanio","10":"first","11":"instock","12":"featured","13":"taxable","14":"shipping-taxable","15":"purchasable","16":"product-type-simple","17":"entry","18":"content-bg","19":"loop-entry"},"_links":{"self":[{"href":"https:\/\/notrevoute.com\/es\/wp-json\/wp\/v2\/product\/3952","targetHints":{"allow":["GET"]}}],"collection":[{"href":"https:\/\/notrevoute.com\/es\/wp-json\/wp\/v2\/product"}],"about":[{"href":"https:\/\/notrevoute.com\/es\/wp-json\/wp\/v2\/types\/product"}],"wp:featuredmedia":[{"embeddable":true,"href":"https:\/\/notrevoute.com\/es\/wp-json\/wp\/v2\/media\/2650"}],"wp:attachment":[{"href":"https:\/\/notrevoute.com\/es\/wp-json\/wp\/v2\/media?parent=3952"}],"wp:term":[{"taxonomy":"product_brand","embeddable":true,"href":"https:\/\/notrevoute.com\/es\/wp-json\/wp\/v2\/product_brand?post=3952"},{"taxonomy":"product_cat","embeddable":true,"href":"https:\/\/notrevoute.com\/es\/wp-json\/wp\/v2\/product_cat?post=3952"},{"taxonomy":"product_tag","embeddable":true,"href":"https:\/\/notrevoute.com\/es\/wp-json\/wp\/v2\/product_tag?post=3952"}],"curies":[{"name":"wp","href":"https:\/\/api.w.org\/{rel}","templated":true}]}}