{"id":3963,"date":"2026-02-12T09:12:59","date_gmt":"2026-02-12T09:12:59","guid":{"rendered":"https:\/\/staging.notrevoute.com\/product\/moneda-bullion-de-plata-bitcoin-2025-de-1-oz-de-niue\/"},"modified":"2026-03-03T19:51:46","modified_gmt":"2026-03-03T19:51:46","slug":"moneda-bullion-de-plata-bitcoin-2025-de-1-oz-de-niue","status":"publish","type":"product","link":"https:\/\/notrevoute.com\/es\/tienda\/plata\/moneda-bullion-de-plata-bitcoin-2025-de-1-oz-de-niue\/","title":{"rendered":"Moneda Bullion de Plata Bitcoin 2025 de 1 oz de Niue"},"content":{"rendered":"<table class=\"bordered\" style=\"font-family: var(--global-body-font-family);\">\n<tbody>\n<tr>\n<th colspan=\"2\">DETALLES T\u00c9CNICOS<\/th>\n<\/tr>\n<tr>\n<td style=\"width: 150px;\"><strong>Pa\u00eds<\/strong><\/td>\n<td>Niue<\/td>\n<\/tr>\n<tr>\n<td style=\"width: 150px;\"><strong>A\u00f1o<\/strong><\/td>\n<td>2025<\/td>\n<\/tr>\n<tr>\n<td style=\"width: 150px;\"><strong>Valor Facial<br \/>\n<\/strong><\/td>\n<td>2 NZD<\/td>\n<\/tr>\n<tr>\n<td style=\"width: 150px;\"><strong>Metal<\/strong><\/td>\n<td>Plata<\/td>\n<\/tr>\n<tr>\n<td style=\"width: 150px;\"><strong>Pureza<\/strong><\/td>\n<td>.999<\/td>\n<\/tr>\n<tr>\n<td style=\"width: 150px;\"><strong>Peso (g)<\/strong><\/td>\n<td>31,10 (1 oz)<\/td>\n<\/tr>\n<tr>\n<td style=\"width: 150px;\"><strong>Calidad<\/strong><\/td>\n<td>BU<\/td>\n<\/tr>\n<tr>\n<td style=\"width: 150px;\"><strong>Acu\u00f1aci\u00f3n (uds)<\/strong><\/td>\n<td>5000 uds<\/td>\n<\/tr>\n<tr>\n<td style=\"width: 150px;\"><strong>Certificado (COA)<\/strong><\/td>\n<td>No<\/td>\n<\/tr>\n<tr>\n<td style=\"width: 150px;\"><strong>Presentaci\u00f3n (caja)<\/strong><\/td>\n<td>No<\/td>\n<\/tr>\n<\/tbody>\n<\/table>\n","protected":false},"excerpt":{"rendered":"<div id=\"product-description-short-11868\" class=\"rte-content product-description\">\n<div id=\"short_description_block\">\n<div id=\"short_description_content\" class=\"rte align_justify\"><span data-sheets-root=\"1\">Moneda bullion de plata de 1 oz .999, en condici\u00f3n brillante sin circular. Anverso: Sello P\u00fablico de Niue superpuesto sobre un motivo estilo circuito que imita hardware de miner\u00eda, \u00abVires in Numeris\u00bb (fuerza en los n\u00fameros, lema de Bitcoin), peso y pureza del metal. Reverso: ic\u00f3nico s\u00edmbolo de Bitcoin (\u00abB\u00bb may\u00fascula con l\u00edneas verticales paralelas que se asemejan al s\u00edmbolo del d\u00f3lar) rodeado de patrones de circuito y notaci\u00f3n binaria. Emitida para Niue, valor facial de 2 $. Creado por el pseud\u00f3nimo Satoshi Nakamoto en 2009, Bitcoin introdujo la tecnolog\u00eda blockchain y el primer sistema de pago descentralizado.    <\/span><\/div>\n<\/div>\n<\/div>\n","protected":false},"featured_media":2724,"template":"","meta":{"_bst_post_transparent":"","_bst_post_title":"","_bst_post_layout":"","_bst_post_sidebar_id":"","_bst_post_content_style":"","_bst_post_vertical_padding":"","_bst_post_feature":"","_bst_post_feature_position":"","_bst_post_header":false,"_bst_post_footer":false},"product_brand":[],"product_cat":[142,141],"product_tag":[216,225],"class_list":{"0":"post-3963","1":"product","2":"type-product","3":"status-publish","4":"has-post-thumbnail","6":"product_cat-monedas-plata","7":"product_cat-plata","8":"product_tag-bitcoin","9":"product_tag-bullion","11":"first","12":"instock","13":"featured","14":"taxable","15":"shipping-taxable","16":"purchasable","17":"product-type-simple","18":"entry","19":"content-bg","20":"loop-entry"},"_links":{"self":[{"href":"https:\/\/notrevoute.com\/es\/wp-json\/wp\/v2\/product\/3963","targetHints":{"allow":["GET"]}}],"collection":[{"href":"https:\/\/notrevoute.com\/es\/wp-json\/wp\/v2\/product"}],"about":[{"href":"https:\/\/notrevoute.com\/es\/wp-json\/wp\/v2\/types\/product"}],"wp:featuredmedia":[{"embeddable":true,"href":"https:\/\/notrevoute.com\/es\/wp-json\/wp\/v2\/media\/2724"}],"wp:attachment":[{"href":"https:\/\/notrevoute.com\/es\/wp-json\/wp\/v2\/media?parent=3963"}],"wp:term":[{"taxonomy":"product_brand","embeddable":true,"href":"https:\/\/notrevoute.com\/es\/wp-json\/wp\/v2\/product_brand?post=3963"},{"taxonomy":"product_cat","embeddable":true,"href":"https:\/\/notrevoute.com\/es\/wp-json\/wp\/v2\/product_cat?post=3963"},{"taxonomy":"product_tag","embeddable":true,"href":"https:\/\/notrevoute.com\/es\/wp-json\/wp\/v2\/product_tag?post=3963"}],"curies":[{"name":"wp","href":"https:\/\/api.w.org\/{rel}","templated":true}]}}