{"id":3979,"date":"2026-02-11T11:21:54","date_gmt":"2026-02-11T11:21:54","guid":{"rendered":"https:\/\/staging.notrevoute.com\/product\/moneda-de-plata-frozen-bitcoin-2024-1-oz-niue-coloreada-coa-n-o-001\/"},"modified":"2026-02-11T11:21:54","modified_gmt":"2026-02-11T11:21:54","slug":"moneda-de-plata-frozen-bitcoin-2024-1-oz-niue-coloreada-coa-n-o-001","status":"publish","type":"product","link":"https:\/\/notrevoute.com\/es\/tienda\/plata\/moneda-de-plata-frozen-bitcoin-2024-1-oz-niue-coloreada-coa-n-o-001\/","title":{"rendered":"Moneda de plata Frozen Bitcoin 2024 1 oz Niue coloreada (CoA n.\u00ba 001)"},"content":{"rendered":"<table class=\"bordered\" style=\"font-family: var(--global-body-font-family);\">\n<tbody>\n<tr>\n<th colspan=\"2\">DETALLES T\u00c9CNICOS<\/th>\n<\/tr>\n<tr>\n<td style=\"width: 150px;\"><strong>Pa\u00eds<\/strong><\/td>\n<td>Niue<\/td>\n<\/tr>\n<tr>\n<td style=\"width: 150px;\"><strong>A\u00f1o<\/strong><\/td>\n<td>2024<\/td>\n<\/tr>\n<tr>\n<td style=\"width: 150px;\"><strong>Valor Facial<br \/>\n<\/strong><\/td>\n<td>2 NZD<\/td>\n<\/tr>\n<tr>\n<td style=\"width: 150px;\"><strong>Metal<\/strong><\/td>\n<td>Plata<\/td>\n<\/tr>\n<tr>\n<td style=\"width: 150px;\"><strong>Pureza<\/strong><\/td>\n<td>.999<\/td>\n<\/tr>\n<tr>\n<td style=\"width: 150px;\"><strong>Peso (g)<\/strong><\/td>\n<td>31,10 (1 oz)<\/td>\n<\/tr>\n<tr>\n<td style=\"width: 150px;\"><strong>Calidad<\/strong><\/td>\n<td>Coloreada<\/td>\n<\/tr>\n<tr>\n<td style=\"width: 150px;\"><strong>Tirada (uds.)<\/strong><\/td>\n<td>100 uds.<\/td>\n<\/tr>\n<tr>\n<td style=\"width: 150px;\"><strong>Certificado (COA)<\/strong><\/td>\n<td>S\u00ed<\/td>\n<\/tr>\n<tr>\n<td style=\"width: 150px;\"><strong>Presentaci\u00f3n (caja)<\/strong><\/td>\n<td>S\u00ed<\/td>\n<\/tr>\n<\/tbody>\n<\/table>\n","protected":false},"excerpt":{"rendered":"<div id=\"product-description-short-11868\" class=\"rte-content product-description\">\n<div id=\"short_description_block\">\n<div id=\"short_description_content\" class=\"rte align_justify\"><span data-sheets-root=\"1\">Moneda de plata de 1 oz .9999 con coloraci\u00f3n vibrante y acabado sin circular brillante. Anverso: Sello P\u00fablico de Niue con las inscripciones \u00ab2 Dollars\u00bb, \u00abNiue 2024\u00bb y el pa\u00eds emisor. Reverso: el ic\u00f3nico s\u00edmbolo de Bitcoin representado con efectos de cristales de hielo congelado, patrones de escarcha y elementos de tem\u00e1tica invernal que representan el almacenamiento en fr\u00edo y los activos congelados en el mundo de las criptomonedas. Las inscripciones incluyen \u00abVires in Numeris\u00bb (frase latina que significa \u00abla fuerza est\u00e1 en los n\u00fameros\u00bb, lema de Bitcoin), \u00abBitcoin\u00bb y \u00ab1 OZ 9999 Fine Silver\u00bb. Autorizada por Niue con valor facial de 2 $. Dise\u00f1o creativo que simboliza el almacenamiento seguro en monedero fr\u00edo y la preservaci\u00f3n de la riqueza digital. Tirada limitada, presentada en estuche expositor con Certificado de Autenticidad.      <\/span><\/div>\n<\/div>\n<\/div>\n","protected":false},"featured_media":2691,"template":"","meta":{"_bst_post_transparent":"","_bst_post_title":"","_bst_post_layout":"","_bst_post_sidebar_id":"","_bst_post_content_style":"","_bst_post_vertical_padding":"","_bst_post_feature":"","_bst_post_feature_position":"","_bst_post_header":false,"_bst_post_footer":false},"product_brand":[],"product_cat":[145,141],"product_tag":[216,211],"class_list":{"0":"post-3979","1":"product","2":"type-product","3":"status-publish","4":"has-post-thumbnail","6":"product_cat-coleccionables-plata","7":"product_cat-plata","8":"product_tag-bitcoin","9":"product_tag-coleccionable","11":"first","12":"outofstock","13":"featured","14":"taxable","15":"shipping-taxable","16":"purchasable","17":"product-type-simple","18":"entry","19":"content-bg","20":"loop-entry"},"_links":{"self":[{"href":"https:\/\/notrevoute.com\/es\/wp-json\/wp\/v2\/product\/3979","targetHints":{"allow":["GET"]}}],"collection":[{"href":"https:\/\/notrevoute.com\/es\/wp-json\/wp\/v2\/product"}],"about":[{"href":"https:\/\/notrevoute.com\/es\/wp-json\/wp\/v2\/types\/product"}],"wp:featuredmedia":[{"embeddable":true,"href":"https:\/\/notrevoute.com\/es\/wp-json\/wp\/v2\/media\/2691"}],"wp:attachment":[{"href":"https:\/\/notrevoute.com\/es\/wp-json\/wp\/v2\/media?parent=3979"}],"wp:term":[{"taxonomy":"product_brand","embeddable":true,"href":"https:\/\/notrevoute.com\/es\/wp-json\/wp\/v2\/product_brand?post=3979"},{"taxonomy":"product_cat","embeddable":true,"href":"https:\/\/notrevoute.com\/es\/wp-json\/wp\/v2\/product_cat?post=3979"},{"taxonomy":"product_tag","embeddable":true,"href":"https:\/\/notrevoute.com\/es\/wp-json\/wp\/v2\/product_tag?post=3979"}],"curies":[{"name":"wp","href":"https:\/\/api.w.org\/{rel}","templated":true}]}}