{"id":4046,"date":"2026-03-04T10:54:07","date_gmt":"2026-03-04T10:54:07","guid":{"rendered":"https:\/\/staging.notrevoute.com\/?post_type=product&#038;p=4046"},"modified":"2026-03-04T13:00:46","modified_gmt":"2026-03-04T13:00:46","slug":"lingote-de-cobre-canadian-maple-leaf-1-kg","status":"publish","type":"product","link":"https:\/\/notrevoute.com\/es\/tienda\/lingotes-cobre\/lingote-de-cobre-canadian-maple-leaf-1-kg\/","title":{"rendered":"Lingote de Cobre Canadian Maple Leaf 1 Kg"},"content":{"rendered":"<p>&nbsp;<\/p>\n<table class=\"bordered\" style=\"font-family: var(--global-body-font-family);\">\n<tbody>\n<tr>\n<th colspan=\"2\">DETALLES T\u00c9CNICOS<\/th>\n<\/tr>\n<tr>\n<td style=\"width: 150px;\"><strong>Metal<\/strong><\/td>\n<td>Cobre<\/td>\n<\/tr>\n<tr>\n<td style=\"width: 150px;\"><strong>Pureza<\/strong><\/td>\n<td>.999<\/td>\n<\/tr>\n<tr>\n<td style=\"width: 150px;\"><strong>Peso (g)<\/strong><\/td>\n<td>1 kg<\/td>\n<\/tr>\n<tr>\n<td style=\"width: 150px;\"><strong>Calidad<\/strong><\/td>\n<td>BU<\/td>\n<\/tr>\n<\/tbody>\n<\/table>\n","protected":false},"excerpt":{"rendered":"<div id=\"product-description-short-11868\" class=\"rte-content product-description\">\n<div id=\"short_description_block\">\n<div id=\"short_description_content\" class=\"rte align_justify\"><span data-sheets-root=\"1\">Lingote de cobre que contiene 1 kilogramo (32,15 onzas troy) de cobre .999 de pureza.<br \/>\nPresenta el ic\u00f3nico dise\u00f1o de la hoja de arce canadiense, emblema nacional que simboliza el patrimonio natural y la identidad de Canad\u00e1. El anverso muestra la hoja de arce con gran nivel de detalle, junto con la inscripci\u00f3n \u00abCANADA\u00bb y las marcas de pureza.<br \/>\nAcabado brillante que realza el brillo natural del cobre y su caracter\u00edstico tono rojizo. <\/span><\/div>\n<\/div>\n<\/div>\n","protected":false},"featured_media":4049,"template":"","meta":{"_bst_post_transparent":"default","_bst_post_title":"","_bst_post_layout":"default","_bst_post_sidebar_id":"","_bst_post_content_style":"default","_bst_post_vertical_padding":"default","_bst_post_feature":"","_bst_post_feature_position":"","_bst_post_header":false,"_bst_post_footer":false},"product_brand":[],"product_cat":[173,174],"product_tag":[212],"class_list":{"0":"post-4046","1":"product","2":"type-product","3":"status-publish","4":"has-post-thumbnail","6":"product_cat-cobre","7":"product_cat-lingotes-cobre","8":"product_tag-cobre","10":"first","11":"instock","12":"featured","13":"taxable","14":"shipping-taxable","15":"purchasable","16":"product-type-simple","17":"entry","18":"content-bg","19":"loop-entry"},"_links":{"self":[{"href":"https:\/\/notrevoute.com\/es\/wp-json\/wp\/v2\/product\/4046","targetHints":{"allow":["GET"]}}],"collection":[{"href":"https:\/\/notrevoute.com\/es\/wp-json\/wp\/v2\/product"}],"about":[{"href":"https:\/\/notrevoute.com\/es\/wp-json\/wp\/v2\/types\/product"}],"wp:featuredmedia":[{"embeddable":true,"href":"https:\/\/notrevoute.com\/es\/wp-json\/wp\/v2\/media\/4049"}],"wp:attachment":[{"href":"https:\/\/notrevoute.com\/es\/wp-json\/wp\/v2\/media?parent=4046"}],"wp:term":[{"taxonomy":"product_brand","embeddable":true,"href":"https:\/\/notrevoute.com\/es\/wp-json\/wp\/v2\/product_brand?post=4046"},{"taxonomy":"product_cat","embeddable":true,"href":"https:\/\/notrevoute.com\/es\/wp-json\/wp\/v2\/product_cat?post=4046"},{"taxonomy":"product_tag","embeddable":true,"href":"https:\/\/notrevoute.com\/es\/wp-json\/wp\/v2\/product_tag?post=4046"}],"curies":[{"name":"wp","href":"https:\/\/api.w.org\/{rel}","templated":true}]}}